
{"id":1757,"date":"2026-03-23T12:33:37","date_gmt":"2026-03-23T12:33:37","guid":{"rendered":"https:\/\/unison.marketing\/innovacion\/"},"modified":"2026-04-05T17:34:31","modified_gmt":"2026-04-05T17:34:31","slug":"innovacion","status":"publish","type":"page","link":"https:\/\/unison.marketing\/es\/innovacion\/","title":{"rendered":"Innovaci\u00f3n"},"content":{"rendered":"\n<div class=\"wp-block-cover\"><img loading=\"lazy\" decoding=\"async\" width=\"683\" height=\"1024\" class=\"wp-block-cover__image-background wp-image-1597\" alt=\"\" src=\"https:\/\/unison.marketing\/wp-content\/uploads\/2026\/03\/hochdynmaische-Energiefluesse-683x1024.png\" data-object-fit=\"cover\" srcset=\"https:\/\/unison.marketing\/wp-content\/uploads\/2026\/03\/hochdynmaische-Energiefluesse-683x1024.png 683w, https:\/\/unison.marketing\/wp-content\/uploads\/2026\/03\/hochdynmaische-Energiefluesse-200x300.png 200w, https:\/\/unison.marketing\/wp-content\/uploads\/2026\/03\/hochdynmaische-Energiefluesse-768x1152.png 768w, https:\/\/unison.marketing\/wp-content\/uploads\/2026\/03\/hochdynmaische-Energiefluesse-624x936.png 624w, https:\/\/unison.marketing\/wp-content\/uploads\/2026\/03\/hochdynmaische-Energiefluesse-600x900.png 600w, https:\/\/unison.marketing\/wp-content\/uploads\/2026\/03\/hochdynmaische-Energiefluesse.png 1024w\" sizes=\"auto, (max-width: 683px) 100vw, 683px\" \/><span aria-hidden=\"true\" class=\"wp-block-cover__background has-background-dim\"><\/span><div class=\"wp-block-cover__inner-container is-layout-flow wp-block-cover-is-layout-flow\">\n<p class=\"has-text-align-center has-large-font-size\"><strong>La salud no es un estado<\/strong><br\/><strong><br\/>La salud es un proceso muy din\u00e1mico<\/strong><\/p>\n<\/div><\/div>\n\n<br\/>\n\n<p>Por qu\u00e9 cambian los valores en el cuerpo &#8211;<br\/>y qu\u00e9 significa realmente.<\/p>\n\n<hr class=\"wp-block-separator has-alpha-channel-opacity\"\/>\n\n<p>La mayor\u00eda de los an\u00e1lisis adoptan una visi\u00f3n est\u00e1tica del cuerpo.<br\/>Nuestras observaciones y an\u00e1lisis pr\u00e1cticos muestran un panorama m\u00e1s amplio.<br\/><br\/>\ud83d\udc49 El cuerpo funciona din\u00e1micamente: en procesos y fases.<\/p>\n\n<hr class=\"wp-block-separator has-alpha-channel-opacity\"\/>\n\n<h2 class=\"wp-block-heading\">\u00bfPor qu\u00e9 cambian tanto los valores en el cuerpo?<\/h2>\n\n<p>En la pr\u00e1ctica, vemos fen\u00f3menos sorprendentes una y otra vez:<\/p>\n\n<ul class=\"wp-block-list\">\n<li>Los valores sangu\u00edneos cambian en 24 horas, a veces incluso masivamente<\/li>\n\n\n\n<li>Los resultados de las mediciones parecen contradictorios<\/li>\n\n\n\n<li>Las condiciones percibidas no coinciden con los valores de laboratorio<\/li>\n<\/ul>\n\n<p>Por ello, muchas personas se hacen la pregunta:<\/p>\n\n<blockquote class=\"wp-block-quote is-layout-flow wp-block-quote-is-layout-flow\">\n<p>\u00bfQu\u00e9 es realmente cierto ahora?<\/p>\n<\/blockquote>\n\n<p>Contin\u00faa:<\/p>\n<div class=\"wp-block-buttons\"><div class=\"wp-block-button\"><a href=\"https:\/\/unison.marketing\/es\/por-que-cambian-los-valores\/\" class=\"wp-block-button__link wp-element-button\">Por qu\u00e9 cambian los indicadores de salud<\/a><\/div><\/div>\n\n<br\/>\n\n<h2 class=\"wp-block-heading\">La visi\u00f3n anterior<\/h2>\n\n<p>Tradicionalmente, se supone que el cuerpo almacena los nutrientes como en un dep\u00f3sito:<\/p>\n\n<ul class=\"wp-block-list\">\n<li>mucho disponible = bueno<\/li>\n\n\n\n<li>poco disponible = deficiencia<\/li>\n<\/ul>\n\n<p>Este modelo es sencillo y \u00fatil en muchos \u00e1mbitos, pero no explica totalmente muchas observaciones realizadas en la pr\u00e1ctica.<\/p>\n\n<hr class=\"wp-block-separator has-alpha-channel-opacity\"\/>\n\n<h2 class=\"wp-block-heading\">La perspectiva m\u00e1s amplia<\/h2>\n\n<p><strong>Nuestras observaciones y an\u00e1lisis muestran:<\/strong><br\/>\ud83d\udc49 <strong>El cuerpo no funciona est\u00e1ticamente, sino din\u00e1micamente<\/strong><\/p>\n\n<p>Los nutrientes no s\u00f3lo se almacenan,<br\/>, sino que tambi\u00e9n se ponen a disposici\u00f3n y se utilizan de distintas formas en funci\u00f3n de las necesidades del momento.<\/p>\n\n<p>En t\u00e9rminos sencillos, puedes imaginarlo como un sistema con presi\u00f3n y consumo:<\/p>\n\n<ul class=\"wp-block-list\">\n<li>Baja demanda \u2192 los valores parecen altos<\/li>\n\n\n\n<li>Alta demanda \u2192 caen los valores<\/li>\n<\/ul>\n\n<figure class=\"wp-block-image size-large\"><img loading=\"lazy\" decoding=\"async\" width=\"1024\" height=\"683\" src=\"https:\/\/unison.marketing\/wp-content\/uploads\/2026\/03\/Druckkessel-alleine-1024x683.png\" alt=\"\" class=\"wp-image-1594\" srcset=\"https:\/\/unison.marketing\/wp-content\/uploads\/2026\/03\/Druckkessel-alleine-1024x683.png 1024w, https:\/\/unison.marketing\/wp-content\/uploads\/2026\/03\/Druckkessel-alleine-300x200.png 300w, https:\/\/unison.marketing\/wp-content\/uploads\/2026\/03\/Druckkessel-alleine-768x512.png 768w, https:\/\/unison.marketing\/wp-content\/uploads\/2026\/03\/Druckkessel-alleine-624x416.png 624w, https:\/\/unison.marketing\/wp-content\/uploads\/2026\/03\/Druckkessel-alleine-600x400.png 600w, https:\/\/unison.marketing\/wp-content\/uploads\/2026\/03\/Druckkessel-alleine.png 1536w\" sizes=\"auto, (max-width: 1024px) 100vw, 1024px\" \/><\/figure>\n\n<p>Es decir:<\/p>\n\n<blockquote class=\"wp-block-quote is-layout-flow wp-block-quote-is-layout-flow\">\n<p>Un valor bajo no es autom\u00e1ticamente una deficiencia &#8211;<br\/>pero tambi\u00e9n puede ser un signo de uso activo.<\/p>\n<\/blockquote>\n\n<p>Contin\u00faa:<\/p>\n<div class=\"wp-block-buttons\"><div class=\"wp-block-button\"><a href=\"https:\/\/unison.marketing\/es\/comprension-basica\/\" class=\"wp-block-button__link wp-element-button\">Por qu\u00e9 cambian los indicadores de salud<\/a><\/div><\/div>\n\n<br\/>\n\n<h2 class=\"wp-block-heading\">La consecuencia l\u00f3gica<\/h2>\n\n<p><strong>Si el cuerpo funciona din\u00e1micamente, tambi\u00e9n hay que tener en cuenta esta din\u00e1mica<\/strong><\/p>\n\n<p>Un \u00fanico valor medido siempre describe un solo momento.<\/p>\n\n<p>Lo que tambi\u00e9n es crucial:<\/p>\n\n<p>\ud83d\udc49 \u00bfEn qu\u00e9 estado se encuentra el cuerpo actualmente?<\/p>\n\n<hr class=\"wp-block-separator has-alpha-channel-opacity\"\/>\n\n<p>Esto da lugar a un nuevo nivel de observaci\u00f3n:<\/p>\n\n<ul class=\"wp-block-list\">\n<li>Activaci\u00f3n<\/li>\n\n\n\n<li>Personalizaci\u00f3n<\/li>\n\n\n\n<li>Procesando<\/li>\n\n\n\n<li>Ayuda<\/li>\n<\/ul>\n\n<hr class=\"wp-block-separator has-alpha-channel-opacity\"\/>\n\n<p>Contin\u00faa:<\/p>\n<div class=\"wp-block-buttons\"><div class=\"wp-block-button\"><a href=\"https:\/\/unison.marketing\/es\/logica-de-la-fase-corporal\/\" class=\"wp-block-button__link wp-element-button\">l\u00f3gica de las fases del cuerpo<\/a><\/div><\/div>\n\n<br\/>\n\n<h2 class=\"wp-block-heading\">Lo que esto hace posible<\/h2>\n\n<p>Esta visi\u00f3n ampliada hace visible algo,<br\/>que a menudo permanece oculto en los an\u00e1lisis tradicionales:<\/p>\n\n<p>\ud83d\udc49 Los procesos funcionales del organismo<\/p>\n\n<p>No s\u00f3lo:<\/p>\n\n<ul class=\"wp-block-list\">\n<li>\u00ab\u00bfCu\u00e1nto hay disponible?\u00bb<\/li>\n<\/ul>\n\n<p>Sino m\u00e1s bien:<\/p>\n\n<ul class=\"wp-block-list\">\n<li>\u00ab\u00bfQu\u00e9 est\u00e1 pasando ahora en el sistema?\u00bb<\/li>\n<\/ul>\n\n<hr class=\"wp-block-separator has-alpha-channel-opacity\"\/>\n\n<h2 class=\"wp-block-heading\">\u00bfQu\u00e9 significa eso para ti en concreto?<\/h2>\n\n<ul class=\"wp-block-list\">\n<li>Los valores fluctuantes no son un error, forman parte de la regulaci\u00f3n<\/li>\n\n\n\n<li>Tu cuerpo funciona en procesos y fases, no en estados fijos<\/li>\n\n\n\n<li>Los s\u00edntomas pueden ser la expresi\u00f3n de un proceso de adaptaci\u00f3n activo<\/li>\n\n\n\n<li>Las recomendaciones deben basarse en la situaci\u00f3n actual, no s\u00f3lo en los valores individuales<\/li>\n<\/ul>\n\n<hr class=\"wp-block-separator has-alpha-channel-opacity\"\/>\n\n<h2 class=\"wp-block-heading\">Clasificaci\u00f3n de esta consideraci\u00f3n<\/h2>\n\n<p>El an\u00e1lisis presentado complementa las consideraciones m\u00e9dicas existentes<br\/>con una perspectiva funcional y din\u00e1mica.<\/p>\n\n<hr class=\"wp-block-separator has-alpha-channel-opacity\"\/>\n\n<p>Importante:<\/p>\n\n<ul class=\"wp-block-list\">\n<li>No sustituye al diagn\u00f3stico m\u00e9dico<\/li>\n\n\n\n<li>Deben tenerse en cuenta las enfermedades existentes y los hallazgos m\u00e9dicos<\/li>\n\n\n\n<li>En algunos casos, es aconsejable una aclaraci\u00f3n m\u00e9dica adicional<\/li>\n<\/ul>\n\n<hr class=\"wp-block-separator has-alpha-channel-opacity\"\/>\n\n<p>\ud83d\udc49 Nuestro enfoque se dirige en particular a:<\/p>\n\n<ul class=\"wp-block-list\">\n<li>Personas sin enfermedades agudas<\/li>\n\n\n\n<li>Quejas funcionales<\/li>\n\n\n\n<li>Temas de metabolismo y estilo de vida<\/li>\n<\/ul>\n\n<h2 class=\"wp-block-heading\">Por qu\u00e9 este punto de vista marca la diferencia<\/h2>\n\n<p>S\u00f3lo si se categoriza correctamente el estado actual del organismo,<br\/>podr\u00e1n coordinarse las medidas de forma sensata.<\/p>\n\n<p>\ud83d\udc49 Esto se aplica en particular:<\/p>\n\n<ul class=\"wp-block-list\">\n<li>Nutrici\u00f3n<\/li>\n\n\n\n<li>Micronutrientes<\/li>\n\n\n\n<li>Regeneraci\u00f3n<\/li>\n\n\n\n<li>Estabilidad a largo plazo<\/li>\n<\/ul>\n\n<hr class=\"wp-block-separator has-alpha-channel-opacity\"\/>\n\n<p>Contin\u00faa:<\/p>\n<div class=\"wp-block-buttons\"><div class=\"wp-block-button\"><a href=\"https:\/\/unison.marketing\/es\/comprender-la-recomendacion-de-productos\/\" class=\"wp-block-button__link wp-element-button\">Comprender la recomendaci\u00f3n de productos<\/a><\/div><\/div>\n\n<br\/>\n<div class=\"wp-block-buttons\"><div class=\"wp-block-button\"><a href=\"https:\/\/unison.marketing\/es\/por-que-fitline\/\" class=\"wp-block-button__link wp-element-button\">Por qu\u00e9 usamos esta l\u00ednea de productos<\/a><\/div><\/div>\n\n<br\/>\n\n<h2 class=\"wp-block-heading\">Conclusi\u00f3n<\/h2>\n\n<p><strong>La salud no es un valor est\u00e1tico<\/strong><\/p>\n\n<p>El cuerpo es un sistema muy din\u00e1mico,<br\/>que se adapta y regula constantemente.<\/p>\n\n<p>Si quieres comprenderle, tienes que hacerlo:<\/p>\n\n<p>\ud83d\udc49 Reconocer los procesos, no s\u00f3lo interpretar las cifras.<\/p>\n\n<hr class=\"wp-block-separator has-alpha-channel-opacity\"\/>\n\n<h2 class=\"wp-block-heading\">\u00bfTe gustar\u00eda saber en qu\u00e9 fase se encuentra actualmente tu cuerpo?<\/h2>\n\n<p>Nuestro an\u00e1lisis no s\u00f3lo te muestra valores &#8211;<br\/>sino tambi\u00e9n el estado actual de tu cuerpo.<\/p>\n\n\n<div class=\"wp-block-buttons is-content-justification-left is-layout-flex wp-container-core-buttons-is-layout-fdcfc74e wp-block-buttons-is-layout-flex\">\n  <div class=\"wp-block-button is-style-outline\"><a href=\"https:\/\/unison.marketing\/es\/entrenadores-de-todo-el-mundo\/\" class=\"wp-block-button__link has-white-color has-text-color has-background has-link-color has-medium-font-size has-custom-font-size wp-element-button\" style=\"background-color:#d11140\" onclick=\"return redirectToCoach(event);\">contacto al coach<\/a><\/div>\n\n<\/div>\n\n\n<br\/>\n\n<figure class=\"wp-block-image size-large\"><img loading=\"lazy\" decoding=\"async\" width=\"1024\" height=\"683\" src=\"https:\/\/unison.marketing\/wp-content\/uploads\/2025\/07\/Paar-mit-Ausmessgeraet--1024x683.jpg\" alt=\"\" class=\"wp-image-791\" srcset=\"https:\/\/unison.marketing\/wp-content\/uploads\/2025\/07\/Paar-mit-Ausmessgeraet--1024x683.jpg 1024w, https:\/\/unison.marketing\/wp-content\/uploads\/2025\/07\/Paar-mit-Ausmessgeraet--scaled-600x400.jpg 600w, https:\/\/unison.marketing\/wp-content\/uploads\/2025\/07\/Paar-mit-Ausmessgeraet--300x200.jpg 300w, https:\/\/unison.marketing\/wp-content\/uploads\/2025\/07\/Paar-mit-Ausmessgeraet--768x512.jpg 768w, https:\/\/unison.marketing\/wp-content\/uploads\/2025\/07\/Paar-mit-Ausmessgeraet--1536x1024.jpg 1536w, https:\/\/unison.marketing\/wp-content\/uploads\/2025\/07\/Paar-mit-Ausmessgeraet--2048x1365.jpg 2048w, https:\/\/unison.marketing\/wp-content\/uploads\/2025\/07\/Paar-mit-Ausmessgeraet--624x416.jpg 624w\" sizes=\"auto, (max-width: 1024px) 100vw, 1024px\" \/><\/figure>\n\n<p>\u00a9 2026 UNISON.health<br\/>Los modelos mostrados, en particular la l\u00f3gica de las fases corporales de UNISON.health y el modelo de provisi\u00f3n din\u00e1mica, son propiedad intelectual de UNISON.health.<br\/>Su uso, duplicaci\u00f3n o distribuci\u00f3n -incluso parcial- s\u00f3lo ser\u00e1 posible con autorizaci\u00f3n por escrito.<\/p>\n","protected":false},"excerpt":{"rendered":"<p>Por qu\u00e9 cambian los valores en el cuerpo &#8211;y qu\u00e9 significa realmente. La mayor\u00eda de los an\u00e1lisis adoptan una visi\u00f3n est\u00e1tica del cuerpo.Nuestras observaciones y&hellip;<\/p>\n","protected":false},"author":1,"featured_media":0,"parent":0,"menu_order":0,"comment_status":"closed","ping_status":"closed","template":"","meta":{"footnotes":""},"class_list":["post-1757","page","type-page","status-publish","hentry"],"_links":{"self":[{"href":"https:\/\/unison.marketing\/es\/wp-json\/wp\/v2\/pages\/1757","targetHints":{"allow":["GET"]}}],"collection":[{"href":"https:\/\/unison.marketing\/es\/wp-json\/wp\/v2\/pages"}],"about":[{"href":"https:\/\/unison.marketing\/es\/wp-json\/wp\/v2\/types\/page"}],"author":[{"embeddable":true,"href":"https:\/\/unison.marketing\/es\/wp-json\/wp\/v2\/users\/1"}],"replies":[{"embeddable":true,"href":"https:\/\/unison.marketing\/es\/wp-json\/wp\/v2\/comments?post=1757"}],"version-history":[{"count":2,"href":"https:\/\/unison.marketing\/es\/wp-json\/wp\/v2\/pages\/1757\/revisions"}],"predecessor-version":[{"id":1775,"href":"https:\/\/unison.marketing\/es\/wp-json\/wp\/v2\/pages\/1757\/revisions\/1775"}],"wp:attachment":[{"href":"https:\/\/unison.marketing\/es\/wp-json\/wp\/v2\/media?parent=1757"}],"curies":[{"name":"wp","href":"https:\/\/api.w.org\/{rel}","templated":true}]}}