
{"id":1781,"date":"2026-03-24T16:14:29","date_gmt":"2026-03-24T16:14:29","guid":{"rendered":"https:\/\/unison.marketing\/comprension-basica\/"},"modified":"2026-04-05T17:38:45","modified_gmt":"2026-04-05T17:38:45","slug":"comprension-basica","status":"publish","type":"page","link":"https:\/\/unison.marketing\/es\/comprension-basica\/","title":{"rendered":"Comprensi\u00f3n b\u00e1sica"},"content":{"rendered":"\n<div class=\"wp-block-cover\"><img loading=\"lazy\" decoding=\"async\" width=\"683\" height=\"1024\" class=\"wp-block-cover__image-background wp-image-1597\" alt=\"\" src=\"https:\/\/unison.marketing\/wp-content\/uploads\/2026\/03\/hochdynmaische-Energiefluesse-683x1024.png\" data-object-fit=\"cover\" srcset=\"https:\/\/unison.marketing\/wp-content\/uploads\/2026\/03\/hochdynmaische-Energiefluesse-683x1024.png 683w, https:\/\/unison.marketing\/wp-content\/uploads\/2026\/03\/hochdynmaische-Energiefluesse-200x300.png 200w, https:\/\/unison.marketing\/wp-content\/uploads\/2026\/03\/hochdynmaische-Energiefluesse-768x1152.png 768w, https:\/\/unison.marketing\/wp-content\/uploads\/2026\/03\/hochdynmaische-Energiefluesse-624x936.png 624w, https:\/\/unison.marketing\/wp-content\/uploads\/2026\/03\/hochdynmaische-Energiefluesse-600x900.png 600w, https:\/\/unison.marketing\/wp-content\/uploads\/2026\/03\/hochdynmaische-Energiefluesse.png 1024w\" sizes=\"auto, (max-width: 683px) 100vw, 683px\" \/><span aria-hidden=\"true\" class=\"wp-block-cover__background has-background-dim\"><\/span><div class=\"wp-block-cover__inner-container is-layout-flow wp-block-cover-is-layout-flow\">\n<p class=\"has-text-align-center has-large-font-size\"><strong>Por qu\u00e9 el cuerpo no es un dep\u00f3sito<\/strong><\/p>\n\n\n\n<p class=\"has-text-align-center\"><strong>y por qu\u00e9 los valores siguen fluctuando<\/strong><\/p>\n<\/div><\/div>\n\n<br\/>\n\n<h2 class=\"wp-block-heading\">Una simple pregunta<\/h2>\n\n<p>En la visi\u00f3n cl\u00e1sica, a menudo se supone,<br\/>que el cuerpo almacena nutrientes como en un dep\u00f3sito.<\/p>\n\n<p>Pero si lo miras m\u00e1s de cerca, surge una pregunta crucial:<\/p>\n\n<blockquote class=\"wp-block-quote is-layout-flow wp-block-quote-is-layout-flow\">\n<p>\u00bfD\u00f3nde se encuentran exactamente estos dep\u00f3sitos?<\/p>\n<\/blockquote>\n\n<p>En la pr\u00e1ctica, no hay pruebas de que existan instalaciones de almacenamiento claramente delimitadas en el sentido de un almac\u00e9n fijo.<\/p>\n\n<p>En cambio, surge una imagen diferente:<\/p>\n\n<p>\ud83d\udc49 El cuerpo funciona din\u00e1micamente.<\/p>\n\n<hr class=\"wp-block-separator has-alpha-channel-opacity\"\/>\n\n<figure class=\"wp-block-image size-large\"><img loading=\"lazy\" decoding=\"async\" width=\"1024\" height=\"683\" src=\"https:\/\/unison.marketing\/wp-content\/uploads\/2026\/03\/Druckkessel-1024x683.png\" alt=\"\" class=\"wp-image-1622\" srcset=\"https:\/\/unison.marketing\/wp-content\/uploads\/2026\/03\/Druckkessel-1024x683.png 1024w, https:\/\/unison.marketing\/wp-content\/uploads\/2026\/03\/Druckkessel-300x200.png 300w, https:\/\/unison.marketing\/wp-content\/uploads\/2026\/03\/Druckkessel-768x512.png 768w, https:\/\/unison.marketing\/wp-content\/uploads\/2026\/03\/Druckkessel-624x416.png 624w, https:\/\/unison.marketing\/wp-content\/uploads\/2026\/03\/Druckkessel-600x400.png 600w, https:\/\/unison.marketing\/wp-content\/uploads\/2026\/03\/Druckkessel.png 1536w\" sizes=\"auto, (max-width: 1024px) 100vw, 1024px\" \/><\/figure>\n\n<p>Este modelo muestra de forma simplificada c\u00f3mo funciona realmente el cuerpo:<\/p>\n\n<p>\ud83d\udc49 <strong>Todo el cuerpo act\u00faa como un sistema en red,<br\/>en el que los nutrientes se distribuyen, utilizan y adaptan constantemente.<\/strong><\/p>\n\n<p>No se encuentran en un lugar fijo,<br\/>, sino que est\u00e1n disponibles en todo el cuerpo.<\/p>\n\n<hr class=\"wp-block-separator has-alpha-channel-opacity\"\/>\n\n<p>\ud83d\udc49 El factor decisivo es:<\/p>\n\n<blockquote class=\"wp-block-quote is-layout-flow wp-block-quote-is-layout-flow\">\n<p>Por tanto, el factor decisivo no es <strong>d\u00f3nde<\/strong> se encuentra algo &#8211;<br\/>sino <strong>con qu\u00e9 intensidad se utiliza en el sistema.<\/strong><\/p>\n<\/blockquote>\n\n<hr class=\"wp-block-separator has-alpha-channel-opacity\"\/>\n\n<h2 class=\"wp-block-heading\">Dep\u00f3sito vs. din\u00e1mica<\/h2>\n\n<figure class=\"wp-block-table\"><table class=\"has-fixed-layout\"><tbody><tr><td><strong>Vista cl\u00e1sica (dep\u00f3sito)<\/strong><\/td><td><strong>UNISON.health view (din\u00e1mica)<\/strong><\/td><\/tr><tr><td>Los nutrientes se almacenan<\/td><td>Se aportan nutrientes<\/td><\/tr><tr><td>Los valores muestran las existencias<\/td><td>Los valores muestran utilizaci\u00f3n + disponibilidad<\/td><\/tr><tr><td>valor bajo = deficiencia<\/td><td>valor bajo = puede significar mayor actividad<\/td><\/tr><\/tbody><\/table><\/figure>\n\n<hr class=\"wp-block-separator has-alpha-channel-opacity\"\/>\n\n<h2 class=\"wp-block-heading\">Por qu\u00e9 los valores pueden cambiar r\u00e1pidamente<\/h2>\n\n<p>Cuando el cuerpo necesita m\u00e1s, se abren m\u00e1s \u00abv\u00e1lvulas\u00bb en el sistema.<\/p>\n\n<p>\ud83d\udc49 El resultado:<\/p>\n\n<ul class=\"wp-block-list\">\n<li>Los nutrientes se utilizan cada vez m\u00e1s<\/li>\n\n\n\n<li>Los valores medidos pueden bajar<\/li>\n<\/ul>\n\n<hr class=\"wp-block-separator has-alpha-channel-opacity\"\/>\n\n<p>Lo contrario tambi\u00e9n es cierto:<\/p>\n\n<ul class=\"wp-block-list\">\n<li>Baja utilizaci\u00f3n \u2192 Los valores parecen m\u00e1s altos<\/li>\n<\/ul>\n\n<hr class=\"wp-block-separator has-alpha-channel-opacity\"\/>\n\n<p>\ud83d\udc49 Nuestras observaciones pr\u00e1cticas tambi\u00e9n demuestran que<\/p>\n\n<p>Los valores a veces pueden cambiar muy r\u00e1pidamente &#8211;<br\/>incluso en 24 horas.<\/p>\n\n<figure class=\"wp-block-image size-full\"><img loading=\"lazy\" decoding=\"async\" width=\"1024\" height=\"416\" src=\"https:\/\/unison.marketing\/wp-content\/uploads\/2026\/03\/Phasenaenderungen.png\" alt=\"\" class=\"wp-image-1628\" srcset=\"https:\/\/unison.marketing\/wp-content\/uploads\/2026\/03\/Phasenaenderungen.png 1024w, https:\/\/unison.marketing\/wp-content\/uploads\/2026\/03\/Phasenaenderungen-300x122.png 300w, https:\/\/unison.marketing\/wp-content\/uploads\/2026\/03\/Phasenaenderungen-768x312.png 768w, https:\/\/unison.marketing\/wp-content\/uploads\/2026\/03\/Phasenaenderungen-624x254.png 624w, https:\/\/unison.marketing\/wp-content\/uploads\/2026\/03\/Phasenaenderungen-600x244.png 600w\" sizes=\"auto, (max-width: 1024px) 100vw, 1024px\" \/><\/figure>\n\n<hr class=\"wp-block-separator has-alpha-channel-opacity\"\/>\n\n<p>Esto ocurre en particular cuando el cuerpo<\/p>\n\n<ul class=\"wp-block-list\">\n<li>Procesos metab\u00f3licos activados<\/li>\n\n\n\n<li>Procesos reorganizados<\/li>\n\n\n\n<li>o cambia las prioridades del sistema<\/li>\n<\/ul>\n\n<hr class=\"wp-block-separator has-alpha-channel-opacity\"\/>\n\n<p>\ud83d\udc49 Eso significa:<\/p>\n\n<blockquote class=\"wp-block-quote is-layout-flow wp-block-quote-is-layout-flow\">\n<p>Las fluctuaciones no son un error &#8211;<br\/>sino la expresi\u00f3n de un sistema activo que se adapta.<\/p>\n<\/blockquote>\n\n<hr class=\"wp-block-separator has-alpha-channel-opacity\"\/>\n\n<p>Contin\u00faa:<\/p>\n<div class=\"wp-block-buttons\"><div class=\"wp-block-button\"><a href=\"https:\/\/unison.marketing\/es\/por-que-cambian-los-valores\/\" class=\"wp-block-button__link wp-element-button\">Por qu\u00e9 cambian los indicadores de salud<\/a><\/div><\/div>\n\n<br\/>\n\n<h2 class=\"wp-block-heading\">Por qu\u00e9 no basta con un \u00fanico valor<\/h2>\n\n<p>Un valor medido aislado s\u00f3lo muestra una instant\u00e1nea.<\/p>\n\n<p>Sin contexto, puede malinterpretarse f\u00e1cilmente.<\/p>\n\n<hr class=\"wp-block-separator has-alpha-channel-opacity\"\/>\n\n<p>\ud83d\udc49 El factor decisivo es:<\/p>\n\n<ul class=\"wp-block-list\">\n<li>\u00bfEn qu\u00e9 condiciones est\u00e1 el cuerpo?<\/li>\n\n\n\n<li>\u00bfQu\u00e9 procesos se est\u00e1n ejecutando actualmente?<\/li>\n<\/ul>\n\n<hr class=\"wp-block-separator has-alpha-channel-opacity\"\/>\n\n<p>\ud83d\udc49 Aqu\u00ed es exactamente donde entra el siguiente nivel:<\/p>\n<div class=\"wp-block-buttons\"><div class=\"wp-block-button\"><a href=\"https:\/\/unison.marketing\/es\/logica-de-la-fase-corporal\/\" class=\"wp-block-button__link wp-element-button\">l\u00f3gica de las fases del cuerpo<\/a><\/div><\/div>\n\n<br\/>\n\n<h2 class=\"wp-block-heading\">Un cambio de perspectiva<\/h2>\n\n<p>El cuerpo no es un soporte est\u00e1tico.<\/p>\n\n<p>Es un sistema muy din\u00e1mico,<br\/>que se adapta y regula constantemente.<\/p>\n\n<hr class=\"wp-block-separator has-alpha-channel-opacity\"\/>\n\n<p>\ud83d\udc49 Quien quiera entenderlo,<br\/>debe tener en cuenta esta din\u00e1mica.<\/p>\n\n<hr class=\"wp-block-separator has-alpha-channel-opacity\"\/>\n\n<h2 class=\"wp-block-heading\">\u00bfTe gustar\u00eda saber c\u00f3mo funciona actualmente tu cuerpo?<\/h2>\n\n<p>Nuestro an\u00e1lisis no s\u00f3lo muestra valores,<br\/>, sino tambi\u00e9n el estado actual de tu cuerpo.<\/p>\n\n\n<div class=\"wp-block-buttons is-content-justification-left is-layout-flex wp-container-core-buttons-is-layout-fdcfc74e wp-block-buttons-is-layout-flex\">\n  <div class=\"wp-block-button is-style-outline\"><a href=\"https:\/\/unison.marketing\/es\/entrenadores-de-todo-el-mundo\/\" class=\"wp-block-button__link has-white-color has-text-color has-background has-link-color has-medium-font-size has-custom-font-size wp-element-button\" style=\"background-color:#d11140\" onclick=\"return redirectToCoach(event);\">contacto al coach<\/a><\/div>\n\n<\/div>\n\n\n<br\/>\n\n<figure class=\"wp-block-image size-large\"><img loading=\"lazy\" decoding=\"async\" width=\"1024\" height=\"683\" src=\"https:\/\/unison.marketing\/wp-content\/uploads\/2025\/07\/Paar-mit-Ausmessgeraet--1024x683.jpg\" alt=\"\" class=\"wp-image-791\" srcset=\"https:\/\/unison.marketing\/wp-content\/uploads\/2025\/07\/Paar-mit-Ausmessgeraet--1024x683.jpg 1024w, https:\/\/unison.marketing\/wp-content\/uploads\/2025\/07\/Paar-mit-Ausmessgeraet--scaled-600x400.jpg 600w, https:\/\/unison.marketing\/wp-content\/uploads\/2025\/07\/Paar-mit-Ausmessgeraet--300x200.jpg 300w, https:\/\/unison.marketing\/wp-content\/uploads\/2025\/07\/Paar-mit-Ausmessgeraet--768x512.jpg 768w, https:\/\/unison.marketing\/wp-content\/uploads\/2025\/07\/Paar-mit-Ausmessgeraet--1536x1024.jpg 1536w, https:\/\/unison.marketing\/wp-content\/uploads\/2025\/07\/Paar-mit-Ausmessgeraet--2048x1365.jpg 2048w, https:\/\/unison.marketing\/wp-content\/uploads\/2025\/07\/Paar-mit-Ausmessgeraet--624x416.jpg 624w\" sizes=\"auto, (max-width: 1024px) 100vw, 1024px\" \/><\/figure>\n\n<p>\u00a9 2026 UNISON.health<br\/>El modelo de despliegue din\u00e1mico mostrado y la l\u00f3gica de la fase corporal de UNISON.health son propiedad intelectual de UNISON.health.<br\/>Su uso, reproducci\u00f3n o distribuci\u00f3n -incluso parcial- s\u00f3lo ser\u00e1 posible con autorizaci\u00f3n por escrito.<\/p>\n","protected":false},"excerpt":{"rendered":"<p>Una simple pregunta En la visi\u00f3n cl\u00e1sica, a menudo se supone,que el cuerpo almacena nutrientes como en un dep\u00f3sito. Pero si lo miras m\u00e1s de&hellip;<\/p>\n","protected":false},"author":1,"featured_media":0,"parent":0,"menu_order":0,"comment_status":"closed","ping_status":"closed","template":"","meta":{"footnotes":""},"class_list":["post-1781","page","type-page","status-publish","hentry"],"_links":{"self":[{"href":"https:\/\/unison.marketing\/es\/wp-json\/wp\/v2\/pages\/1781","targetHints":{"allow":["GET"]}}],"collection":[{"href":"https:\/\/unison.marketing\/es\/wp-json\/wp\/v2\/pages"}],"about":[{"href":"https:\/\/unison.marketing\/es\/wp-json\/wp\/v2\/types\/page"}],"author":[{"embeddable":true,"href":"https:\/\/unison.marketing\/es\/wp-json\/wp\/v2\/users\/1"}],"replies":[{"embeddable":true,"href":"https:\/\/unison.marketing\/es\/wp-json\/wp\/v2\/comments?post=1781"}],"version-history":[{"count":1,"href":"https:\/\/unison.marketing\/es\/wp-json\/wp\/v2\/pages\/1781\/revisions"}],"predecessor-version":[{"id":1782,"href":"https:\/\/unison.marketing\/es\/wp-json\/wp\/v2\/pages\/1781\/revisions\/1782"}],"wp:attachment":[{"href":"https:\/\/unison.marketing\/es\/wp-json\/wp\/v2\/media?parent=1781"}],"curies":[{"name":"wp","href":"https:\/\/api.w.org\/{rel}","templated":true}]}}