
{"id":1789,"date":"2026-04-03T15:02:30","date_gmt":"2026-04-03T15:02:30","guid":{"rendered":"https:\/\/unison.marketing\/logica-de-la-fase-corporal\/"},"modified":"2026-04-05T17:41:15","modified_gmt":"2026-04-05T17:41:15","slug":"logica-de-la-fase-corporal","status":"publish","type":"page","link":"https:\/\/unison.marketing\/es\/logica-de-la-fase-corporal\/","title":{"rendered":"L\u00f3gica de la fase corporal"},"content":{"rendered":"\n<div class=\"wp-block-cover\"><img loading=\"lazy\" decoding=\"async\" width=\"1024\" height=\"1536\" class=\"wp-block-cover__image-background wp-image-1597\" alt=\"\" src=\"https:\/\/unison.marketing\/wp-content\/uploads\/2026\/03\/hochdynmaische-Energiefluesse.png\" data-object-fit=\"cover\" srcset=\"https:\/\/unison.marketing\/wp-content\/uploads\/2026\/03\/hochdynmaische-Energiefluesse.png 1024w, https:\/\/unison.marketing\/wp-content\/uploads\/2026\/03\/hochdynmaische-Energiefluesse-200x300.png 200w, https:\/\/unison.marketing\/wp-content\/uploads\/2026\/03\/hochdynmaische-Energiefluesse-683x1024.png 683w, https:\/\/unison.marketing\/wp-content\/uploads\/2026\/03\/hochdynmaische-Energiefluesse-768x1152.png 768w, https:\/\/unison.marketing\/wp-content\/uploads\/2026\/03\/hochdynmaische-Energiefluesse-624x936.png 624w, https:\/\/unison.marketing\/wp-content\/uploads\/2026\/03\/hochdynmaische-Energiefluesse-600x900.png 600w\" sizes=\"auto, (max-width: 1024px) 100vw, 1024px\" \/><span aria-hidden=\"true\" class=\"wp-block-cover__background has-background-dim\"><\/span><div class=\"wp-block-cover__inner-container is-layout-flow wp-block-cover-is-layout-flow\">\n<p class=\"has-text-align-center has-large-font-size\">\u00bfEn qu\u00e9 fase se encuentra tu cuerpo actualmente?<\/p>\n\n\n\n<p class=\"has-text-align-center\"><strong>La salud no es un estado &#8211;<br\/>sino un proceso altamente din\u00e1mico<\/strong><\/p>\n<\/div><\/div>\n\n<br\/>\n\n<p>El cuerpo no funciona constantemente en un estado fijo.<br\/>Est\u00e1 cambiando constantemente: adapt\u00e1ndose, reaccionando y regul\u00e1ndose.<\/p>\n\n<hr class=\"wp-block-separator has-alpha-channel-opacity\"\/>\n\n<p>\ud83d\udc49 Esto determina exactamente lo que tu cuerpo necesita actualmente.<\/p>\n\n<hr class=\"wp-block-separator has-alpha-channel-opacity\"\/>\n\n<h2 class=\"wp-block-heading\">El cuerpo no funciona uniformemente<\/h2>\n\n<p>El cuerpo no es un sistema est\u00e1tico.<\/p>\n\n<hr class=\"wp-block-separator has-alpha-channel-opacity\"\/>\n\n<p>En lugar de ello, pasa por diferentes estados,<br\/>en los que diferentes procesos cobran protagonismo en cada caso.<\/p>\n\n<hr class=\"wp-block-separator has-alpha-channel-opacity\"\/>\n\n<p>\ud83d\udc49 Eso significa:<\/p>\n\n<ul class=\"wp-block-list\">\n<li>Algunos momentos se construyen<\/li>\n\n\n\n<li>procesados en otros<\/li>\n\n\n\n<li>adaptados o aliviados en otros<\/li>\n<\/ul>\n\n<hr class=\"wp-block-separator has-alpha-channel-opacity\"\/>\n\n<h2 class=\"wp-block-heading\">Por qu\u00e9 la fase actual es crucial<\/h2>\n\n<p>La misma medida puede tener efectos completamente distintos seg\u00fan la fase.<\/p>\n\n<hr class=\"wp-block-separator has-alpha-channel-opacity\"\/>\n\n<p>\ud83d\udc49 Ejemplo:<\/p>\n\n<ul class=\"wp-block-list\">\n<li>\u00datil en una fase<\/li>\n\n\n\n<li>ineficaz en otro<\/li>\n\n\n\n<li>en otra incluso incriminatoria<\/li>\n<\/ul>\n\n<hr class=\"wp-block-separator has-alpha-channel-opacity\"\/>\n\n<p>\ud83d\udc49 Por eso la pregunta central es:<\/p>\n\n<blockquote class=\"wp-block-quote is-layout-flow wp-block-quote-is-layout-flow\">\n<p>\u00bfQu\u00e9 necesita el cuerpo en este momento?<\/p>\n<\/blockquote>\n\n<hr class=\"wp-block-separator has-alpha-channel-opacity\"\/>\n\n<h2 class=\"wp-block-heading\">Las fases b\u00e1sicas<\/h2>\n\n<p>En t\u00e9rminos simplificados, el cuerpo se mueve entre diferentes estados:<\/p>\n\n<hr class=\"wp-block-separator has-alpha-channel-opacity\"\/>\n\n<p>\ud83d\udfe1 Activaci\u00f3n<br\/>\ud83d\udfe0 Ajuste<br\/>\ud83d\udfe2 Estabilizaci\u00f3n<br\/>\ud83d\udd34 Alivio<\/p>\n\n<hr class=\"wp-block-separator has-alpha-channel-opacity\"\/>\n\n<p>\ud83d\udc49 Importante:<\/p>\n\n<p>Estas fases no tienen lugar de forma aislada,<br\/>sino que se solapan e influyen mutuamente.<\/p>\n\n<hr class=\"wp-block-separator has-alpha-channel-opacity\"\/>\n\n<figure class=\"wp-block-image size-full\"><img loading=\"lazy\" decoding=\"async\" width=\"1024\" height=\"416\" src=\"https:\/\/unison.marketing\/wp-content\/uploads\/2026\/03\/Phasenaenderungen.png\" alt=\"\" class=\"wp-image-1628\" srcset=\"https:\/\/unison.marketing\/wp-content\/uploads\/2026\/03\/Phasenaenderungen.png 1024w, https:\/\/unison.marketing\/wp-content\/uploads\/2026\/03\/Phasenaenderungen-300x122.png 300w, https:\/\/unison.marketing\/wp-content\/uploads\/2026\/03\/Phasenaenderungen-768x312.png 768w, https:\/\/unison.marketing\/wp-content\/uploads\/2026\/03\/Phasenaenderungen-624x254.png 624w, https:\/\/unison.marketing\/wp-content\/uploads\/2026\/03\/Phasenaenderungen-600x244.png 600w\" sizes=\"auto, (max-width: 1024px) 100vw, 1024px\" \/><\/figure>\n\n<p>El cuerpo no funciona en l\u00ednea recta,<br\/>sino en procesos superpuestos.<\/p>\n\n<hr class=\"wp-block-separator has-alpha-channel-opacity\"\/>\n\n<p>Mientras un proceso principal est\u00e1 activo,<br\/>otros procesos pueden interponerse al mismo tiempo.<\/p>\n\n<hr class=\"wp-block-separator has-alpha-channel-opacity\"\/>\n\n<p>\ud83d\udc49 Es precisamente esta din\u00e1mica la que explica<br\/>por qu\u00e9 pueden cambiar los valores.<\/p>\n\n<hr class=\"wp-block-separator has-alpha-channel-opacity\"\/>\n\n<h2 class=\"wp-block-heading\">\u00bfQu\u00e9 hace diferente a este enfoque?<\/h2>\n\n<p>Los an\u00e1lisis tradicionales suelen fijarse en los valores individuales.<\/p>\n\n<hr class=\"wp-block-separator has-alpha-channel-opacity\"\/>\n\n<p>\ud83d\udc49 Este enfoque va un paso m\u00e1s all\u00e1:<\/p>\n\n<ul class=\"wp-block-list\">\n<li>Reconoce la situaci\u00f3n actual<\/li>\n\n\n\n<li>Hace visibles los procesos dominantes<\/li>\n\n\n\n<li>y clasifica los valores en un contexto<\/li>\n<\/ul>\n\n<hr class=\"wp-block-separator has-alpha-channel-opacity\"\/>\n\n<p>\ud83d\udc49 Esto aclara<br\/>por qu\u00e9 los mismos valores pueden tener significados diferentes.<\/p>\n\n<hr class=\"wp-block-separator has-alpha-channel-opacity\"\/>\n\n<h2 class=\"wp-block-heading\">Lo que esto hace visible<\/h2>\n\n<p>\ud83d\udc49 No s\u00f3lo:<\/p>\n\n<p>\u00ab\u00bfCu\u00e1l es el valor?\u00bb<\/p>\n\n<hr class=\"wp-block-separator has-alpha-channel-opacity\"\/>\n\n<p>\ud83d\udc49 Pero:<\/p>\n\n<blockquote class=\"wp-block-quote is-layout-flow wp-block-quote-is-layout-flow\">\n<p>\u00ab\u00bfQu\u00e9 significa este valor en el estado actual?\u00bb<\/p>\n<\/blockquote>\n\n<hr class=\"wp-block-separator has-alpha-channel-opacity\"\/>\n\n<p>\ud83d\udc49 En consecuencia, tambi\u00e9n queda claro<br\/>por qu\u00e9 la selecci\u00f3n y el momento de las medidas son cruciales.<\/p>\n\n<hr class=\"wp-block-separator has-alpha-channel-opacity\"\/>\n\n<p>\ud83d\udc49 El apoyo adecuado en el momento adecuado<br\/>puede marcar la diferencia en el efecto.<\/p>\n\n<hr class=\"wp-block-separator has-alpha-channel-opacity\"\/>\n\n<p>Contin\u00faa:<\/p>\n<div class=\"wp-block-buttons\"><div class=\"wp-block-button\"><a href=\"https:\/\/unison.marketing\/es\/logica-de-la-fase-corporal\/\" class=\"wp-block-button__link wp-element-button\">l\u00f3gica de las fases del cuerpo<\/a><\/div><\/div>\n\n<br\/>\n\n<h2 class=\"wp-block-heading\">Qu\u00e9 significa esto en la pr\u00e1ctica<\/h2>\n\n<p>La importancia de las fases corporales resulta especialmente clara,<br\/>si te fijas en los procesos reales.<\/p>\n\n<hr class=\"wp-block-separator has-alpha-channel-opacity\"\/>\n\n<p>\ud83d\udc49 Nuestros estudios de casos lo demuestran:<\/p>\n\n<ul class=\"wp-block-list\">\n<li>que los procesos no son lineales<\/li>\n\n\n\n<li>que los retranqueos aparentes forman parte del desarrollo<\/li>\n\n\n\n<li>y que el momento desempe\u00f1a un papel decisivo<\/li>\n<\/ul>\n\n<hr class=\"wp-block-separator has-alpha-channel-opacity\"\/>\n\n<p>Caso pr\u00e1ctico: Funci\u00f3n biliar<\/p>\n<div class=\"wp-block-buttons\"><div class=\"wp-block-button\"><a href=\"https:\/\/unison.marketing\/es\/2026\/02\/10\/inestabilidad-digestiva-funcional-tras-el-tratamiento-antibiotico\/\" class=\"wp-block-button__link wp-element-button\">Ver ejemplo<\/a><\/div><\/div>\n\n<br\/>\n\n<p>Caso pr\u00e1ctico: Problemas de drenaje<\/p>\n<div class=\"wp-block-buttons\"><div class=\"wp-block-button\"><a href=\"https:\/\/unison.marketing\/es\/2026\/04\/01\/todo-parece-normal-pero-se-siente-mal\/\" class=\"wp-block-button__link wp-element-button\">Ver ejemplo<\/a><\/div><\/div>\n\n<br\/>\n\n<h2 class=\"wp-block-heading\">Un proceso real &#8211; hecho visible<\/h2>\n\n<figure class=\"wp-block-video\"><video height=\"1080\" style=\"aspect-ratio: 1080 \/ 1080;\" width=\"1080\" autoplay=\"\" loop=\"\" muted=\"\" src=\"https:\/\/unison.marketing\/wp-content\/uploads\/2026\/04\/Koerperphasenvideo.mp4\" playsinline=\"\"><\/video><\/figure>\n\n<h3 class=\"wp-block-heading\"><strong>Breve explicaci\u00f3n del v\u00eddeo<\/strong><\/h3>\n\n<p>El v\u00eddeo muestra una progresi\u00f3n real a lo largo de varios meses<br\/>y visualiza c\u00f3mo se desarrollan diversos procesos en el organismo.<\/p>\n\n<p>La presentaci\u00f3n se realiza tanto de forma suavizada<br\/>como a partir de los datos brutos originales.<\/p>\n\n<hr class=\"wp-block-separator has-alpha-channel-opacity\"\/>\n\n<p>\ud83d\udc49 Para una vista detallada:<\/p>\n\n<p>\u27a1\ufe0f <strong><a href=\"https:\/\/unison.marketing\/wp-content\/uploads\/2026\/04\/Koerperphasenbild-geglaettet-1000x1000-1.jpg\" target=\"_blank\" rel=\"noopener noreferrer\">Ver an\u00e1lisis suavizado como imagen<\/a><\/strong><br\/>\u27a1\ufe0f <strong><a href=\"https:\/\/unison.marketing\/wp-content\/uploads\/2026\/04\/Koerperphasenbild-nicht-geglaettet-1000x1000-1.jpg\" target=\"_blank\" rel=\"noopener noreferrer\">Ver an\u00e1lisis de datos brutos como imagen<\/a><\/strong><\/p>\n\n<hr class=\"wp-block-separator has-alpha-channel-opacity\"\/>\n\n<p>\ud83d\udc49 En la parte superior del v\u00eddeo:<\/p>\n\n<p>Los procesos principales superordinados<br\/>rojo = modo protecci\u00f3n<br\/>verde = modo metab\u00f3lico<\/p>\n\n<p>\ud83d\udc49 Debajo:<\/p>\n\n<p>El desarrollo de los sistemas individuales<br\/>rojo = vasos sangu\u00edneos<br\/>naranja = desintoxicaci\u00f3n<br\/>amarillo = metabolismo de las grasas<br\/>azul = digesti\u00f3n<br\/>verde = nervios<\/p>\n\n<p>\ud83d\udc49 En la parte inferior:<\/p>\n\n<p>Fases individuales del cuerpo de 0 a 6<\/p>\n\n<p>\ud83d\udc49 Las fases por las que ha pasado este cliente, brevemente explicadas:<br\/>(Nota: \u00a1Cada cuerpo act\u00faa individualmente!)<br\/>Fase 0: Fase ca\u00f3tica \/ modo de protecci\u00f3n y desregulaci\u00f3n m\u00e1s profundo<br\/>Fase 1: Modo ca\u00f3tico de protecci\u00f3n y reacci\u00f3n<br\/>Fase 2: Fase de desintoxicaci\u00f3n estructurada<br\/>Fase 3: Fase de conmutaci\u00f3n \/ fase de transici\u00f3n inestable<br\/>Fase 4: Estabilizaci\u00f3n del proceso metab\u00f3lico maestro  Estabilizaci\u00f3n del proceso metab\u00f3lico maestro<br\/>Fase 5: Modo metab\u00f3lico integrador \/ regulaci\u00f3n fina c\u00edclica<br\/>Fase 6: Fase de liberaci\u00f3n y remodelaci\u00f3n<br\/><strong>Pron\u00f3stico<\/strong><br\/>Fase 7: Modo metab\u00f3lico integrado de forma estable<\/p>\n\n<hr class=\"wp-block-separator has-alpha-channel-opacity\"\/>\n\n<h3 class=\"wp-block-heading\"><strong>Lo que resulta especialmente llamativo en este ejemplo<\/strong><\/h3>\n\n<p>\ud83d\udc49 Al principio:<\/p>\n\n<ul class=\"wp-block-list\">\n<li>el cuerpo se encuentra en un estado inestable<\/li>\n\n\n\n<li>Los sistemas centrales funcionan a bajo nivel<\/li>\n\n\n\n<li>No se reconoce una prioridad clara<\/li>\n<\/ul>\n\n<hr class=\"wp-block-separator has-alpha-channel-opacity\"\/>\n\n<p>\ud83d\udc49 Especialmente importante:<\/p>\n\n<blockquote class=\"wp-block-quote is-layout-flow wp-block-quote-is-layout-flow\">\n<p>\ud83d\udc49 Incluso despu\u00e9s de un largo periodo de apoyo intensivo<br\/>, el cuerpo fue inicialmente incapaz de establecer procesos estables. (especialmente la fase 0) <\/p>\n<\/blockquote>\n\n<hr class=\"wp-block-separator has-alpha-channel-opacity\"\/>\n\n<p>\ud83d\udc49 Eso se nota:<\/p>\n\n<ul class=\"wp-block-list\">\n<li>Las medidas individuales por s\u00ed solas no suelen ser suficientes<\/li>\n\n\n\n<li>si el sistema en su conjunto no es estable<\/li>\n<\/ul>\n\n<hr class=\"wp-block-separator has-alpha-channel-opacity\"\/>\n\n<h3 class=\"wp-block-heading\"><strong>El punto de inflexi\u00f3n<\/strong><\/h3>\n\n<p>Desde la fase 1, el cliente ha utilizado activamente nuestro m\u00e9todo de medici\u00f3n UNISON.health y vemos que el sistema cambiar\u00e1 fundamentalmente en el curso posterior:<\/p>\n\n<ul class=\"wp-block-list\">\n<li>se cancela el modo de protecci\u00f3n<\/li>\n\n\n\n<li>el metabolismo empieza a tomar el control<\/li>\n<\/ul>\n\n<hr class=\"wp-block-separator has-alpha-channel-opacity\"\/>\n\n<p>\ud83d\udc49 Y ahora se hace visible la diferencia crucial:<\/p>\n\n<blockquote class=\"wp-block-quote is-layout-flow wp-block-quote-is-layout-flow\">\n<p>\ud83d\udc49 Nuestra l\u00f3gica de fases corporales de UNISON.health, basada en la IA, permite visualizar<br\/>procesos f\u00edsicos complejos, incluida la situaci\u00f3n metab\u00f3lica a distintos niveles,<br\/>de forma estructurada y en muy poco tiempo.<\/p>\n<\/blockquote>\n\n<hr class=\"wp-block-separator has-alpha-channel-opacity\"\/>\n\n<h3 class=\"wp-block-heading\"><strong>Lo que realmente ocurre aqu\u00ed<\/strong><\/h3>\n\n<p>\ud83d\udc49 No es un \u00fanico valor el que cambia.<\/p>\n\n<hr class=\"wp-block-separator has-alpha-channel-opacity\"\/>\n\n<blockquote class=\"wp-block-quote is-layout-flow wp-block-quote-is-layout-flow\">\n<p>\ud83d\udc49 Varios sistemas se mueven simult\u00e1neamente en una direcci\u00f3n coordinada.<\/p>\n<\/blockquote>\n\n<hr class=\"wp-block-separator has-alpha-channel-opacity\"\/>\n\n<p>El proceso que se muestra aqu\u00ed es reconocible:<\/p>\n\n<ul class=\"wp-block-list\">\n<li>el sistema vascular mejora el flujo<\/li>\n\n\n\n<li>la digesti\u00f3n se estabiliza<\/li>\n\n\n\n<li>el sistema nervioso se autorregula<\/li>\n\n\n\n<li>el metabolismo se vuelve cada vez m\u00e1s estable<\/li>\n<\/ul>\n\n<hr class=\"wp-block-separator has-alpha-channel-opacity\"\/>\n\n<p>\ud83d\udc49 S\u00f3lo sobre esta base puede el metabolismo de las grasas aumentar de forma sostenible.<\/p>\n\n<hr class=\"wp-block-separator has-alpha-channel-opacity\"\/>\n\n<h3 class=\"wp-block-heading\"><strong>Por qu\u00e9 son cruciales las fluctuaciones<\/strong><\/h3>\n\n<p>Siempre hay fases entre estos desarrollos,<br\/>en las que los valores individuales parecen disminuir o fluctuar.<\/p>\n\n<hr class=\"wp-block-separator has-alpha-channel-opacity\"\/>\n\n<p>\ud83d\udc49 Estas fases no son un paso atr\u00e1s.<\/p>\n\n<hr class=\"wp-block-separator has-alpha-channel-opacity\"\/>\n\n<blockquote class=\"wp-block-quote is-layout-flow wp-block-quote-is-layout-flow\">\n<p>\ud83d\udc49 Forman parte de la adaptaci\u00f3n y estabilizaci\u00f3n del sistema.<\/p>\n<\/blockquote>\n\n<hr class=\"wp-block-separator has-alpha-channel-opacity\"\/>\n\n<p>El cuerpo no funciona linealmente,<br\/>sino en bucles repetidos:<\/p>\n\n<ul class=\"wp-block-list\">\n<li>Activaci\u00f3n<\/li>\n\n\n\n<li>Revisa<\/li>\n\n\n\n<li>Personalizaci\u00f3n<\/li>\n<\/ul>\n\n<hr class=\"wp-block-separator has-alpha-channel-opacity\"\/>\n\n<h3 class=\"wp-block-heading\"><strong>La realizaci\u00f3n central<\/strong><\/h3>\n\n<blockquote class=\"wp-block-quote is-layout-flow wp-block-quote-is-layout-flow\">\n<p>\ud83d\udc49 No se avanza a pesar de las fluctuaciones &#8211;<br\/>sino gracias a ellas.<\/p>\n<\/blockquote>\n\n<hr class=\"wp-block-separator has-alpha-channel-opacity\"\/>\n\n<h3 class=\"wp-block-heading\"><strong>Lo que se deduce de esto<\/strong><\/h3>\n\n<p>Un \u00fanico valor medido puede malinterpretarse f\u00e1cilmente si se considera de forma aislada.<\/p>\n\n<hr class=\"wp-block-separator has-alpha-channel-opacity\"\/>\n\n<p>\ud83d\udc49 S\u00f3lo se hace visible en el contexto:<\/p>\n\n<ul class=\"wp-block-list\">\n<li>En qu\u00e9 fase se encuentra el cuerpo<\/li>\n\n\n\n<li>qu\u00e9 procesos dominan<\/li>\n\n\n\n<li>y hacia d\u00f3nde se dirige el sistema<\/li>\n<\/ul>\n\n<hr class=\"wp-block-separator has-alpha-channel-opacity\"\/>\n\n<h2 class=\"wp-block-heading\">El principio decisivo<\/h2>\n\n<blockquote class=\"wp-block-quote is-layout-flow wp-block-quote-is-layout-flow\">\n<p>\ud83d\udc49 El efecto no se crea por la cantidad &#8211;<br\/>sino por el momento y la coordinaci\u00f3n.<\/p>\n<\/blockquote>\n\n<hr class=\"wp-block-separator has-alpha-channel-opacity\"\/>\n\n<h2 class=\"wp-block-heading\">Y aqu\u00ed es donde comienza la aplicaci\u00f3n real<\/h2>\n\n<p>Una vez se sabe en qu\u00e9 fase se encuentra el cuerpo, se pueden coordinar espec\u00edficamente las medidas de<br\/>.<\/p>\n\n<hr class=\"wp-block-separator has-alpha-channel-opacity\"\/>\n\n<p>\ud83d\udc49 Esto se aplica en particular:<\/p>\n\n<ul class=\"wp-block-list\">\n<li>Nutrici\u00f3n<\/li>\n\n\n\n<li>Micronutrientes<\/li>\n\n\n\n<li>Regeneraci\u00f3n<\/li>\n<\/ul>\n\n<hr class=\"wp-block-separator has-alpha-channel-opacity\"\/>\n\n<p>Contin\u00faa:<\/p>\n<div class=\"wp-block-buttons\"><div class=\"wp-block-button\"><a href=\"https:\/\/unison.marketing\/es\/comprender-la-recomendacion-de-productos\/\" class=\"wp-block-button__link wp-element-button\">Comprender la recomendaci\u00f3n de productos<\/a><\/div><\/div>\n\n<br\/>\n\n<h2 class=\"wp-block-heading\">\u00bfTe gustar\u00eda saber cu\u00e1l es la situaci\u00f3n actual de tu cuerpo?<\/h2>\n\n<p>Te mostraremos<br\/>en qu\u00e9 fase se encuentra tu cuerpo<br\/>y qu\u00e9 puedes hacer espec\u00edficamente<br\/>para llevarlo a un mejor estado metab\u00f3lico con s\u00f3lo unas pocas medidas adecuadas<br\/>.<\/p>\n\n<hr class=\"wp-block-separator has-alpha-channel-opacity\"\/>\n\n<p>\ud83d\udc49 No haciendo m\u00e1s &#8211;<br\/>sino haciendo lo correcto en el momento adecuado.<\/p>\n\n<hr class=\"wp-block-separator has-alpha-channel-opacity\"\/>\n\n\n<div class=\"wp-block-buttons is-content-justification-left is-layout-flex wp-container-core-buttons-is-layout-fdcfc74e wp-block-buttons-is-layout-flex\">\n  <div class=\"wp-block-button is-style-outline\"><a href=\"https:\/\/unison.marketing\/es\/entrenadores-de-todo-el-mundo\/\" class=\"wp-block-button__link has-white-color has-text-color has-background has-link-color has-medium-font-size has-custom-font-size wp-element-button\" style=\"background-color:#d11140\" onclick=\"return redirectToCoach(event);\">contacto al coach<\/a><\/div>\n\n<\/div>\n\n\n<br\/>\n\n<figure class=\"wp-block-image size-large\"><img loading=\"lazy\" decoding=\"async\" width=\"1024\" height=\"683\" src=\"https:\/\/unison.marketing\/wp-content\/uploads\/2025\/07\/Paar-mit-Ausmessgeraet--1024x683.jpg\" alt=\"\" class=\"wp-image-791\" srcset=\"https:\/\/unison.marketing\/wp-content\/uploads\/2025\/07\/Paar-mit-Ausmessgeraet--1024x683.jpg 1024w, https:\/\/unison.marketing\/wp-content\/uploads\/2025\/07\/Paar-mit-Ausmessgeraet--scaled-600x400.jpg 600w, https:\/\/unison.marketing\/wp-content\/uploads\/2025\/07\/Paar-mit-Ausmessgeraet--300x200.jpg 300w, https:\/\/unison.marketing\/wp-content\/uploads\/2025\/07\/Paar-mit-Ausmessgeraet--768x512.jpg 768w, https:\/\/unison.marketing\/wp-content\/uploads\/2025\/07\/Paar-mit-Ausmessgeraet--1536x1024.jpg 1536w, https:\/\/unison.marketing\/wp-content\/uploads\/2025\/07\/Paar-mit-Ausmessgeraet--2048x1365.jpg 2048w, https:\/\/unison.marketing\/wp-content\/uploads\/2025\/07\/Paar-mit-Ausmessgeraet--624x416.jpg 624w\" sizes=\"auto, (max-width: 1024px) 100vw, 1024px\" \/><\/figure>\n\n<p>\u00a9 2026 UNISON.health<br\/>El modelo de despliegue din\u00e1mico mostrado y la l\u00f3gica de la fase corporal de UNISON.health son propiedad intelectual de UNISON.health.<br\/>Su uso, reproducci\u00f3n o distribuci\u00f3n -incluso parcial- s\u00f3lo ser\u00e1 posible con autorizaci\u00f3n por escrito.<\/p>\n","protected":false},"excerpt":{"rendered":"<p>El cuerpo no funciona constantemente en un estado fijo.Est\u00e1 cambiando constantemente: adapt\u00e1ndose, reaccionando y regul\u00e1ndose. \ud83d\udc49 Esto determina exactamente lo que tu cuerpo necesita actualmente.&hellip;<\/p>\n","protected":false},"author":1,"featured_media":0,"parent":0,"menu_order":0,"comment_status":"closed","ping_status":"closed","template":"","meta":{"footnotes":""},"class_list":["post-1789","page","type-page","status-publish","hentry"],"_links":{"self":[{"href":"https:\/\/unison.marketing\/es\/wp-json\/wp\/v2\/pages\/1789","targetHints":{"allow":["GET"]}}],"collection":[{"href":"https:\/\/unison.marketing\/es\/wp-json\/wp\/v2\/pages"}],"about":[{"href":"https:\/\/unison.marketing\/es\/wp-json\/wp\/v2\/types\/page"}],"author":[{"embeddable":true,"href":"https:\/\/unison.marketing\/es\/wp-json\/wp\/v2\/users\/1"}],"replies":[{"embeddable":true,"href":"https:\/\/unison.marketing\/es\/wp-json\/wp\/v2\/comments?post=1789"}],"version-history":[{"count":1,"href":"https:\/\/unison.marketing\/es\/wp-json\/wp\/v2\/pages\/1789\/revisions"}],"predecessor-version":[{"id":1790,"href":"https:\/\/unison.marketing\/es\/wp-json\/wp\/v2\/pages\/1789\/revisions\/1790"}],"wp:attachment":[{"href":"https:\/\/unison.marketing\/es\/wp-json\/wp\/v2\/media?parent=1789"}],"curies":[{"name":"wp","href":"https:\/\/api.w.org\/{rel}","templated":true}]}}