
{"id":1809,"date":"2026-04-05T12:18:55","date_gmt":"2026-04-05T12:18:55","guid":{"rendered":"https:\/\/unison.marketing\/por-que-fitline\/"},"modified":"2026-04-05T17:47:50","modified_gmt":"2026-04-05T17:47:50","slug":"por-que-fitline","status":"publish","type":"page","link":"https:\/\/unison.marketing\/es\/por-que-fitline\/","title":{"rendered":"Por qu\u00e9 FitLine"},"content":{"rendered":"\n<div class=\"wp-block-cover\"><img loading=\"lazy\" decoding=\"async\" width=\"1024\" height=\"525\" class=\"wp-block-cover__image-background wp-image-1691\" alt=\"\" src=\"https:\/\/unison.marketing\/wp-content\/uploads\/2026\/04\/Produktempfehlung-1024x525.jpg\" data-object-fit=\"cover\" srcset=\"https:\/\/unison.marketing\/wp-content\/uploads\/2026\/04\/Produktempfehlung-1024x525.jpg 1024w, https:\/\/unison.marketing\/wp-content\/uploads\/2026\/04\/Produktempfehlung-300x154.jpg 300w, https:\/\/unison.marketing\/wp-content\/uploads\/2026\/04\/Produktempfehlung-768x394.jpg 768w, https:\/\/unison.marketing\/wp-content\/uploads\/2026\/04\/Produktempfehlung-624x320.jpg 624w, https:\/\/unison.marketing\/wp-content\/uploads\/2026\/04\/Produktempfehlung-600x308.jpg 600w, https:\/\/unison.marketing\/wp-content\/uploads\/2026\/04\/Produktempfehlung.jpg 1536w\" sizes=\"auto, (max-width: 1024px) 100vw, 1024px\" \/><span aria-hidden=\"true\" class=\"wp-block-cover__background has-background-dim\"><\/span><div class=\"wp-block-cover__inner-container is-layout-flow wp-block-cover-is-layout-flow\">\n<p class=\"has-text-align-center has-large-font-size\">Por qu\u00e9 tomamos una decisi\u00f3n consciente a favor de una l\u00ednea de productos clara<\/p>\n\n\n\n<p class=\"has-text-align-center\">Y por qu\u00e9 no todos los productos encajan en este sistema<\/p>\n<\/div><\/div>\n\n<br\/>\n\n<p>La cuesti\u00f3n crucial no es<\/p>\n\n<p>\ud83d\udc49 \u00ab\u00bfQu\u00e9 producto es bueno?\u00bb<\/p>\n\n<hr class=\"wp-block-separator has-alpha-channel-opacity\"\/>\n\n<p>\ud83d\udc49 Pero:<\/p>\n\n<blockquote class=\"wp-block-quote is-layout-flow wp-block-quote-is-layout-flow\">\n<p>\u2757 \u00ab\u00bfQu\u00e9 producto se adapta al sistema del cuerpo &#8211; en el momento adecuado?\u00bb<\/p>\n<\/blockquote>\n\n<hr class=\"wp-block-separator has-alpha-channel-opacity\"\/>\n\n<h2 class=\"wp-block-heading\">Los productos son tan buenos como su aplicaci\u00f3n<\/h2>\n\n<p>Muchos productos contienen ingredientes buenos.<\/p>\n\n<hr class=\"wp-block-separator has-alpha-channel-opacity\"\/>\n\n<p>\ud83d\udc49 Sin embargo, a menudo el efecto no se materializa.<\/p>\n\n<hr class=\"wp-block-separator has-alpha-channel-opacity\"\/>\n\n<p>\u00bfPor qu\u00e9?<\/p>\n\n<hr class=\"wp-block-separator has-alpha-channel-opacity\"\/>\n\n<p>\ud83d\udc49 Porque faltan factores decisivos:<\/p>\n\n<ul class=\"wp-block-list\">\n<li>Temporizaci\u00f3n<\/li>\n\n\n\n<li>Capacidad de absorci\u00f3n<\/li>\n\n\n\n<li>Transporte en el cuerpo<\/li>\n\n\n\n<li>Sintonizaci\u00f3n con el estado actual<\/li>\n<\/ul>\n\n<hr class=\"wp-block-separator has-alpha-channel-opacity\"\/>\n\n<h2 class=\"wp-block-heading\">La diferencia decisiva radica en el sistema<\/h2>\n\n<p>Nuestro planteamiento se basa en un principio sencillo:<\/p>\n\n<hr class=\"wp-block-separator has-alpha-channel-opacity\"\/>\n\n<blockquote class=\"wp-block-quote is-layout-flow wp-block-quote-is-layout-flow\">\n<p>\ud83d\udc49 El organismo debe ser capaz de utilizar<br\/>las sustancias suministradas de forma sensata.<\/p>\n<\/blockquote>\n\n<hr class=\"wp-block-separator has-alpha-channel-opacity\"\/>\n\n<p>\ud83d\udc49 Eso significa:<\/p>\n\n<ul class=\"wp-block-list\">\n<li>No basta con grabar<\/li>\n\n\n\n<li>La disponibilidad por s\u00ed sola no basta<\/li>\n\n\n\n<li>El factor decisivo es la utilizaci\u00f3n en el sistema<\/li>\n<\/ul>\n\n<hr class=\"wp-block-separator has-alpha-channel-opacity\"\/>\n\n<figure class=\"wp-block-video\"><video height=\"1080\" style=\"aspect-ratio: 1920 \/ 1080;\" width=\"1920\" controls=\"\" poster=\"https:\/\/unison.marketing\/wp-content\/uploads\/2026\/04\/NTC-frame-at-0m4s.jpg\" src=\"https:\/\/unison.marketing\/wp-content\/uploads\/2026\/04\/NTC.mp4\" playsinline=\"\"><\/video><\/figure>\n\n<h2 class=\"wp-block-heading\">Por qu\u00e9 trabajamos con productos FitLine<\/h2>\n\n<p>Optamos deliberadamente por los productos FitLine,<br\/>porque cumplen ciertas propiedades,<br\/>que son cruciales en nuestro planteamiento.<\/p>\n\n<hr class=\"wp-block-separator has-alpha-channel-opacity\"\/>\n\n<h2 class=\"wp-block-heading\">\ud83d\udd11 1. transporte en el organismo<\/h2>\n\n<hr class=\"wp-block-separator has-alpha-channel-opacity\"\/>\n\n<p>Los productos est\u00e1n dise\u00f1ados para que los nutrientes de<br\/>est\u00e9n disponibles en el organismo.<\/p>\n\n<hr class=\"wp-block-separator has-alpha-channel-opacity\"\/>\n\n<p>\ud83d\udc49 Esto proporciona apoyo:<\/p>\n\n<ul class=\"wp-block-list\">\n<li>Grabaci\u00f3n<\/li>\n\n\n\n<li>Distribuci\u00f3n<\/li>\n\n\n\n<li>Utilizaci\u00f3n<\/li>\n<\/ul>\n\n<hr class=\"wp-block-separator has-alpha-channel-opacity\"\/>\n\n<h2 class=\"wp-block-heading\">\ud83d\udd11 2. combinaci\u00f3n en lugar de sustancias individuales<\/h2>\n\n<hr class=\"wp-block-separator has-alpha-channel-opacity\"\/>\n\n<p>Muchos productos funcionan de forma aislada.<\/p>\n\n<hr class=\"wp-block-separator has-alpha-channel-opacity\"\/>\n\n<p>\ud83d\udc49 Aqu\u00ed se combinan sustancias,<br\/>que pueden funcionar juntas.<\/p>\n\n<hr class=\"wp-block-separator has-alpha-channel-opacity\"\/>\n\n<p>\ud83d\udc49 Esto es m\u00e1s adecuado para un sistema,<br\/>que tambi\u00e9n funciona en red.<\/p>\n\n<hr class=\"wp-block-separator has-alpha-channel-opacity\"\/>\n\n<h2 class=\"wp-block-heading\">\ud83d\udd11 3. armonizaci\u00f3n con los procesos<\/h2>\n\n<hr class=\"wp-block-separator has-alpha-channel-opacity\"\/>\n\n<p>Los productos pueden utilizarse de forma flexible.<\/p>\n\n<hr class=\"wp-block-separator has-alpha-channel-opacity\"\/>\n\n<p>\ud83d\udc49 Esto permite que se adapten al estado actual.<\/p>\n\n<hr class=\"wp-block-separator has-alpha-channel-opacity\"\/>\n\n<p>\ud83d\udc49 Eso es exactamente lo crucial:<\/p>\n\n<blockquote class=\"wp-block-quote is-layout-flow wp-block-quote-is-layout-flow\">\n<p>\u2757 Mismos productos &#8211; diferentes efectos seg\u00fan la fase<\/p>\n<\/blockquote>\n\n<hr class=\"wp-block-separator has-alpha-channel-opacity\"\/>\n\n<h2 class=\"wp-block-heading\">Por qu\u00e9 nos comprometemos conscientemente<\/h2>\n\n<p>Hay muchos productos en el mercado.<\/p>\n\n<hr class=\"wp-block-separator has-alpha-channel-opacity\"\/>\n\n<p>\ud83d\udc49 Nuestro objetivo no era:<\/p>\n\n<ul class=\"wp-block-list\">\n<li>Tantas opciones como sea posible<\/li>\n\n\n\n<li>la selecci\u00f3n m\u00e1s amplia posible<\/li>\n<\/ul>\n\n<hr class=\"wp-block-separator has-alpha-channel-opacity\"\/>\n\n<p>\ud83d\udc49 Pero:<\/p>\n\n<blockquote class=\"wp-block-quote is-layout-flow wp-block-quote-is-layout-flow\">\n<p>\ud83d\udca5 Una soluci\u00f3n que funciona sistem\u00e1ticamente<\/p>\n<\/blockquote>\n\n<hr class=\"wp-block-separator has-alpha-channel-opacity\"\/>\n\n<p>\ud83d\udc49 Por eso tomamos la decisi\u00f3n:<\/p>\n\n<ul class=\"wp-block-list\">\n<li>trabajar con un sistema claramente definido<\/li>\n\n\n\n<li>en lugar de cambiar constantemente de producto<\/li>\n<\/ul>\n\n<hr class=\"wp-block-separator has-alpha-channel-opacity\"\/>\n\n<h2 class=\"wp-block-heading\">La conexi\u00f3n decisiva<\/h2>\n\n<p>\ud83d\udc49 El efecto no lo crea el producto por s\u00ed solo.<\/p>\n\n<hr class=\"wp-block-separator has-alpha-channel-opacity\"\/>\n\n<p>\ud83d\udc49 Pero a trav\u00e9s de la interacci\u00f3n de:<\/p>\n\n<ul class=\"wp-block-list\">\n<li>Producto<\/li>\n\n\n\n<li>Temporizaci\u00f3n<\/li>\n\n\n\n<li>Estado del cuerpo<\/li>\n<\/ul>\n\n<hr class=\"wp-block-separator has-alpha-channel-opacity\"\/>\n\n<blockquote class=\"wp-block-quote is-layout-flow wp-block-quote-is-layout-flow\">\n<p>\ud83d\udca5 S\u00f3lo esta interacci\u00f3n crea el efecto.<\/p>\n<\/blockquote>\n\n<hr class=\"wp-block-separator has-alpha-channel-opacity\"\/>\n\n<h2 class=\"wp-block-heading\">Qu\u00e9 significa esto para ti<\/h2>\n\n<p>\ud83d\udc49 Necesitas:<\/p>\n\n<ul class=\"wp-block-list\">\n<li>No hay un gran n\u00famero de productos<\/li>\n\n\n\n<li>Sin estrategias complicadas<\/li>\n<\/ul>\n\n<hr class=\"wp-block-separator has-alpha-channel-opacity\"\/>\n\n<p>\ud83d\udc49 Pero:<\/p>\n\n<blockquote class=\"wp-block-quote is-layout-flow wp-block-quote-is-layout-flow\">\n<p>\ud83d\udca5 La aplicaci\u00f3n adecuada en el momento adecuado<\/p>\n<\/blockquote>\n\n<hr class=\"wp-block-separator has-alpha-channel-opacity\"\/>\n\n<h2 class=\"wp-block-heading\">La diferencia en la pr\u00e1ctica<\/h2>\n\n<p>Muchas personas ya han tenido experiencia con los suplementos diet\u00e9ticos.<\/p>\n\n<hr class=\"wp-block-separator has-alpha-channel-opacity\"\/>\n\n<p>A menudo sin \u00e9xito duradero.<\/p>\n\n<hr class=\"wp-block-separator has-alpha-channel-opacity\"\/>\n\n<p>\ud83d\udc49 La diferencia no radica s\u00f3lo en el producto &#8211;<br\/>sino en la comprensi\u00f3n del sistema.<\/p>\n\n<hr class=\"wp-block-separator has-alpha-channel-opacity\"\/>\n\n<p>\ud83d\udc49 Precisamente por eso nos combinamos:<\/p>\n\n<ul class=\"wp-block-list\">\n<li>An\u00e1lisis de la situaci\u00f3n actual<\/li>\n\n\n\n<li>Comprender los procesos<\/li>\n\n\n\n<li>Recomendaci\u00f3n de productos espec\u00edficos<\/li>\n<\/ul>\n\n<hr class=\"wp-block-separator has-alpha-channel-opacity\"\/>\n\n<h2 class=\"wp-block-heading\">\u00bfTe gustar\u00eda saber c\u00f3mo es eso para ti?<\/h2>\n\n<p>Te lo ense\u00f1aremos:<\/p>\n\n<ul class=\"wp-block-list\">\n<li>En qu\u00e9 fase se encuentra tu cuerpo<\/li>\n\n\n\n<li>qu\u00e9 procesos dominan actualmente<\/li>\n\n\n\n<li>y c\u00f3mo puedes proporcionar apoyo espec\u00edfico<\/li>\n<\/ul>\n\n<hr class=\"wp-block-separator has-alpha-channel-opacity\"\/>\n\n\n<div class=\"wp-block-buttons is-content-justification-left is-layout-flex wp-container-core-buttons-is-layout-fdcfc74e wp-block-buttons-is-layout-flex\">\n  <div class=\"wp-block-button is-style-outline\"><a href=\"https:\/\/unison.marketing\/es\/entrenadores-de-todo-el-mundo\/\" class=\"wp-block-button__link has-white-color has-text-color has-background has-link-color has-medium-font-size has-custom-font-size wp-element-button\" style=\"background-color:#d11140\" onclick=\"return redirectToCoach(event);\">contacto al coach<\/a><\/div>\n\n<\/div>\n\n\n<br\/>\n\n<figure class=\"wp-block-image size-large\"><img loading=\"lazy\" decoding=\"async\" width=\"1024\" height=\"683\" src=\"https:\/\/unison.marketing\/wp-content\/uploads\/2025\/07\/Paar-mit-Ausmessgeraet--1024x683.jpg\" alt=\"\" class=\"wp-image-791\" srcset=\"https:\/\/unison.marketing\/wp-content\/uploads\/2025\/07\/Paar-mit-Ausmessgeraet--1024x683.jpg 1024w, https:\/\/unison.marketing\/wp-content\/uploads\/2025\/07\/Paar-mit-Ausmessgeraet--scaled-600x400.jpg 600w, https:\/\/unison.marketing\/wp-content\/uploads\/2025\/07\/Paar-mit-Ausmessgeraet--300x200.jpg 300w, https:\/\/unison.marketing\/wp-content\/uploads\/2025\/07\/Paar-mit-Ausmessgeraet--768x512.jpg 768w, https:\/\/unison.marketing\/wp-content\/uploads\/2025\/07\/Paar-mit-Ausmessgeraet--1536x1024.jpg 1536w, https:\/\/unison.marketing\/wp-content\/uploads\/2025\/07\/Paar-mit-Ausmessgeraet--2048x1365.jpg 2048w, https:\/\/unison.marketing\/wp-content\/uploads\/2025\/07\/Paar-mit-Ausmessgeraet--624x416.jpg 624w\" sizes=\"auto, (max-width: 1024px) 100vw, 1024px\" \/><\/figure>\n\n<p>\u00a9 2026 UNISON.health<br\/>El modelo de despliegue din\u00e1mico mostrado y la l\u00f3gica de la fase corporal de UNISON.health son propiedad intelectual de UNISON.health.<br\/>Su uso, reproducci\u00f3n o distribuci\u00f3n -incluso parcial- s\u00f3lo ser\u00e1 posible con autorizaci\u00f3n por escrito.<\/p>\n","protected":false},"excerpt":{"rendered":"<p>La cuesti\u00f3n crucial no es \ud83d\udc49 \u00ab\u00bfQu\u00e9 producto es bueno?\u00bb \ud83d\udc49 Pero: \u2757 \u00ab\u00bfQu\u00e9 producto se adapta al sistema del cuerpo &#8211; en el momento&hellip;<\/p>\n","protected":false},"author":1,"featured_media":0,"parent":0,"menu_order":0,"comment_status":"closed","ping_status":"closed","template":"","meta":{"footnotes":""},"class_list":["post-1809","page","type-page","status-publish","hentry"],"_links":{"self":[{"href":"https:\/\/unison.marketing\/es\/wp-json\/wp\/v2\/pages\/1809","targetHints":{"allow":["GET"]}}],"collection":[{"href":"https:\/\/unison.marketing\/es\/wp-json\/wp\/v2\/pages"}],"about":[{"href":"https:\/\/unison.marketing\/es\/wp-json\/wp\/v2\/types\/page"}],"author":[{"embeddable":true,"href":"https:\/\/unison.marketing\/es\/wp-json\/wp\/v2\/users\/1"}],"replies":[{"embeddable":true,"href":"https:\/\/unison.marketing\/es\/wp-json\/wp\/v2\/comments?post=1809"}],"version-history":[{"count":1,"href":"https:\/\/unison.marketing\/es\/wp-json\/wp\/v2\/pages\/1809\/revisions"}],"predecessor-version":[{"id":1810,"href":"https:\/\/unison.marketing\/es\/wp-json\/wp\/v2\/pages\/1809\/revisions\/1810"}],"wp:attachment":[{"href":"https:\/\/unison.marketing\/es\/wp-json\/wp\/v2\/media?parent=1809"}],"curies":[{"name":"wp","href":"https:\/\/api.w.org\/{rel}","templated":true}]}}