
{"id":1819,"date":"2026-03-28T15:43:38","date_gmt":"2026-03-28T15:43:38","guid":{"rendered":"https:\/\/unison.marketing\/por-que-cambian-los-valores\/"},"modified":"2026-04-05T17:49:35","modified_gmt":"2026-04-05T17:49:35","slug":"por-que-cambian-los-valores","status":"publish","type":"page","link":"https:\/\/unison.marketing\/es\/por-que-cambian-los-valores\/","title":{"rendered":"Por qu\u00e9 cambian los valores"},"content":{"rendered":"\n<div class=\"wp-block-cover\"><img loading=\"lazy\" decoding=\"async\" width=\"1024\" height=\"416\" class=\"wp-block-cover__image-background wp-image-1628\" alt=\"\" src=\"https:\/\/unison.marketing\/wp-content\/uploads\/2026\/03\/Phasenaenderungen.png\" data-object-fit=\"cover\" srcset=\"https:\/\/unison.marketing\/wp-content\/uploads\/2026\/03\/Phasenaenderungen.png 1024w, https:\/\/unison.marketing\/wp-content\/uploads\/2026\/03\/Phasenaenderungen-300x122.png 300w, https:\/\/unison.marketing\/wp-content\/uploads\/2026\/03\/Phasenaenderungen-768x312.png 768w, https:\/\/unison.marketing\/wp-content\/uploads\/2026\/03\/Phasenaenderungen-624x254.png 624w, https:\/\/unison.marketing\/wp-content\/uploads\/2026\/03\/Phasenaenderungen-600x244.png 600w\" sizes=\"auto, (max-width: 1024px) 100vw, 1024px\" \/><span aria-hidden=\"true\" class=\"wp-block-cover__background has-background-dim\"><\/span><div class=\"wp-block-cover__inner-container is-layout-flow wp-block-cover-is-layout-flow\">\n<p class=\"has-text-align-center has-large-font-size\">Por qu\u00e9 cambian los valores en el cuerpo<\/p>\n<\/div><\/div>\n\n<br\/>\n\n<p><strong>Y por qu\u00e9 a menudo esto se malinterpreta por completo<\/strong><\/p>\n\n<hr class=\"wp-block-separator has-alpha-channel-opacity\"\/>\n\n<h2 class=\"wp-block-heading\">Un fen\u00f3meno familiar para muchos<\/h2>\n\n<p>Muchas personas experimentan lo siguiente:<\/p>\n\n<ul class=\"wp-block-list\">\n<li>Dos mediciones realizadas con pocos d\u00edas de diferencia muestran resultados diferentes<\/li>\n\n\n\n<li>Los valores sangu\u00edneos parecen cambiar sin una raz\u00f3n clara<\/li>\n\n\n\n<li>Los resultados no coinciden con tu propia imagen corporal<\/li>\n<\/ul>\n\n<hr class=\"wp-block-separator has-alpha-channel-opacity\"\/>\n\n<p>Y a menudo surge la misma pregunta:<\/p>\n\n<blockquote class=\"wp-block-quote is-layout-flow wp-block-quote-is-layout-flow\">\n<p>\u00bfC\u00f3mo es posible?<\/p>\n<\/blockquote>\n\n<hr class=\"wp-block-separator has-alpha-channel-opacity\"\/>\n\n<h2 class=\"wp-block-heading\">El cl\u00e1sico malentendido<\/h2>\n\n<p>A menudo se da por supuesto:<\/p>\n\n<p>\ud83d\udc49 Un valor indica la cantidad presente en el organismo.<\/p>\n\n<hr class=\"wp-block-separator has-alpha-channel-opacity\"\/>\n\n<p>Esto lleva autom\u00e1ticamente a esta conclusi\u00f3n:<\/p>\n\n<ul class=\"wp-block-list\">\n<li>valor alto = bueno<\/li>\n\n\n\n<li>valor bajo = deficiencia<\/li>\n<\/ul>\n\n<hr class=\"wp-block-separator has-alpha-channel-opacity\"\/>\n\n<p>Pero esta visi\u00f3n a menudo se queda corta.<\/p>\n\n<hr class=\"wp-block-separator has-alpha-channel-opacity\"\/>\n\n<h2 class=\"wp-block-heading\">Lo que ocurre en realidad<\/h2>\n\n<p>El cuerpo no funciona est\u00e1ticamente &#8211;<br\/>sino como un sistema din\u00e1mico.<\/p>\n\n<hr class=\"wp-block-separator has-alpha-channel-opacity\"\/>\n\n<p>Los nutrientes no s\u00f3lo se almacenan,<br\/>, sino que tambi\u00e9n se utilizan de distintas formas en funci\u00f3n de las necesidades.<\/p>\n\n<hr class=\"wp-block-separator has-alpha-channel-opacity\"\/>\n\n<p>\ud83d\udc49 Eso significa:<\/p>\n\n<ul class=\"wp-block-list\">\n<li>aumenta la demanda \u2192 aumenta la utilizaci\u00f3n \u2192 pueden bajar los valores<\/li>\n\n\n\n<li>Disminuye la demanda \u2192 Disminuye la utilizaci\u00f3n \u2192 Pueden aumentar los valores<\/li>\n<\/ul>\n\n<hr class=\"wp-block-separator has-alpha-channel-opacity\"\/>\n\n<h2 class=\"wp-block-heading\">Utilizaci\u00f3n en lugar de existencias<\/h2>\n\n<p>Un valor medido no s\u00f3lo muestra lo que hay &#8211;<br\/>, sino tambi\u00e9n la intensidad con que el organismo est\u00e1 utilizando esta sustancia.<\/p>\n\n<hr class=\"wp-block-separator has-alpha-channel-opacity\"\/>\n\n<p>\ud83d\udc49 Por tanto, un valor bajo puede significar dos cosas:<\/p>\n\n<ul class=\"wp-block-list\">\n<li>Defecto real<\/li>\n\n\n\n<li>o aumento de la actividad en el sistema<\/li>\n<\/ul>\n\n<hr class=\"wp-block-separator has-alpha-channel-opacity\"\/>\n\n<p>\ud83d\udc49 Sin contexto, estas dos situaciones son casi indistinguibles.<\/p>\n\n<hr class=\"wp-block-separator has-alpha-channel-opacity\"\/>\n\n<h2 class=\"wp-block-heading\">Por qu\u00e9 los cambios suelen producirse muy r\u00e1pidamente<\/h2>\n\n<p>Nuestras observaciones pr\u00e1cticas demuestran que<\/p>\n\n<p>\ud83d\udc49 A veces los valores pueden cambiar muy r\u00e1pidamente &#8211;<br\/>incluso en 24 horas.<\/p>\n\n<hr class=\"wp-block-separator has-alpha-channel-opacity\"\/>\n\n<p>Esto ocurre en particular cuando el cuerpo<\/p>\n\n<ul class=\"wp-block-list\">\n<li>Procesos metab\u00f3licos activados<\/li>\n\n\n\n<li>Procesos reorganizados<\/li>\n\n\n\n<li>Cambia las prioridades del sistema<\/li>\n<\/ul>\n\n<hr class=\"wp-block-separator has-alpha-channel-opacity\"\/>\n\n<p>\ud83d\udc49 El cuerpo no reacciona linealmente,<br\/>sino de forma din\u00e1mica y en funci\u00f3n de la situaci\u00f3n.<\/p>\n\n<figure class=\"wp-block-image size-full\"><img loading=\"lazy\" decoding=\"async\" width=\"1024\" height=\"416\" src=\"https:\/\/unison.marketing\/wp-content\/uploads\/2026\/03\/Phasenaenderungen.png\" alt=\"\" class=\"wp-image-1628\" srcset=\"https:\/\/unison.marketing\/wp-content\/uploads\/2026\/03\/Phasenaenderungen.png 1024w, https:\/\/unison.marketing\/wp-content\/uploads\/2026\/03\/Phasenaenderungen-300x122.png 300w, https:\/\/unison.marketing\/wp-content\/uploads\/2026\/03\/Phasenaenderungen-768x312.png 768w, https:\/\/unison.marketing\/wp-content\/uploads\/2026\/03\/Phasenaenderungen-624x254.png 624w, https:\/\/unison.marketing\/wp-content\/uploads\/2026\/03\/Phasenaenderungen-600x244.png 600w\" sizes=\"auto, (max-width: 1024px) 100vw, 1024px\" \/><\/figure>\n\n<h2 class=\"wp-block-heading\">El cuerpo no funciona en l\u00ednea recta,<br\/>sino en procesos superpuestos.<\/h2>\n\n<p>Mientras un proceso principal est\u00e1 activo,<br\/>otros procesos pueden interponerse al mismo tiempo.<\/p>\n\n<p>Esta din\u00e1mica significa que los valores pueden fluctuar a corto plazo &#8211;<br\/>aunque el sistema sea estable en general.<\/p>\n\n<h2 class=\"wp-block-heading\">Valores de ejemplo de nuestras series de mediciones internas<\/h2>\n\n<p>Los siguientes ejemplos muestran datos hist\u00f3ricos reales y anonimizados de una persona para los elementos b\u00e1sicos esenciales con medici\u00f3n diaria.<\/p>\n\n<figure class=\"wp-block-image size-large\"><img loading=\"lazy\" decoding=\"async\" width=\"1024\" height=\"261\" src=\"https:\/\/unison.marketing\/wp-content\/uploads\/2026\/03\/Beispielmessdaten-1024x261.png\" alt=\"\" class=\"wp-image-1646\" srcset=\"https:\/\/unison.marketing\/wp-content\/uploads\/2026\/03\/Beispielmessdaten-1024x261.png 1024w, https:\/\/unison.marketing\/wp-content\/uploads\/2026\/03\/Beispielmessdaten-300x76.png 300w, https:\/\/unison.marketing\/wp-content\/uploads\/2026\/03\/Beispielmessdaten-768x196.png 768w, https:\/\/unison.marketing\/wp-content\/uploads\/2026\/03\/Beispielmessdaten-1536x391.png 1536w, https:\/\/unison.marketing\/wp-content\/uploads\/2026\/03\/Beispielmessdaten-2048x522.png 2048w, https:\/\/unison.marketing\/wp-content\/uploads\/2026\/03\/Beispielmessdaten-624x159.png 624w, https:\/\/unison.marketing\/wp-content\/uploads\/2026\/03\/Beispielmessdaten-600x153.png 600w\" sizes=\"auto, (max-width: 1024px) 100vw, 1024px\" \/><\/figure>\n\n<p>A primera vista, esta presentaci\u00f3n parece compleja.<\/p>\n\n<p>Sin embargo, el factor decisivo es el patr\u00f3n subyacente:<\/p>\n\n<p>\ud83d\udc49 Los valores no cambian al azar,<br\/>sino que siguen procesos din\u00e1micos en el organismo.<\/p>\n\n<hr class=\"wp-block-separator has-alpha-channel-opacity\"\/>\n\n<p>\ud83d\udc49 Importante:<\/p>\n\n<p>A pesar de las fluctuaciones, es reconocible<br\/>que estos cambios forman parte de procesos principales globales,<br\/>que se alternan e influyen mutuamente.<\/p>\n\n<hr class=\"wp-block-separator has-alpha-channel-opacity\"\/>\n\n<p>\ud83d\udc49 Es precisamente esta interacci\u00f3n la que ilustraremos paso a paso en las p\u00e1ginas siguientes<br\/>utilizando ejemplos concretos.<\/p>\n\n<hr class=\"wp-block-separator has-alpha-channel-opacity\"\/>\n\n<h2 class=\"wp-block-heading\">\u00bfQu\u00e9 significa esto para la valoraci\u00f3n?<\/h2>\n\n<p>Un \u00fanico valor puede malinterpretarse f\u00e1cilmente.<\/p>\n\n<hr class=\"wp-block-separator has-alpha-channel-opacity\"\/>\n\n<p>\ud83d\udc49 S\u00f3lo se entiende en su contexto:<\/p>\n\n<ul class=\"wp-block-list\">\n<li>Curso de tiempo<\/li>\n\n\n\n<li>Situaci\u00f3n actual<\/li>\n\n\n\n<li>Contexto general<\/li>\n<\/ul>\n\n<hr class=\"wp-block-separator has-alpha-channel-opacity\"\/>\n\n<h2 class=\"wp-block-heading\">Aqu\u00ed es exactamente donde entra en juego el siguiente nivel<\/h2>\n\n<p>Si el cuerpo funciona de forma din\u00e1mica,<br\/>el an\u00e1lisis tambi\u00e9n debe hacer visible esta din\u00e1mica.<\/p>\n\n<hr class=\"wp-block-separator has-alpha-channel-opacity\"\/>\n\n<p>\ud83d\udc49 La cuesti\u00f3n crucial es, por tanto:<\/p>\n\n<blockquote class=\"wp-block-quote is-layout-flow wp-block-quote-is-layout-flow\">\n<p>\u00bfEn qu\u00e9 fase se encuentra el cuerpo actualmente?<\/p>\n<\/blockquote>\n\n<hr class=\"wp-block-separator has-alpha-channel-opacity\"\/>\n\n<p>Contin\u00faa:<\/p>\n<div class=\"wp-block-buttons\"><div class=\"wp-block-button\"><a href=\"https:\/\/unison.marketing\/es\/logica-de-la-fase-corporal\/\" class=\"wp-block-button__link wp-element-button\">l\u00f3gica de las fases del cuerpo<\/a><\/div><\/div>\n\n<hr class=\"wp-block-separator has-alpha-channel-opacity\"\/>\n\n<p>\u00bfTe gustar\u00eda comprender c\u00f3mo funciona actualmente tu cuerpo?<\/p>\n\n<p>Nuestro an\u00e1lisis no s\u00f3lo muestra los valores individuales &#8211;<br\/>sino tambi\u00e9n el estado actual de tu cuerpo.<\/p>\n\n\n<div class=\"wp-block-buttons is-content-justification-left is-layout-flex wp-container-core-buttons-is-layout-fdcfc74e wp-block-buttons-is-layout-flex\">\n  <div class=\"wp-block-button is-style-outline\"><a href=\"https:\/\/unison.marketing\/es\/entrenadores-de-todo-el-mundo\/\" class=\"wp-block-button__link has-white-color has-text-color has-background has-link-color has-medium-font-size has-custom-font-size wp-element-button\" style=\"background-color:#d11140\" onclick=\"return redirectToCoach(event);\">contacto al coach<\/a><\/div>\n\n<\/div>\n\n\n<br\/>\n\n<figure class=\"wp-block-image size-large\"><img loading=\"lazy\" decoding=\"async\" width=\"1024\" height=\"683\" src=\"https:\/\/unison.marketing\/wp-content\/uploads\/2025\/07\/Paar-mit-Ausmessgeraet--1024x683.jpg\" alt=\"\" class=\"wp-image-791\" srcset=\"https:\/\/unison.marketing\/wp-content\/uploads\/2025\/07\/Paar-mit-Ausmessgeraet--1024x683.jpg 1024w, https:\/\/unison.marketing\/wp-content\/uploads\/2025\/07\/Paar-mit-Ausmessgeraet--scaled-600x400.jpg 600w, https:\/\/unison.marketing\/wp-content\/uploads\/2025\/07\/Paar-mit-Ausmessgeraet--300x200.jpg 300w, https:\/\/unison.marketing\/wp-content\/uploads\/2025\/07\/Paar-mit-Ausmessgeraet--768x512.jpg 768w, https:\/\/unison.marketing\/wp-content\/uploads\/2025\/07\/Paar-mit-Ausmessgeraet--1536x1024.jpg 1536w, https:\/\/unison.marketing\/wp-content\/uploads\/2025\/07\/Paar-mit-Ausmessgeraet--2048x1365.jpg 2048w, https:\/\/unison.marketing\/wp-content\/uploads\/2025\/07\/Paar-mit-Ausmessgeraet--624x416.jpg 624w\" sizes=\"auto, (max-width: 1024px) 100vw, 1024px\" \/><\/figure>\n\n<p>\u00a9 2026 UNISON.health<br\/>El modelo de despliegue din\u00e1mico mostrado y la l\u00f3gica de la fase corporal de UNISON.health son propiedad intelectual de UNISON.health.<br\/>Su uso, reproducci\u00f3n o distribuci\u00f3n -incluso parcial- s\u00f3lo ser\u00e1 posible con autorizaci\u00f3n por escrito.<\/p>\n","protected":false},"excerpt":{"rendered":"<p>Y por qu\u00e9 a menudo esto se malinterpreta por completo Un fen\u00f3meno familiar para muchos Muchas personas experimentan lo siguiente: Y a menudo surge la&hellip;<\/p>\n","protected":false},"author":1,"featured_media":0,"parent":0,"menu_order":0,"comment_status":"closed","ping_status":"closed","template":"","meta":{"footnotes":""},"class_list":["post-1819","page","type-page","status-publish","hentry"],"_links":{"self":[{"href":"https:\/\/unison.marketing\/es\/wp-json\/wp\/v2\/pages\/1819","targetHints":{"allow":["GET"]}}],"collection":[{"href":"https:\/\/unison.marketing\/es\/wp-json\/wp\/v2\/pages"}],"about":[{"href":"https:\/\/unison.marketing\/es\/wp-json\/wp\/v2\/types\/page"}],"author":[{"embeddable":true,"href":"https:\/\/unison.marketing\/es\/wp-json\/wp\/v2\/users\/1"}],"replies":[{"embeddable":true,"href":"https:\/\/unison.marketing\/es\/wp-json\/wp\/v2\/comments?post=1819"}],"version-history":[{"count":1,"href":"https:\/\/unison.marketing\/es\/wp-json\/wp\/v2\/pages\/1819\/revisions"}],"predecessor-version":[{"id":1820,"href":"https:\/\/unison.marketing\/es\/wp-json\/wp\/v2\/pages\/1819\/revisions\/1820"}],"wp:attachment":[{"href":"https:\/\/unison.marketing\/es\/wp-json\/wp\/v2\/media?parent=1819"}],"curies":[{"name":"wp","href":"https:\/\/api.w.org\/{rel}","templated":true}]}}