
{"id":360,"date":"2024-10-25T13:29:40","date_gmt":"2024-10-25T13:29:40","guid":{"rendered":"https:\/\/unison.marketing\/inicio\/"},"modified":"2025-08-24T22:40:39","modified_gmt":"2025-08-24T22:40:39","slug":"inicio","status":"publish","type":"page","link":"https:\/\/unison.marketing\/es\/","title":{"rendered":"Inicio"},"content":{"rendered":"\n<figure class=\"wp-block-video\"><video autoplay=\"\" controls=\"\" poster=\"https:\/\/unison.marketing\/wp-content\/uploads\/2025\/06\/Startbild-scaled.jpg\" src=\"https:\/\/unison.marketing\/wp-content\/uploads\/2025\/08\/Reel-Spanisch.mp4\"><\/video><\/figure>\n\n<p class=\"has-text-align-center has-large-font-size\"><strong>\u00bfQu\u00e9 es lo que m\u00e1s te interesa?<\/strong><\/p>\n\n<div class=\"wp-block-group is-layout-grid wp-container-core-group-is-layout-4d858cb8 wp-block-group-is-layout-grid\">\n\n  <!-- ERSTER TILE: PRODUKTE -->\n  \n  <div class=\"wp-block-cover\">\n    <img loading=\"lazy\" decoding=\"async\" width=\"1024\" height=\"1024\" class=\"wp-block-cover__image-background wp-image-611\" alt=\"\" src=\"https:\/\/unison.marketing\/wp-content\/uploads\/2025\/06\/FitLine-Optimal-Set-1-1024x1024.png\" data-object-fit=\"cover\" srcset=\"https:\/\/unison.marketing\/wp-content\/uploads\/2025\/06\/FitLine-Optimal-Set-1-1024x1024.png 1024w, https:\/\/unison.marketing\/wp-content\/uploads\/2025\/06\/FitLine-Optimal-Set-1-300x300.png 300w, https:\/\/unison.marketing\/wp-content\/uploads\/2025\/06\/FitLine-Optimal-Set-1-100x100.png 100w, https:\/\/unison.marketing\/wp-content\/uploads\/2025\/06\/FitLine-Optimal-Set-1-600x600.png 600w, https:\/\/unison.marketing\/wp-content\/uploads\/2025\/06\/FitLine-Optimal-Set-1-150x150.png 150w, https:\/\/unison.marketing\/wp-content\/uploads\/2025\/06\/FitLine-Optimal-Set-1-768x768.png 768w, https:\/\/unison.marketing\/wp-content\/uploads\/2025\/06\/FitLine-Optimal-Set-1-1536x1536.png 1536w, https:\/\/unison.marketing\/wp-content\/uploads\/2025\/06\/FitLine-Optimal-Set-1-624x624.png 624w, https:\/\/unison.marketing\/wp-content\/uploads\/2025\/06\/FitLine-Optimal-Set-1.png 2000w\" sizes=\"auto, (max-width: 1024px) 100vw, 1024px\" \/>\n    <span aria-hidden=\"true\" class=\"wp-block-cover__background has-background-dim\"><\/span>\n    <div class=\"wp-block-cover__inner-container is-layout-flow wp-block-cover-is-layout-flow\">\n\n      \n      <p class=\"has-text-align-center has-medium-font-size\"><strong>Descubre nuestros productos premium<\/strong><br\/><br\/>Para m\u00e1s energ\u00eda, bienestar y calidad de vida, desde dentro hacia fuera<br\/><\/p>\n      \n\n      \n      <div class=\"wp-block-buttons is-content-justification-center is-layout-flex wp-container-core-buttons-is-layout-16018d1d wp-block-buttons-is-layout-flex\">\n<div class=\"wp-block-button is-style-outline\"><a href=\"https:\/\/unison.marketing\/es\/productos\/\" class=\"wp-block-button__link has-white-color has-text-color has-background has-link-color has-medium-font-size has-custom-font-size wp-element-button\" style=\"background-color:#d11140\">saber m\u00e1s<\/a><\/div>\n\n\n      <\/div>\n      \n\n    <\/div>\n  <\/div>\n  \n\n  <!-- ZWEITER TILE: COACH (bleibt wie von dir) -->\n  \n  <div class=\"wp-block-cover\">\n    <img loading=\"lazy\" decoding=\"async\" width=\"2560\" height=\"1707\" class=\"wp-block-cover__image-background wp-image-612\" alt=\"\" src=\"https:\/\/unison.marketing\/wp-content\/uploads\/2025\/06\/shutterstock_1100655035-scaled.jpg\" data-object-fit=\"cover\" srcset=\"https:\/\/unison.marketing\/wp-content\/uploads\/2025\/06\/shutterstock_1100655035-scaled.jpg 2560w, https:\/\/unison.marketing\/wp-content\/uploads\/2025\/06\/shutterstock_1100655035-scaled-600x400.jpg 600w, https:\/\/unison.marketing\/wp-content\/uploads\/2025\/06\/shutterstock_1100655035-300x200.jpg 300w, https:\/\/unison.marketing\/wp-content\/uploads\/2025\/06\/shutterstock_1100655035-1024x683.jpg 1024w, https:\/\/unison.marketing\/wp-content\/uploads\/2025\/06\/shutterstock_1100655035-768x512.jpg 768w, https:\/\/unison.marketing\/wp-content\/uploads\/2025\/06\/shutterstock_1100655035-1536x1024.jpg 1536w, https:\/\/unison.marketing\/wp-content\/uploads\/2025\/06\/shutterstock_1100655035-2048x1365.jpg 2048w, https:\/\/unison.marketing\/wp-content\/uploads\/2025\/06\/shutterstock_1100655035-624x416.jpg 624w\" sizes=\"auto, (max-width: 2560px) 100vw, 2560px\" \/>\n    <span aria-hidden=\"true\" class=\"wp-block-cover__background has-background-dim\"><\/span>\n    <div class=\"wp-block-cover__inner-container is-layout-flow wp-block-cover-is-layout-flow\">\n\n      \n      <p class=\"has-text-align-center has-medium-font-size\"><strong>Tu coach personal de salud<\/strong><br\/><br\/>Apoyo, consejos, motivaci\u00f3n: juntos lograremos tu objetivo<br\/><\/p>\n      \n\n      \n<div class=\"wp-block-buttons is-content-justification-center is-layout-flex wp-container-core-buttons-is-layout-16018d1d wp-block-buttons-is-layout-flex\">\n      <div class=\"wp-block-button is-style-outline\"><a href=\"https:\/\/unison.marketing\/es\/entrenadores-de-todo-el-mundo\/\" class=\"wp-block-button__link has-white-color has-text-color has-background has-link-color has-medium-font-size has-custom-font-size wp-element-button\" style=\"background-color:#d11140\" onclick=\"return redirectToCoach(event);\">contacto al coach<\/a><\/div>\n\n    <\/div>\n      \n\n    <\/div>\n  <\/div>\n  \n\n  <!-- DRITTER TILE: KONZEPT -->\n  \n  <div class=\"wp-block-cover is-light\">\n    <img loading=\"lazy\" decoding=\"async\" width=\"1024\" height=\"520\" class=\"wp-block-cover__image-background wp-image-614 size-large\" alt=\"\" src=\"https:\/\/unison.marketing\/wp-content\/uploads\/2025\/06\/Testbild-Ausmessgeraet-1024x520.jpeg\" style=\"object-position:70% 22%\" data-object-fit=\"cover\" data-object-position=\"70% 22%\" srcset=\"https:\/\/unison.marketing\/wp-content\/uploads\/2025\/06\/Testbild-Ausmessgeraet-1024x520.jpeg 1024w, https:\/\/unison.marketing\/wp-content\/uploads\/2025\/06\/Testbild-Ausmessgeraet-600x305.jpeg 600w, https:\/\/unison.marketing\/wp-content\/uploads\/2025\/06\/Testbild-Ausmessgeraet-300x152.jpeg 300w, https:\/\/unison.marketing\/wp-content\/uploads\/2025\/06\/Testbild-Ausmessgeraet-768x390.jpeg 768w, https:\/\/unison.marketing\/wp-content\/uploads\/2025\/06\/Testbild-Ausmessgeraet-1536x780.jpeg 1536w, https:\/\/unison.marketing\/wp-content\/uploads\/2025\/06\/Testbild-Ausmessgeraet-624x317.jpeg 624w, https:\/\/unison.marketing\/wp-content\/uploads\/2025\/06\/Testbild-Ausmessgeraet.jpeg 1600w\" sizes=\"auto, (max-width: 1024px) 100vw, 1024px\" \/>\n    <span aria-hidden=\"true\" class=\"wp-block-cover__background has-white-background-color has-background-dim\"><\/span>\n    <div class=\"wp-block-cover__inner-container is-layout-constrained wp-block-cover-is-layout-constrained\">\n\n      \n      <p class=\"has-text-align-center has-medium-font-size\"><strong>Nuestro concepto hol\u00edstico<\/strong><br\/><br\/>An\u00e1lisis, seguimiento, resultados. Ning\u00fan sistema llega al coraz\u00f3n de la salud como \u00e9ste<\/p>\n      \n\n      \n      <div class=\"wp-block-buttons is-content-justification-center is-layout-flex wp-container-core-buttons-is-layout-16018d1d wp-block-buttons-is-layout-flex\">\n<div class=\"wp-block-button is-style-outline\"><a href=\"https:\/\/unison.marketing\/es\/concepto\/\" class=\"wp-block-button__link has-white-color has-text-color has-background has-link-color has-medium-font-size has-custom-font-size wp-element-button\" style=\"background-color:#d11140\">conoce el concepto<\/a><\/div>\n\n\n      <\/div>\n      \n\n    <\/div>\n  <\/div>\n  \n\n  <!-- VIERTER TILE: VERDIENST -->\n  \n  <div class=\"wp-block-cover is-light\">\n    <img loading=\"lazy\" decoding=\"async\" width=\"1024\" height=\"683\" class=\"wp-block-cover__image-background wp-image-613 size-large\" alt=\"\" src=\"https:\/\/unison.marketing\/wp-content\/uploads\/2025\/06\/shutterstock_1771377449-1024x683.jpg\" data-object-fit=\"cover\" srcset=\"https:\/\/unison.marketing\/wp-content\/uploads\/2025\/06\/shutterstock_1771377449-1024x683.jpg 1024w, https:\/\/unison.marketing\/wp-content\/uploads\/2025\/06\/shutterstock_1771377449-scaled-600x400.jpg 600w, https:\/\/unison.marketing\/wp-content\/uploads\/2025\/06\/shutterstock_1771377449-300x200.jpg 300w, https:\/\/unison.marketing\/wp-content\/uploads\/2025\/06\/shutterstock_1771377449-768x512.jpg 768w, https:\/\/unison.marketing\/wp-content\/uploads\/2025\/06\/shutterstock_1771377449-1536x1024.jpg 1536w, https:\/\/unison.marketing\/wp-content\/uploads\/2025\/06\/shutterstock_1771377449-2048x1365.jpg 2048w, https:\/\/unison.marketing\/wp-content\/uploads\/2025\/06\/shutterstock_1771377449-624x416.jpg 624w\" sizes=\"auto, (max-width: 1024px) 100vw, 1024px\" \/>\n    <span aria-hidden=\"true\" class=\"wp-block-cover__background has-background-dim\" style=\"background-color:#c4bcb7\"><\/span>\n    <div class=\"wp-block-cover__inner-container is-layout-constrained wp-block-cover-is-layout-constrained\">\n\n      \n      <p class=\"has-text-align-center has-medium-font-size\"><strong>Tu camino hacia la libertad financiera<\/strong><br\/><br\/>Construye un segundo pilar con oportunidades reales de futuro<br\/><\/p>\n      \n\n      \n      <div class=\"wp-block-buttons is-content-justification-center is-layout-flex wp-container-core-buttons-is-layout-16018d1d wp-block-buttons-is-layout-flex\">\n<div class=\"wp-block-button is-style-outline\"><a href=\"https:\/\/unison.marketing\/es\/distribucion\/\" class=\"wp-block-button__link has-white-color has-text-color has-background has-link-color has-medium-font-size has-custom-font-size wp-element-button\" style=\"background-color:#d11140\">descubre las ganancias<\/a><\/div>\n\n\n      <\/div>\n      \n\n    <\/div>\n  <\/div>\n  \n\n<\/div>\n","protected":false},"excerpt":{"rendered":"<p>\u00bfQu\u00e9 es lo que m\u00e1s te interesa?<\/p>\n","protected":false},"author":1,"featured_media":0,"parent":0,"menu_order":0,"comment_status":"closed","ping_status":"closed","template":"","meta":{"footnotes":""},"class_list":["post-360","page","type-page","status-publish","hentry"],"_links":{"self":[{"href":"https:\/\/unison.marketing\/es\/wp-json\/wp\/v2\/pages\/360","targetHints":{"allow":["GET"]}}],"collection":[{"href":"https:\/\/unison.marketing\/es\/wp-json\/wp\/v2\/pages"}],"about":[{"href":"https:\/\/unison.marketing\/es\/wp-json\/wp\/v2\/types\/page"}],"author":[{"embeddable":true,"href":"https:\/\/unison.marketing\/es\/wp-json\/wp\/v2\/users\/1"}],"replies":[{"embeddable":true,"href":"https:\/\/unison.marketing\/es\/wp-json\/wp\/v2\/comments?post=360"}],"version-history":[{"count":13,"href":"https:\/\/unison.marketing\/es\/wp-json\/wp\/v2\/pages\/360\/revisions"}],"predecessor-version":[{"id":1337,"href":"https:\/\/unison.marketing\/es\/wp-json\/wp\/v2\/pages\/360\/revisions\/1337"}],"wp:attachment":[{"href":"https:\/\/unison.marketing\/es\/wp-json\/wp\/v2\/media?parent=360"}],"curies":[{"name":"wp","href":"https:\/\/api.w.org\/{rel}","templated":true}]}}