
{"id":1139,"date":"2024-11-02T11:20:41","date_gmt":"2024-11-02T11:20:41","guid":{"rendered":"https:\/\/unison.marketing\/produtos\/"},"modified":"2026-04-05T14:45:40","modified_gmt":"2026-04-05T14:45:40","slug":"produtos","status":"publish","type":"page","link":"https:\/\/unison.marketing\/pt-br\/produtos\/","title":{"rendered":"Produtos"},"content":{"rendered":"\n<figure class=\"wp-block-video\"><video autoplay=\"\" controls=\"\" poster=\"https:\/\/unison.marketing\/wp-content\/uploads\/2025\/06\/mit-Glas-in-der-Hand-scaled.jpg\" src=\"https:\/\/unison.marketing\/wp-content\/uploads\/2025\/08\/Produktvideo-Portugesisch.mp4\"><\/video><\/figure>\n\n<p class=\"has-text-align-center has-large-font-size\"><strong>O que mais interessa a voc\u00ea?<\/strong><\/p>\n\n<div class=\"wp-block-group is-layout-grid wp-container-core-group-is-layout-6be84c55 wp-block-group-is-layout-grid\">\n<div class=\"wp-block-cover\"><img loading=\"lazy\" decoding=\"async\" width=\"2560\" height=\"1707\" class=\"wp-block-cover__image-background wp-image-612\" alt=\"\" src=\"https:\/\/unison.marketing\/wp-content\/uploads\/2025\/06\/shutterstock_1100655035-scaled.jpg\" data-object-fit=\"cover\" srcset=\"https:\/\/unison.marketing\/wp-content\/uploads\/2025\/06\/shutterstock_1100655035-scaled.jpg 2560w, https:\/\/unison.marketing\/wp-content\/uploads\/2025\/06\/shutterstock_1100655035-scaled-600x400.jpg 600w, https:\/\/unison.marketing\/wp-content\/uploads\/2025\/06\/shutterstock_1100655035-300x200.jpg 300w, https:\/\/unison.marketing\/wp-content\/uploads\/2025\/06\/shutterstock_1100655035-1024x683.jpg 1024w, https:\/\/unison.marketing\/wp-content\/uploads\/2025\/06\/shutterstock_1100655035-768x512.jpg 768w, https:\/\/unison.marketing\/wp-content\/uploads\/2025\/06\/shutterstock_1100655035-1536x1024.jpg 1536w, https:\/\/unison.marketing\/wp-content\/uploads\/2025\/06\/shutterstock_1100655035-2048x1365.jpg 2048w, https:\/\/unison.marketing\/wp-content\/uploads\/2025\/06\/shutterstock_1100655035-624x416.jpg 624w\" sizes=\"auto, (max-width: 2560px) 100vw, 2560px\" \/><span aria-hidden=\"true\" class=\"wp-block-cover__background has-background-dim\"><\/span><div class=\"wp-block-cover__inner-container is-layout-flow wp-block-cover-is-layout-flow\">\n<p class=\"has-text-align-center has-medium-font-size\"><strong>Seu treinador pessoal de sa\u00fade<\/strong><br\/><br\/>Suporte, dicas, motiva\u00e7\u00e3o &#8211; juntos, atingiremos sua meta<br\/><\/p>\n\n\n\n<div class=\"wp-block-buttons is-content-justification-center is-layout-flex wp-container-core-buttons-is-layout-16018d1d wp-block-buttons-is-layout-flex\"><div class=\"wp-block-button is-style-outline\"><a href=\"https:\/\/unison.marketing\/pt-br\/treinadores-em-todo-o-mundo\/\" class=\"wp-block-button__link has-white-color has-text-color has-background has-link-color has-medium-font-size has-custom-font-size wp-element-button\" style=\"background-color:#d11140\" onclick=\"return redirectToCoach(event);\">contato com coach<\/a><\/div>\n<\/div>\n<\/div><\/div>\n\n\n\n<div class=\"wp-block-cover is-light\"><img loading=\"lazy\" decoding=\"async\" width=\"1024\" height=\"520\" class=\"wp-block-cover__image-background wp-image-614 size-large\" alt=\"\" src=\"https:\/\/unison.marketing\/wp-content\/uploads\/2025\/06\/Testbild-Ausmessgeraet-1024x520.jpeg\" style=\"object-position:70% 22%\" data-object-fit=\"cover\" data-object-position=\"70% 22%\" srcset=\"https:\/\/unison.marketing\/wp-content\/uploads\/2025\/06\/Testbild-Ausmessgeraet-1024x520.jpeg 1024w, https:\/\/unison.marketing\/wp-content\/uploads\/2025\/06\/Testbild-Ausmessgeraet-600x305.jpeg 600w, https:\/\/unison.marketing\/wp-content\/uploads\/2025\/06\/Testbild-Ausmessgeraet-300x152.jpeg 300w, https:\/\/unison.marketing\/wp-content\/uploads\/2025\/06\/Testbild-Ausmessgeraet-768x390.jpeg 768w, https:\/\/unison.marketing\/wp-content\/uploads\/2025\/06\/Testbild-Ausmessgeraet-1536x780.jpeg 1536w, https:\/\/unison.marketing\/wp-content\/uploads\/2025\/06\/Testbild-Ausmessgeraet-624x317.jpeg 624w, https:\/\/unison.marketing\/wp-content\/uploads\/2025\/06\/Testbild-Ausmessgeraet.jpeg 1600w\" sizes=\"auto, (max-width: 1024px) 100vw, 1024px\" \/><span aria-hidden=\"true\" class=\"wp-block-cover__background has-white-background-color has-background-dim\"><\/span><div class=\"wp-block-cover__inner-container is-layout-constrained wp-block-cover-is-layout-constrained\">\n<p class=\"has-text-align-center has-medium-font-size\"><strong>Nosso conceito hol\u00edstico<\/strong><br\/><br\/>An\u00e1lise, monitoramento, resultados. Nenhum sistema chega ao cora\u00e7\u00e3o da sa\u00fade como este<\/p>\n\n\n\n<div class=\"wp-block-buttons is-content-justification-center is-layout-flex wp-container-core-buttons-is-layout-16018d1d wp-block-buttons-is-layout-flex\"><div class=\"wp-block-button is-style-outline\"><a href=\"https:\/\/unison.marketing\/pt-br\/conceito\/\" class=\"wp-block-button__link has-white-color has-text-color has-background has-link-color has-medium-font-size has-custom-font-size wp-element-button\" style=\"background-color:#d11140\">conhe\u00e7a o conceito<\/a><\/div>\n<\/div>\n<\/div><\/div>\n\n\n\n<div class=\"wp-block-cover is-light\"><img loading=\"lazy\" decoding=\"async\" width=\"1024\" height=\"683\" class=\"wp-block-cover__image-background wp-image-613 size-large\" alt=\"\" src=\"https:\/\/unison.marketing\/wp-content\/uploads\/2025\/06\/shutterstock_1771377449-1024x683.jpg\" data-object-fit=\"cover\" srcset=\"https:\/\/unison.marketing\/wp-content\/uploads\/2025\/06\/shutterstock_1771377449-1024x683.jpg 1024w, https:\/\/unison.marketing\/wp-content\/uploads\/2025\/06\/shutterstock_1771377449-scaled-600x400.jpg 600w, https:\/\/unison.marketing\/wp-content\/uploads\/2025\/06\/shutterstock_1771377449-300x200.jpg 300w, https:\/\/unison.marketing\/wp-content\/uploads\/2025\/06\/shutterstock_1771377449-768x512.jpg 768w, https:\/\/unison.marketing\/wp-content\/uploads\/2025\/06\/shutterstock_1771377449-1536x1024.jpg 1536w, https:\/\/unison.marketing\/wp-content\/uploads\/2025\/06\/shutterstock_1771377449-2048x1365.jpg 2048w, https:\/\/unison.marketing\/wp-content\/uploads\/2025\/06\/shutterstock_1771377449-624x416.jpg 624w\" sizes=\"auto, (max-width: 1024px) 100vw, 1024px\" \/><span aria-hidden=\"true\" class=\"wp-block-cover__background has-background-dim\" style=\"background-color:#c4bcb7\"><\/span><div class=\"wp-block-cover__inner-container is-layout-constrained wp-block-cover-is-layout-constrained\">\n<p class=\"has-text-align-center has-medium-font-size\"><strong>Seu caminho para a liberdade financeira<\/strong><br\/><br\/>Construa um segundo pilar com oportunidades reais para o futuro<br\/><\/p>\n\n\n\n<div class=\"wp-block-buttons is-content-justification-center is-layout-flex wp-container-core-buttons-is-layout-16018d1d wp-block-buttons-is-layout-flex\"><div class=\"wp-block-button is-style-outline\"><a href=\"https:\/\/unison.marketing\/pt-br\/distribuicao\/\" class=\"wp-block-button__link has-white-color has-text-color has-background has-link-color has-medium-font-size has-custom-font-size wp-element-button\" style=\"background-color:#d11140\">descubra os ganhos<\/a><\/div>\n<\/div>\n<\/div><\/div>\n<\/div>\n","protected":false},"excerpt":{"rendered":"<p>O que mais interessa a voc\u00ea?<\/p>\n","protected":false},"author":2,"featured_media":0,"parent":0,"menu_order":0,"comment_status":"closed","ping_status":"closed","template":"","meta":{"footnotes":""},"class_list":["post-1139","page","type-page","status-publish","hentry"],"_links":{"self":[{"href":"https:\/\/unison.marketing\/pt-br\/wp-json\/wp\/v2\/pages\/1139","targetHints":{"allow":["GET"]}}],"collection":[{"href":"https:\/\/unison.marketing\/pt-br\/wp-json\/wp\/v2\/pages"}],"about":[{"href":"https:\/\/unison.marketing\/pt-br\/wp-json\/wp\/v2\/types\/page"}],"author":[{"embeddable":true,"href":"https:\/\/unison.marketing\/pt-br\/wp-json\/wp\/v2\/users\/2"}],"replies":[{"embeddable":true,"href":"https:\/\/unison.marketing\/pt-br\/wp-json\/wp\/v2\/comments?post=1139"}],"version-history":[{"count":8,"href":"https:\/\/unison.marketing\/pt-br\/wp-json\/wp\/v2\/pages\/1139\/revisions"}],"predecessor-version":[{"id":1719,"href":"https:\/\/unison.marketing\/pt-br\/wp-json\/wp\/v2\/pages\/1139\/revisions\/1719"}],"wp:attachment":[{"href":"https:\/\/unison.marketing\/pt-br\/wp-json\/wp\/v2\/media?parent=1139"}],"curies":[{"name":"wp","href":"https:\/\/api.w.org\/{rel}","templated":true}]}}