
{"id":1755,"date":"2026-03-23T12:33:37","date_gmt":"2026-03-23T12:33:37","guid":{"rendered":"https:\/\/unison.marketing\/inovacao\/"},"modified":"2026-04-05T17:34:12","modified_gmt":"2026-04-05T17:34:12","slug":"inovacao","status":"publish","type":"page","link":"https:\/\/unison.marketing\/pt-br\/inovacao\/","title":{"rendered":"Inova\u00e7\u00e3o"},"content":{"rendered":"\n<div class=\"wp-block-cover\"><img loading=\"lazy\" decoding=\"async\" width=\"683\" height=\"1024\" class=\"wp-block-cover__image-background wp-image-1597\" alt=\"\" src=\"https:\/\/unison.marketing\/wp-content\/uploads\/2026\/03\/hochdynmaische-Energiefluesse-683x1024.png\" data-object-fit=\"cover\" srcset=\"https:\/\/unison.marketing\/wp-content\/uploads\/2026\/03\/hochdynmaische-Energiefluesse-683x1024.png 683w, https:\/\/unison.marketing\/wp-content\/uploads\/2026\/03\/hochdynmaische-Energiefluesse-200x300.png 200w, https:\/\/unison.marketing\/wp-content\/uploads\/2026\/03\/hochdynmaische-Energiefluesse-768x1152.png 768w, https:\/\/unison.marketing\/wp-content\/uploads\/2026\/03\/hochdynmaische-Energiefluesse-624x936.png 624w, https:\/\/unison.marketing\/wp-content\/uploads\/2026\/03\/hochdynmaische-Energiefluesse-600x900.png 600w, https:\/\/unison.marketing\/wp-content\/uploads\/2026\/03\/hochdynmaische-Energiefluesse.png 1024w\" sizes=\"auto, (max-width: 683px) 100vw, 683px\" \/><span aria-hidden=\"true\" class=\"wp-block-cover__background has-background-dim\"><\/span><div class=\"wp-block-cover__inner-container is-layout-flow wp-block-cover-is-layout-flow\">\n<p class=\"has-text-align-center has-large-font-size\"><strong>A sa\u00fade n\u00e3o \u00e9 um estado<\/strong><br\/><strong><br\/>A sa\u00fade \u00e9 um processo altamente din\u00e2mico<\/strong><\/p>\n<\/div><\/div>\n\n<br\/>\n\n<p>Por que os valores no corpo mudam &#8211;<br\/>e o que isso realmente significa.<\/p>\n\n<hr class=\"wp-block-separator has-alpha-channel-opacity\"\/>\n\n<p>A maioria das an\u00e1lises tem uma vis\u00e3o est\u00e1tica do corpo.<br\/>Nossas observa\u00e7\u00f5es e an\u00e1lises pr\u00e1ticas mostram um quadro mais amplo.<br\/><br\/>\ud83d\udc49 O corpo funciona dinamicamente &#8211; em processos e fases.<\/p>\n\n<hr class=\"wp-block-separator has-alpha-channel-opacity\"\/>\n\n<h2 class=\"wp-block-heading\">Por que os valores mudam tanto no corpo?<\/h2>\n\n<p>Na pr\u00e1tica, vemos fen\u00f4menos surpreendentes repetidas vezes:<\/p>\n\n<ul class=\"wp-block-list\">\n<li>Os valores sangu\u00edneos mudam dentro de 24 horas, \u00e0s vezes de forma maci\u00e7a<\/li>\n\n\n\n<li>Os resultados das medi\u00e7\u00f5es parecem contradit\u00f3rios<\/li>\n\n\n\n<li>As condi\u00e7\u00f5es percebidas n\u00e3o correspondem aos valores laboratoriais<\/li>\n<\/ul>\n\n<p>Portanto, muitas pessoas se perguntam:<\/p>\n\n<blockquote class=\"wp-block-quote is-layout-flow wp-block-quote-is-layout-flow\">\n<p>O que \u00e9 realmente verdade agora?<\/p>\n<\/blockquote>\n\n<p>Continuando:<\/p>\n<div class=\"wp-block-buttons\"><div class=\"wp-block-button\"><a href=\"https:\/\/unison.marketing\/pt-br\/por-que-os-valores-mudam\/\" class=\"wp-block-button__link wp-element-button\">Warum sich Werte ver\u00e4ndern<\/a><\/div><\/div>\n\n<br\/>\n\n<h2 class=\"wp-block-heading\">A vis\u00e3o anterior<\/h2>\n\n<p>Tradicionalmente, sup\u00f5e-se que o corpo armazena nutrientes como se estivessem em um dep\u00f3sito:<\/p>\n\n<ul class=\"wp-block-list\">\n<li>muito dispon\u00edvel = bom<\/li>\n\n\n\n<li>pouco dispon\u00edvel = defici\u00eancia<\/li>\n<\/ul>\n\n<p>Esse modelo \u00e9 simples e \u00fatil em muitas \u00e1reas, mas n\u00e3o explica totalmente muitas observa\u00e7\u00f5es feitas na pr\u00e1tica.<\/p>\n\n<hr class=\"wp-block-separator has-alpha-channel-opacity\"\/>\n\n<h2 class=\"wp-block-heading\">A perspectiva mais ampla<\/h2>\n\n<p><strong>Nossas observa\u00e7\u00f5es e an\u00e1lises mostram:<\/strong><br\/>\ud83d\udc49 <strong>O corpo n\u00e3o funciona de forma est\u00e1tica, mas din\u00e2mica<\/strong><\/p>\n\n<p>Os nutrientes n\u00e3o s\u00e3o apenas armazenados,<br\/>mas tamb\u00e9m disponibilizados e utilizados de diferentes maneiras, dependendo das necessidades atuais.<\/p>\n\n<p>Em termos simples, voc\u00ea pode imagin\u00e1-lo como um sistema com press\u00e3o e consumo:<\/p>\n\n<ul class=\"wp-block-list\">\n<li>Baixa demanda \u2192 os valores parecem altos<\/li>\n\n\n\n<li>Alta demanda \u2192 valores caem<\/li>\n<\/ul>\n\n<figure class=\"wp-block-image size-large\"><img loading=\"lazy\" decoding=\"async\" width=\"1024\" height=\"683\" src=\"https:\/\/unison.marketing\/wp-content\/uploads\/2026\/03\/Druckkessel-alleine-1024x683.png\" alt=\"\" class=\"wp-image-1594\" srcset=\"https:\/\/unison.marketing\/wp-content\/uploads\/2026\/03\/Druckkessel-alleine-1024x683.png 1024w, https:\/\/unison.marketing\/wp-content\/uploads\/2026\/03\/Druckkessel-alleine-300x200.png 300w, https:\/\/unison.marketing\/wp-content\/uploads\/2026\/03\/Druckkessel-alleine-768x512.png 768w, https:\/\/unison.marketing\/wp-content\/uploads\/2026\/03\/Druckkessel-alleine-624x416.png 624w, https:\/\/unison.marketing\/wp-content\/uploads\/2026\/03\/Druckkessel-alleine-600x400.png 600w, https:\/\/unison.marketing\/wp-content\/uploads\/2026\/03\/Druckkessel-alleine.png 1536w\" sizes=\"auto, (max-width: 1024px) 100vw, 1024px\" \/><\/figure>\n\n<p>Isso significa que voc\u00ea pode fazer isso:<\/p>\n\n<blockquote class=\"wp-block-quote is-layout-flow wp-block-quote-is-layout-flow\">\n<p>Um valor baixo n\u00e3o \u00e9 automaticamente uma defici\u00eancia &#8211;<br\/>mas tamb\u00e9m pode ser um sinal de uso ativo.<\/p>\n<\/blockquote>\n\n<p>Continuando:<\/p>\n<div class=\"wp-block-buttons\"><div class=\"wp-block-button\"><a href=\"https:\/\/unison.marketing\/pt-br\/compreensao-basica\/\" class=\"wp-block-button__link wp-element-button\">Grundverst\u00e4ndnis<\/a><\/div><\/div>\n\n<br\/>\n\n<h2 class=\"wp-block-heading\">A consequ\u00eancia l\u00f3gica<\/h2>\n\n<p><strong>Se o corpo funcionar de forma din\u00e2mica, essa din\u00e2mica tamb\u00e9m deve ser levada em conta<\/strong><\/p>\n\n<p>Um \u00fanico valor medido sempre descreve apenas um momento.<\/p>\n\n<p>O que tamb\u00e9m \u00e9 crucial:<\/p>\n\n<p>Em que condi\u00e7\u00e3o o corpo se encontra atualmente?<\/p>\n\n<hr class=\"wp-block-separator has-alpha-channel-opacity\"\/>\n\n<p>Isso resulta em um novo n\u00edvel de observa\u00e7\u00e3o:<\/p>\n\n<ul class=\"wp-block-list\">\n<li>Ativa\u00e7\u00e3o<\/li>\n\n\n\n<li>Personaliza\u00e7\u00e3o<\/li>\n\n\n\n<li>Processamento<\/li>\n\n\n\n<li>Al\u00edvio<\/li>\n<\/ul>\n\n<hr class=\"wp-block-separator has-alpha-channel-opacity\"\/>\n\n<p>Continuando:<\/p>\n<div class=\"wp-block-buttons\"><div class=\"wp-block-button\"><a href=\"https:\/\/unison.marketing\/pt-br\/logica-da-fase-corporal\/\" class=\"wp-block-button__link wp-element-button\">K\u00f6rperphasenlogik<\/a><\/div><\/div>\n\n<br\/>\n\n<h2 class=\"wp-block-heading\">O que isso torna poss\u00edvel<\/h2>\n\n<p>Essa vis\u00e3o ampliada torna algo vis\u00edvel,<br\/>que muitas vezes permanece oculto nas an\u00e1lises tradicionais:<\/p>\n\n<p>Os processos funcionais do corpo<\/p>\n\n<p>N\u00e3o somente:<\/p>\n\n<ul class=\"wp-block-list\">\n<li>&#8220;Quanto voc\u00ea tem dispon\u00edvel?&#8221;<\/li>\n<\/ul>\n\n<p>Mas sim:<\/p>\n\n<ul class=\"wp-block-list\">\n<li>&#8220;O que est\u00e1 acontecendo no sistema neste momento?&#8221;<\/li>\n<\/ul>\n\n<hr class=\"wp-block-separator has-alpha-channel-opacity\"\/>\n\n<h2 class=\"wp-block-heading\">O que isso significa especificamente para voc\u00ea?<\/h2>\n\n<ul class=\"wp-block-list\">\n<li>Valores flutuantes n\u00e3o s\u00e3o um erro &#8211; eles fazem parte da regulamenta\u00e7\u00e3o<\/li>\n\n\n\n<li>Seu corpo funciona em processos e fases, n\u00e3o em estados fixos<\/li>\n\n\n\n<li>Os sintomas podem ser uma express\u00e3o de um processo de adapta\u00e7\u00e3o ativo<\/li>\n\n\n\n<li>As recomenda\u00e7\u00f5es devem ser baseadas na situa\u00e7\u00e3o atual, n\u00e3o apenas em valores individuais<\/li>\n<\/ul>\n\n<hr class=\"wp-block-separator has-alpha-channel-opacity\"\/>\n\n<h2 class=\"wp-block-heading\">Classifica\u00e7\u00e3o dessa considera\u00e7\u00e3o<\/h2>\n\n<p>A an\u00e1lise apresentada complementa as considera\u00e7\u00f5es m\u00e9dicas existentes<br\/>com uma perspectiva funcional e din\u00e2mica.<\/p>\n\n<hr class=\"wp-block-separator has-alpha-channel-opacity\"\/>\n\n<p>Importante:<\/p>\n\n<ul class=\"wp-block-list\">\n<li>Ele n\u00e3o substitui o diagn\u00f3stico m\u00e9dico<\/li>\n\n\n\n<li>As doen\u00e7as existentes e os achados m\u00e9dicos devem ser levados em considera\u00e7\u00e3o<\/li>\n\n\n\n<li>Em alguns casos, \u00e9 recomend\u00e1vel um esclarecimento m\u00e9dico adicional<\/li>\n<\/ul>\n\n<hr class=\"wp-block-separator has-alpha-channel-opacity\"\/>\n\n<p>Nossa abordagem visa, em particular, a:<\/p>\n\n<ul class=\"wp-block-list\">\n<li>Pessoas sem doen\u00e7as agudas<\/li>\n\n\n\n<li>Queixas funcionais<\/li>\n\n\n\n<li>T\u00f3picos sobre metabolismo e estilo de vida<\/li>\n<\/ul>\n\n<h2 class=\"wp-block-heading\">Por que essa vis\u00e3o faz a diferen\u00e7a<\/h2>\n\n<p>Somente se a condi\u00e7\u00e3o atual do corpo for categorizada corretamente,<br\/>as medidas poder\u00e3o ser coordenadas de forma sensata.<\/p>\n\n<p>Isso se aplica especialmente a voc\u00ea:<\/p>\n\n<ul class=\"wp-block-list\">\n<li>Nutri\u00e7\u00e3o<\/li>\n\n\n\n<li>Micronutrientes<\/li>\n\n\n\n<li>Regenera\u00e7\u00e3o<\/li>\n\n\n\n<li>Estabilidade de longo prazo<\/li>\n<\/ul>\n\n<hr class=\"wp-block-separator has-alpha-channel-opacity\"\/>\n\n<p>Continuando:<\/p>\n<div class=\"wp-block-buttons\"><div class=\"wp-block-button\"><a href=\"https:\/\/unison.marketing\/pt-br\/compreender-a-recomendacao-do-produto\/\" class=\"wp-block-button__link wp-element-button\">Produktempfehlung verstehen<\/a><\/div><\/div>\n\n<br\/>\n<div class=\"wp-block-buttons\"><div class=\"wp-block-button\"><a href=\"https:\/\/unison.marketing\/pt-br\/por-que-a-fitline\/\" class=\"wp-block-button__link wp-element-button\">Warum wir diese Produktlinie nutzen<\/a><\/div><\/div>\n\n<br\/>\n\n<h2 class=\"wp-block-heading\">Conclus\u00e3o<\/h2>\n\n<p><strong>A sa\u00fade n\u00e3o \u00e9 um valor est\u00e1tico<\/strong><\/p>\n\n<p>O corpo \u00e9 um sistema altamente din\u00e2mico,<br\/>que est\u00e1 constantemente se adaptando e se regulando.<\/p>\n\n<p>Se quiser entend\u00ea-lo, voc\u00ea precisa entender:<\/p>\n\n<p>Reconhecer processos &#8211; n\u00e3o apenas interpretar n\u00fameros.<\/p>\n\n<hr class=\"wp-block-separator has-alpha-channel-opacity\"\/>\n\n<h2 class=\"wp-block-heading\">Voc\u00ea gostaria de saber em que fase seu corpo est\u00e1 atualmente?<\/h2>\n\n<p>Nossa an\u00e1lise n\u00e3o apenas mostra a voc\u00ea os valores &#8211;<br\/>&#8211; mas tamb\u00e9m o estado atual do seu corpo.<\/p>\n\n\n<div class=\"wp-block-buttons is-content-justification-left is-layout-flex wp-container-core-buttons-is-layout-fdcfc74e wp-block-buttons-is-layout-flex\">\n  <div class=\"wp-block-button is-style-outline\"><a href=\"https:\/\/unison.marketing\/pt-br\/treinadores-em-todo-o-mundo\/\" class=\"wp-block-button__link has-white-color has-text-color has-background has-link-color has-medium-font-size has-custom-font-size wp-element-button\" style=\"background-color:#d11140\" onclick=\"return redirectToCoach(event);\">contato com coach<\/a><\/div>\n\n<\/div>\n\n\n<br\/>\n\n<figure class=\"wp-block-image size-large\"><img loading=\"lazy\" decoding=\"async\" width=\"1024\" height=\"683\" src=\"https:\/\/unison.marketing\/wp-content\/uploads\/2025\/07\/Paar-mit-Ausmessgeraet--1024x683.jpg\" alt=\"\" class=\"wp-image-791\" srcset=\"https:\/\/unison.marketing\/wp-content\/uploads\/2025\/07\/Paar-mit-Ausmessgeraet--1024x683.jpg 1024w, https:\/\/unison.marketing\/wp-content\/uploads\/2025\/07\/Paar-mit-Ausmessgeraet--scaled-600x400.jpg 600w, https:\/\/unison.marketing\/wp-content\/uploads\/2025\/07\/Paar-mit-Ausmessgeraet--300x200.jpg 300w, https:\/\/unison.marketing\/wp-content\/uploads\/2025\/07\/Paar-mit-Ausmessgeraet--768x512.jpg 768w, https:\/\/unison.marketing\/wp-content\/uploads\/2025\/07\/Paar-mit-Ausmessgeraet--1536x1024.jpg 1536w, https:\/\/unison.marketing\/wp-content\/uploads\/2025\/07\/Paar-mit-Ausmessgeraet--2048x1365.jpg 2048w, https:\/\/unison.marketing\/wp-content\/uploads\/2025\/07\/Paar-mit-Ausmessgeraet--624x416.jpg 624w\" sizes=\"auto, (max-width: 1024px) 100vw, 1024px\" \/><\/figure>\n\n<p>\u00a9 2026 UNISON.health<br\/>Os modelos apresentados, em particular a l\u00f3gica da fase do corpo do UNISON.health e o modelo de provis\u00e3o din\u00e2mica, s\u00e3o propriedade intelectual do UNISON.health.<br\/>Uso, duplica\u00e7\u00e3o ou distribui\u00e7\u00e3o &#8211; mesmo que parcial &#8211; somente com autoriza\u00e7\u00e3o por escrito.<\/p>\n","protected":false},"excerpt":{"rendered":"<p>Por que os valores no corpo mudam &#8211;e o que isso realmente significa. A maioria das an\u00e1lises tem uma vis\u00e3o est\u00e1tica do corpo.Nossas observa\u00e7\u00f5es e&hellip;<\/p>\n","protected":false},"author":1,"featured_media":0,"parent":0,"menu_order":0,"comment_status":"closed","ping_status":"closed","template":"","meta":{"footnotes":""},"class_list":["post-1755","page","type-page","status-publish","hentry"],"_links":{"self":[{"href":"https:\/\/unison.marketing\/pt-br\/wp-json\/wp\/v2\/pages\/1755","targetHints":{"allow":["GET"]}}],"collection":[{"href":"https:\/\/unison.marketing\/pt-br\/wp-json\/wp\/v2\/pages"}],"about":[{"href":"https:\/\/unison.marketing\/pt-br\/wp-json\/wp\/v2\/types\/page"}],"author":[{"embeddable":true,"href":"https:\/\/unison.marketing\/pt-br\/wp-json\/wp\/v2\/users\/1"}],"replies":[{"embeddable":true,"href":"https:\/\/unison.marketing\/pt-br\/wp-json\/wp\/v2\/comments?post=1755"}],"version-history":[{"count":2,"href":"https:\/\/unison.marketing\/pt-br\/wp-json\/wp\/v2\/pages\/1755\/revisions"}],"predecessor-version":[{"id":1774,"href":"https:\/\/unison.marketing\/pt-br\/wp-json\/wp\/v2\/pages\/1755\/revisions\/1774"}],"wp:attachment":[{"href":"https:\/\/unison.marketing\/pt-br\/wp-json\/wp\/v2\/media?parent=1755"}],"curies":[{"name":"wp","href":"https:\/\/api.w.org\/{rel}","templated":true}]}}