
{"id":1779,"date":"2026-03-24T16:14:29","date_gmt":"2026-03-24T16:14:29","guid":{"rendered":"https:\/\/unison.marketing\/compreensao-basica\/"},"modified":"2026-04-05T17:38:18","modified_gmt":"2026-04-05T17:38:18","slug":"compreensao-basica","status":"publish","type":"page","link":"https:\/\/unison.marketing\/pt-br\/compreensao-basica\/","title":{"rendered":"Compreens\u00e3o b\u00e1sica"},"content":{"rendered":"\n<div class=\"wp-block-cover\"><img loading=\"lazy\" decoding=\"async\" width=\"683\" height=\"1024\" class=\"wp-block-cover__image-background wp-image-1597\" alt=\"\" src=\"https:\/\/unison.marketing\/wp-content\/uploads\/2026\/03\/hochdynmaische-Energiefluesse-683x1024.png\" data-object-fit=\"cover\" srcset=\"https:\/\/unison.marketing\/wp-content\/uploads\/2026\/03\/hochdynmaische-Energiefluesse-683x1024.png 683w, https:\/\/unison.marketing\/wp-content\/uploads\/2026\/03\/hochdynmaische-Energiefluesse-200x300.png 200w, https:\/\/unison.marketing\/wp-content\/uploads\/2026\/03\/hochdynmaische-Energiefluesse-768x1152.png 768w, https:\/\/unison.marketing\/wp-content\/uploads\/2026\/03\/hochdynmaische-Energiefluesse-624x936.png 624w, https:\/\/unison.marketing\/wp-content\/uploads\/2026\/03\/hochdynmaische-Energiefluesse-600x900.png 600w, https:\/\/unison.marketing\/wp-content\/uploads\/2026\/03\/hochdynmaische-Energiefluesse.png 1024w\" sizes=\"auto, (max-width: 683px) 100vw, 683px\" \/><span aria-hidden=\"true\" class=\"wp-block-cover__background has-background-dim\"><\/span><div class=\"wp-block-cover__inner-container is-layout-flow wp-block-cover-is-layout-flow\">\n<p class=\"has-text-align-center has-large-font-size\"><strong>Por que o corpo n\u00e3o \u00e9 um dep\u00f3sito<\/strong><\/p>\n\n\n\n<p class=\"has-text-align-center\"><strong>e por que os valores ainda flutuam<\/strong><\/p>\n<\/div><\/div>\n\n<br\/>\n\n<h2 class=\"wp-block-heading\">Uma pergunta simples<\/h2>\n\n<p>Na vis\u00e3o cl\u00e1ssica, presume-se com frequ\u00eancia,<br\/>que o corpo armazena nutrientes como se estivesse em um dep\u00f3sito.<\/p>\n\n<p>Mas se voc\u00ea olhar mais de perto, surge uma quest\u00e3o crucial:<\/p>\n\n<blockquote class=\"wp-block-quote is-layout-flow wp-block-quote-is-layout-flow\">\n<p>Onde exatamente est\u00e3o localizados esses dep\u00f3sitos?<\/p>\n<\/blockquote>\n\n<p>Na pr\u00e1tica, n\u00e3o h\u00e1 evid\u00eancias de instala\u00e7\u00f5es de armazenamento claramente demarcadas no sentido de um dep\u00f3sito fixo.<\/p>\n\n<p>Em vez disso, surge um quadro diferente:<\/p>\n\n<p>O corpo funciona de forma din\u00e2mica.<\/p>\n\n<hr class=\"wp-block-separator has-alpha-channel-opacity\"\/>\n\n<figure class=\"wp-block-image size-large\"><img loading=\"lazy\" decoding=\"async\" width=\"1024\" height=\"683\" src=\"https:\/\/unison.marketing\/wp-content\/uploads\/2026\/03\/Druckkessel-1024x683.png\" alt=\"\" class=\"wp-image-1622\" srcset=\"https:\/\/unison.marketing\/wp-content\/uploads\/2026\/03\/Druckkessel-1024x683.png 1024w, https:\/\/unison.marketing\/wp-content\/uploads\/2026\/03\/Druckkessel-300x200.png 300w, https:\/\/unison.marketing\/wp-content\/uploads\/2026\/03\/Druckkessel-768x512.png 768w, https:\/\/unison.marketing\/wp-content\/uploads\/2026\/03\/Druckkessel-624x416.png 624w, https:\/\/unison.marketing\/wp-content\/uploads\/2026\/03\/Druckkessel-600x400.png 600w, https:\/\/unison.marketing\/wp-content\/uploads\/2026\/03\/Druckkessel.png 1536w\" sizes=\"auto, (max-width: 1024px) 100vw, 1024px\" \/><\/figure>\n\n<p>Esse modelo mostra de forma simplificada como o corpo realmente funciona:<\/p>\n\n<p><strong>O corpo inteiro funciona como um sistema em rede,<br\/>no qual os nutrientes s\u00e3o constantemente distribu\u00eddos, utilizados e adaptados.<\/strong><\/p>\n\n<p>Elas n\u00e3o est\u00e3o localizadas em um lugar fixo,<br\/>mas est\u00e3o dispon\u00edveis em todo o corpo.<\/p>\n\n<hr class=\"wp-block-separator has-alpha-channel-opacity\"\/>\n\n<p>O fator decisivo \u00e9 o seguinte:<\/p>\n\n<blockquote class=\"wp-block-quote is-layout-flow wp-block-quote-is-layout-flow\">\n<p>Portanto, o fator decisivo n\u00e3o \u00e9 <strong>onde<\/strong> algo est\u00e1 localizado &#8211;<br\/>mas <strong>a intensidade com que \u00e9 usado no sistema.<\/strong><\/p>\n<\/blockquote>\n\n<hr class=\"wp-block-separator has-alpha-channel-opacity\"\/>\n\n<h2 class=\"wp-block-heading\">Dep\u00f3sito vs. din\u00e2mica<\/h2>\n\n<figure class=\"wp-block-table\"><table class=\"has-fixed-layout\"><tbody><tr><td><strong>Vista cl\u00e1ssica (dep\u00f3sito)<\/strong><\/td><td><strong>UNISON.health view (din\u00e2mica)<\/strong><\/td><\/tr><tr><td>Os nutrientes s\u00e3o armazenados<\/td><td>Os nutrientes s\u00e3o fornecidos<\/td><\/tr><tr><td>Os valores mostram o estoque<\/td><td>Os valores mostram a utiliza\u00e7\u00e3o + disponibilidade<\/td><\/tr><tr><td>valor baixo = defici\u00eancia<\/td><td>valor baixo = pode significar aumento da atividade<\/td><\/tr><\/tbody><\/table><\/figure>\n\n<hr class=\"wp-block-separator has-alpha-channel-opacity\"\/>\n\n<h2 class=\"wp-block-heading\">Por que os valores podem mudar rapidamente<\/h2>\n\n<p>Quando o corpo precisa de mais, mais &#8220;v\u00e1lvulas&#8221; se abrem no sistema.<\/p>\n\n<p>O resultado:<\/p>\n\n<ul class=\"wp-block-list\">\n<li>Os nutrientes s\u00e3o cada vez mais utilizados<\/li>\n\n\n\n<li>Os valores medidos podem cair<\/li>\n<\/ul>\n\n<hr class=\"wp-block-separator has-alpha-channel-opacity\"\/>\n\n<p>O inverso tamb\u00e9m \u00e9 verdadeiro:<\/p>\n\n<ul class=\"wp-block-list\">\n<li>Baixa utiliza\u00e7\u00e3o \u2192 os valores parecem mais altos<\/li>\n<\/ul>\n\n<hr class=\"wp-block-separator has-alpha-channel-opacity\"\/>\n\n<p>Nossas observa\u00e7\u00f5es da pr\u00e1tica tamb\u00e9m mostram que<\/p>\n\n<p>\u00c0s vezes, os valores podem mudar muito rapidamente &#8211;<br\/>at\u00e9 mesmo em 24 horas.<\/p>\n\n<figure class=\"wp-block-image size-full\"><img loading=\"lazy\" decoding=\"async\" width=\"1024\" height=\"416\" src=\"https:\/\/unison.marketing\/wp-content\/uploads\/2026\/03\/Phasenaenderungen.png\" alt=\"\" class=\"wp-image-1628\" srcset=\"https:\/\/unison.marketing\/wp-content\/uploads\/2026\/03\/Phasenaenderungen.png 1024w, https:\/\/unison.marketing\/wp-content\/uploads\/2026\/03\/Phasenaenderungen-300x122.png 300w, https:\/\/unison.marketing\/wp-content\/uploads\/2026\/03\/Phasenaenderungen-768x312.png 768w, https:\/\/unison.marketing\/wp-content\/uploads\/2026\/03\/Phasenaenderungen-624x254.png 624w, https:\/\/unison.marketing\/wp-content\/uploads\/2026\/03\/Phasenaenderungen-600x244.png 600w\" sizes=\"auto, (max-width: 1024px) 100vw, 1024px\" \/><\/figure>\n\n<hr class=\"wp-block-separator has-alpha-channel-opacity\"\/>\n\n<p>Isso ocorre principalmente quando o corpo:<\/p>\n\n<ul class=\"wp-block-list\">\n<li>Processos metab\u00f3licos ativados<\/li>\n\n\n\n<li>Reorganiza\u00e7\u00e3o dos processos<\/li>\n\n\n\n<li>ou altera as prioridades do sistema<\/li>\n<\/ul>\n\n<hr class=\"wp-block-separator has-alpha-channel-opacity\"\/>\n\n<p>\ud83d\udc49 Isso significa que voc\u00ea est\u00e1 fazendo isso:<\/p>\n\n<blockquote class=\"wp-block-quote is-layout-flow wp-block-quote-is-layout-flow\">\n<p>As flutua\u00e7\u00f5es n\u00e3o s\u00e3o um erro &#8211;<br\/>mas uma express\u00e3o de um sistema ativo e adapt\u00e1vel.<\/p>\n<\/blockquote>\n\n<hr class=\"wp-block-separator has-alpha-channel-opacity\"\/>\n\n<p>Continuando:<\/p>\n<div class=\"wp-block-buttons\"><div class=\"wp-block-button\"><a href=\"https:\/\/unison.marketing\/pt-br\/por-que-os-valores-mudam\/\" class=\"wp-block-button__link wp-element-button\">Warum sich Werte ver\u00e4ndern<\/a><\/div><\/div>\n\n<br\/>\n\n<h2 class=\"wp-block-heading\">Por que um \u00fanico valor n\u00e3o \u00e9 suficiente<\/h2>\n\n<p>Um valor medido isolado sempre mostra apenas um instant\u00e2neo.<\/p>\n\n<p>Sem contexto, ela pode ser facilmente mal interpretada.<\/p>\n\n<hr class=\"wp-block-separator has-alpha-channel-opacity\"\/>\n\n<p>O fator decisivo \u00e9 o seguinte:<\/p>\n\n<ul class=\"wp-block-list\">\n<li>Em que condi\u00e7\u00f5es o corpo se encontra?<\/li>\n\n\n\n<li>Quais processos est\u00e3o em execu\u00e7\u00e3o no momento?<\/li>\n<\/ul>\n\n<hr class=\"wp-block-separator has-alpha-channel-opacity\"\/>\n\n<p>\u00c9 exatamente a\u00ed que entra o pr\u00f3ximo n\u00edvel:<\/p>\n<div class=\"wp-block-buttons\"><div class=\"wp-block-button\"><a href=\"https:\/\/unison.marketing\/pt-br\/logica-da-fase-corporal\/\" class=\"wp-block-button__link wp-element-button\">K\u00f6rperphasenlogik<\/a><\/div><\/div>\n\n<br\/>\n\n<h2 class=\"wp-block-heading\">Uma mudan\u00e7a de perspectiva<\/h2>\n\n<p>O corpo n\u00e3o \u00e9 um rolamento est\u00e1tico.<\/p>\n\n<p>\u00c9 um sistema altamente din\u00e2mico,<br\/>que est\u00e1 constantemente se adaptando e se regulando.<\/p>\n\n<hr class=\"wp-block-separator has-alpha-channel-opacity\"\/>\n\n<p>Se voc\u00ea quiser entend\u00ea-la,<br\/>deve levar em conta essa din\u00e2mica.<\/p>\n\n<hr class=\"wp-block-separator has-alpha-channel-opacity\"\/>\n\n<h2 class=\"wp-block-heading\">Voc\u00ea gostaria de saber como seu corpo est\u00e1 funcionando atualmente?<\/h2>\n\n<p>Nossa an\u00e1lise n\u00e3o apenas mostra valores,<br\/>, mas tamb\u00e9m o estado atual do seu corpo.<\/p>\n\n\n<div class=\"wp-block-buttons is-content-justification-left is-layout-flex wp-container-core-buttons-is-layout-fdcfc74e wp-block-buttons-is-layout-flex\">\n  <div class=\"wp-block-button is-style-outline\"><a href=\"https:\/\/unison.marketing\/pt-br\/treinadores-em-todo-o-mundo\/\" class=\"wp-block-button__link has-white-color has-text-color has-background has-link-color has-medium-font-size has-custom-font-size wp-element-button\" style=\"background-color:#d11140\" onclick=\"return redirectToCoach(event);\">contato com coach<\/a><\/div>\n\n<\/div>\n\n\n<br\/>\n\n<figure class=\"wp-block-image size-large\"><img loading=\"lazy\" decoding=\"async\" width=\"1024\" height=\"683\" src=\"https:\/\/unison.marketing\/wp-content\/uploads\/2025\/07\/Paar-mit-Ausmessgeraet--1024x683.jpg\" alt=\"\" class=\"wp-image-791\" srcset=\"https:\/\/unison.marketing\/wp-content\/uploads\/2025\/07\/Paar-mit-Ausmessgeraet--1024x683.jpg 1024w, https:\/\/unison.marketing\/wp-content\/uploads\/2025\/07\/Paar-mit-Ausmessgeraet--scaled-600x400.jpg 600w, https:\/\/unison.marketing\/wp-content\/uploads\/2025\/07\/Paar-mit-Ausmessgeraet--300x200.jpg 300w, https:\/\/unison.marketing\/wp-content\/uploads\/2025\/07\/Paar-mit-Ausmessgeraet--768x512.jpg 768w, https:\/\/unison.marketing\/wp-content\/uploads\/2025\/07\/Paar-mit-Ausmessgeraet--1536x1024.jpg 1536w, https:\/\/unison.marketing\/wp-content\/uploads\/2025\/07\/Paar-mit-Ausmessgeraet--2048x1365.jpg 2048w, https:\/\/unison.marketing\/wp-content\/uploads\/2025\/07\/Paar-mit-Ausmessgeraet--624x416.jpg 624w\" sizes=\"auto, (max-width: 1024px) 100vw, 1024px\" \/><\/figure>\n\n<p>\u00a9 2026 UNISON.health<br\/>O modelo de implanta\u00e7\u00e3o din\u00e2mica mostrado e a l\u00f3gica da fase do corpo do UNISON.health s\u00e3o propriedade intelectual do UNISON.health.<br\/>O uso, a reprodu\u00e7\u00e3o ou a distribui\u00e7\u00e3o &#8211; mesmo que parcial &#8211; somente com autoriza\u00e7\u00e3o por escrito.<\/p>\n","protected":false},"excerpt":{"rendered":"<p>Uma pergunta simples Na vis\u00e3o cl\u00e1ssica, presume-se com frequ\u00eancia,que o corpo armazena nutrientes como se estivesse em um dep\u00f3sito. Mas se voc\u00ea olhar mais de&hellip;<\/p>\n","protected":false},"author":1,"featured_media":0,"parent":0,"menu_order":0,"comment_status":"closed","ping_status":"closed","template":"","meta":{"footnotes":""},"class_list":["post-1779","page","type-page","status-publish","hentry"],"_links":{"self":[{"href":"https:\/\/unison.marketing\/pt-br\/wp-json\/wp\/v2\/pages\/1779","targetHints":{"allow":["GET"]}}],"collection":[{"href":"https:\/\/unison.marketing\/pt-br\/wp-json\/wp\/v2\/pages"}],"about":[{"href":"https:\/\/unison.marketing\/pt-br\/wp-json\/wp\/v2\/types\/page"}],"author":[{"embeddable":true,"href":"https:\/\/unison.marketing\/pt-br\/wp-json\/wp\/v2\/users\/1"}],"replies":[{"embeddable":true,"href":"https:\/\/unison.marketing\/pt-br\/wp-json\/wp\/v2\/comments?post=1779"}],"version-history":[{"count":1,"href":"https:\/\/unison.marketing\/pt-br\/wp-json\/wp\/v2\/pages\/1779\/revisions"}],"predecessor-version":[{"id":1780,"href":"https:\/\/unison.marketing\/pt-br\/wp-json\/wp\/v2\/pages\/1779\/revisions\/1780"}],"wp:attachment":[{"href":"https:\/\/unison.marketing\/pt-br\/wp-json\/wp\/v2\/media?parent=1779"}],"curies":[{"name":"wp","href":"https:\/\/api.w.org\/{rel}","templated":true}]}}