
{"id":1799,"date":"2026-04-04T16:30:28","date_gmt":"2026-04-04T16:30:28","guid":{"rendered":"https:\/\/unison.marketing\/compreender-a-recomendacao-do-produto\/"},"modified":"2026-04-05T17:44:36","modified_gmt":"2026-04-05T17:44:36","slug":"compreender-a-recomendacao-do-produto","status":"publish","type":"page","link":"https:\/\/unison.marketing\/pt-br\/compreender-a-recomendacao-do-produto\/","title":{"rendered":"Compreender a recomenda\u00e7\u00e3o do produto"},"content":{"rendered":"\n<div class=\"wp-block-cover\"><img loading=\"lazy\" decoding=\"async\" width=\"1024\" height=\"525\" class=\"wp-block-cover__image-background wp-image-1691\" alt=\"\" src=\"https:\/\/unison.marketing\/wp-content\/uploads\/2026\/04\/Produktempfehlung-1024x525.jpg\" data-object-fit=\"cover\" srcset=\"https:\/\/unison.marketing\/wp-content\/uploads\/2026\/04\/Produktempfehlung-1024x525.jpg 1024w, https:\/\/unison.marketing\/wp-content\/uploads\/2026\/04\/Produktempfehlung-300x154.jpg 300w, https:\/\/unison.marketing\/wp-content\/uploads\/2026\/04\/Produktempfehlung-768x394.jpg 768w, https:\/\/unison.marketing\/wp-content\/uploads\/2026\/04\/Produktempfehlung-624x320.jpg 624w, https:\/\/unison.marketing\/wp-content\/uploads\/2026\/04\/Produktempfehlung-600x308.jpg 600w, https:\/\/unison.marketing\/wp-content\/uploads\/2026\/04\/Produktempfehlung.jpg 1536w\" sizes=\"auto, (max-width: 1024px) 100vw, 1024px\" \/><span aria-hidden=\"true\" class=\"wp-block-cover__background has-background-dim\"><\/span><div class=\"wp-block-cover__inner-container is-layout-flow wp-block-cover-is-layout-flow\">\n<p class=\"has-text-align-center has-large-font-size\">Por que a recomenda\u00e7\u00e3o correta do produto \u00e9 crucial<\/p>\n\n\n\n<p class=\"has-text-align-center\">E por que &#8220;muito ajuda muito&#8221; muitas vezes n\u00e3o funciona<\/p>\n<\/div><\/div>\n\n<br\/>\n\n<p>A maioria das pessoas sup\u00f5e isso:<\/p>\n\n<p>Mais produtos = melhor efeito<\/p>\n\n<hr class=\"wp-block-separator has-alpha-channel-opacity\"\/>\n\n<p>Na pr\u00e1tica, por\u00e9m, as coisas s\u00e3o diferentes:<\/p>\n\n<blockquote class=\"wp-block-quote is-layout-flow wp-block-quote-is-layout-flow\">\n<p>O efeito n\u00e3o \u00e9 criado pela quantidade &#8211;<br\/>mas pelo tempo e pela coordena\u00e7\u00e3o.<\/p>\n<\/blockquote>\n\n<hr class=\"wp-block-separator has-alpha-channel-opacity\"\/>\n\n<h2 class=\"wp-block-heading\">O mal-entendido fundamental<\/h2>\n\n<p>As recomenda\u00e7\u00f5es tradicionais geralmente se baseiam em valores individuais:<\/p>\n\n<ul class=\"wp-block-list\">\n<li>Vitamina muito baixa \u2192 suprimento<\/li>\n\n\n\n<li>Nutriente mineral muito baixo \u2192 aumento<\/li>\n<\/ul>\n\n<hr class=\"wp-block-separator has-alpha-channel-opacity\"\/>\n\n<p>Essa abordagem geralmente \u00e9 insuficiente.<\/p>\n\n<hr class=\"wp-block-separator has-alpha-channel-opacity\"\/>\n\n<p>Por qu\u00ea?<\/p>\n\n<hr class=\"wp-block-separator has-alpha-channel-opacity\"\/>\n\n<p>\ud83d\udc49 Porque o corpo n\u00e3o funciona de forma est\u00e1tica,<br\/>mas em processos din\u00e2micos.<\/p>\n\n<hr class=\"wp-block-separator has-alpha-channel-opacity\"\/>\n\n<h2 class=\"wp-block-heading\">Por que a mesma subst\u00e2ncia pode ter efeitos diferentes<\/h2>\n\n<p>Uma mesma lata de nutrientes:<\/p>\n\n<ul class=\"wp-block-list\">\n<li>ser \u00fatil em uma fase<\/li>\n\n\n\n<li>dificilmente t\u00eam qualquer efeito em outro<\/li>\n\n\n\n<li>em outro, at\u00e9 mesmo sobrecarregam o corpo<\/li>\n<\/ul>\n\n<hr class=\"wp-block-separator has-alpha-channel-opacity\"\/>\n\n<p>\ud83d\udc49 O fator decisivo n\u00e3o \u00e9 apenas &#8220;o que&#8221;<br\/>\ud83d\udc49 mas, acima de tudo, &#8220;quando&#8221;<\/p>\n\n<hr class=\"wp-block-separator has-alpha-channel-opacity\"\/>\n\n<h2 class=\"wp-block-heading\">A quest\u00e3o central<\/h2>\n\n<blockquote class=\"wp-block-quote is-layout-flow wp-block-quote-is-layout-flow\">\n<p>Em que fase o corpo est\u00e1 atualmente?<\/p>\n\n\n\n<hr class=\"wp-block-separator has-alpha-channel-opacity\"\/>\n\n\n\n<p>Somente quando essa pergunta for respondida,<br\/>voc\u00ea poder\u00e1 fazer uma recomenda\u00e7\u00e3o significativa.<\/p>\n\n\n\n<hr class=\"wp-block-separator has-alpha-channel-opacity\"\/>\n<\/blockquote>\n\n<h2 class=\"wp-block-heading\">O que faz uma boa recomenda\u00e7\u00e3o de produto<\/h2>\n\n<p>Uma recomenda\u00e7\u00e3o eficaz \u00e9 levada em considera\u00e7\u00e3o:<\/p>\n\n<hr class=\"wp-block-separator has-alpha-channel-opacity\"\/>\n\n<p>\ud83d\udc49 o estado atual do corpo<br\/>\ud83d\udc49 os processos dominantes<br\/>\ud83d\udc49 a situa\u00e7\u00e3o de estresse atual<br\/>\ud83d\udc49 a capacidade do sistema de processar subst\u00e2ncias<\/p>\n\n<hr class=\"wp-block-separator has-alpha-channel-opacity\"\/>\n\n<h2 class=\"wp-block-heading\">Por que o momento \u00e9 crucial<\/h2>\n\n<p>O corpo passa por fases de:<\/p>\n\n<ul class=\"wp-block-list\">\n<li>Ativa\u00e7\u00e3o<\/li>\n\n\n\n<li>Personaliza\u00e7\u00e3o<\/li>\n\n\n\n<li>Estabiliza\u00e7\u00e3o<\/li>\n\n\n\n<li>Al\u00edvio<\/li>\n<\/ul>\n\n<hr class=\"wp-block-separator has-alpha-channel-opacity\"\/>\n\n<p>Mudan\u00e7as ocorrem em cada uma dessas fases:<\/p>\n\n<ul class=\"wp-block-list\">\n<li>a capacidade de absor\u00e7\u00e3o<\/li>\n\n\n\n<li>o processamento<\/li>\n\n\n\n<li>O efeito dos nutrientes<\/li>\n<\/ul>\n\n<hr class=\"wp-block-separator has-alpha-channel-opacity\"\/>\n\n<h2 class=\"wp-block-heading\">A diferen\u00e7a crucial:<\/h2>\n\n<blockquote class=\"wp-block-quote is-layout-flow wp-block-quote-is-layout-flow\">\n<blockquote class=\"wp-block-quote is-layout-flow wp-block-quote-is-layout-flow\">\n<p>O mesmo produto pode ter efeitos completamente diferentes em fases diferentes<br\/><\/p>\n\n\n\n<hr class=\"wp-block-separator has-alpha-channel-opacity\"\/>\n<\/blockquote>\n\n\n\n<h2 class=\"wp-block-heading\">Um exemplo da pr\u00e1tica<\/h2>\n\n\n\n<p>Se o corpo estiver apoiado em uma fase,<br\/>na qual ele ainda n\u00e3o est\u00e1 pronto para suportar processos:<\/p>\n\n\n\n<ul class=\"wp-block-list\">\n<li>o efeito pode estar ausente<\/li>\n\n\n\n<li>ou o corpo reage com contra-regula\u00e7\u00e3o<\/li>\n<\/ul>\n\n\n\n<hr class=\"wp-block-separator has-alpha-channel-opacity\"\/>\n\n\n\n<p>No entanto, se o mesmo suporte for fornecido no momento certo, voc\u00ea pode ter certeza de que o apoio ser\u00e1 suficiente:<\/p>\n\n\n\n<ul class=\"wp-block-list\">\n<li>os processos podem ser constru\u00eddos de forma est\u00e1vel<\/li>\n\n\n\n<li>e o corpo reage com muito mais efici\u00eancia<\/li>\n<\/ul>\n\n\n\n<hr class=\"wp-block-separator has-alpha-channel-opacity\"\/>\n<\/blockquote>\n\n<h2 class=\"wp-block-heading\">Por que &#8220;mais&#8221; geralmente n\u00e3o \u00e9 melhor<\/h2>\n\n<p>Muitos tentam compensar os d\u00e9ficits com quantidades maiores.<\/p>\n\n<hr class=\"wp-block-separator has-alpha-channel-opacity\"\/>\n\n<p>No entanto, a pr\u00e1tica mostra que<\/p>\n\n<ul class=\"wp-block-list\">\n<li>o corpo s\u00f3 pode processar at\u00e9 certo ponto<\/li>\n\n\n\n<li>O excesso de subst\u00e2ncias polui o sistema<\/li>\n\n\n\n<li>Processos importantes n\u00e3o s\u00e3o especificamente suportados<\/li>\n<\/ul>\n\n<hr class=\"wp-block-separator has-alpha-channel-opacity\"\/>\n\n<h2 class=\"wp-block-heading\">O princ\u00edpio:<\/h2>\n\n<blockquote class=\"wp-block-quote is-layout-flow wp-block-quote-is-layout-flow\">\n<blockquote class=\"wp-block-quote is-layout-flow wp-block-quote-is-layout-flow\">\n<p>\ud83d\udc49 N\u00e3o muito ajuda muito &#8211;<br\/>mas o encaixe ajuda.<\/p>\n\n\n\n<hr class=\"wp-block-separator has-alpha-channel-opacity\"\/>\n<\/blockquote>\n<\/blockquote>\n\n<h2 class=\"wp-block-heading\">O que torna nossa abordagem diferente<\/h2>\n\n<p>Nossas recomenda\u00e7\u00f5es n\u00e3o se baseiam em valores individuais,<br\/>mas no status atual do sistema.<\/p>\n\n<hr class=\"wp-block-separator has-alpha-channel-opacity\"\/>\n\n<p>Isso torna isso poss\u00edvel:<\/p>\n\n<ul class=\"wp-block-list\">\n<li>Suporte direcionado em vez de sobrecarga<\/li>\n\n\n\n<li>Medidas coordenadas em vez de coincid\u00eancia<\/li>\n\n\n\n<li>Desenvolvimento sustent\u00e1vel em vez de efeitos de curto prazo<\/li>\n<\/ul>\n\n<hr class=\"wp-block-separator has-alpha-channel-opacity\"\/>\n\n<h2 class=\"wp-block-heading\">Como uma estrat\u00e9gia sensata surge a partir disso<\/h2>\n\n<p>Uma boa estrat\u00e9gia:<\/p>\n\n<ul class=\"wp-block-list\">\n<li>leva em conta a fase atual<\/li>\n\n\n\n<li>Adapta-se dinamicamente<\/li>\n\n\n\n<li>Desenvolve-se com o corpo<\/li>\n<\/ul>\n\n<hr class=\"wp-block-separator has-alpha-channel-opacity\"\/>\n\n<h2 class=\"wp-block-heading\">A conex\u00e3o decisiva<\/h2>\n\n<blockquote class=\"wp-block-quote is-layout-flow wp-block-quote-is-layout-flow\">\n<blockquote class=\"wp-block-quote is-layout-flow wp-block-quote-is-layout-flow\">\n<p>O corpo deve ser capaz de usar<br\/>uma medida.<\/p>\n<\/blockquote>\n<\/blockquote>\n\n<hr class=\"wp-block-separator has-alpha-channel-opacity\"\/>\n\n<p>S\u00f3 ent\u00e3o voc\u00ea ter\u00e1 um efeito.<\/p>\n\n<hr class=\"wp-block-separator has-alpha-channel-opacity\"\/>\n\n<p>E \u00e9 a\u00ed que surge a pr\u00f3xima pergunta importante:<\/p>\n\n<blockquote class=\"wp-block-quote is-layout-flow wp-block-quote-is-layout-flow\">\n<p>Por que determinados produtos funcionam melhor nesse sistema do que outros?<\/p>\n<\/blockquote>\n\n<p>Continuando:<\/p>\n<div class=\"wp-block-buttons\"><div class=\"wp-block-button\"><a href=\"https:\/\/unison.marketing\/pt-br\/por-que-a-fitline\/\" class=\"wp-block-button__link wp-element-button\">Warum wir diese Produktlinie nutzen<\/a><\/div><\/div>\n\n<br\/>\n\n<h2 class=\"wp-block-heading\">Voc\u00ea gostaria de saber o que seu corpo realmente precisa neste momento?<\/h2>\n\n<p>Mostraremos a voc\u00ea em que fase seu corpo est\u00e1<br\/><br\/> e quais medidas fazem sentido no momento.<\/p>\n\n<hr class=\"wp-block-separator has-alpha-channel-opacity\"\/>\n\n<p>N\u00e3o inclui tudo &#8211;<br\/>, mas \u00e9 personalizado.<\/p>\n\n<hr class=\"wp-block-separator has-alpha-channel-opacity\"\/>\n\n\n<div class=\"wp-block-buttons is-content-justification-left is-layout-flex wp-container-core-buttons-is-layout-fdcfc74e wp-block-buttons-is-layout-flex\">\n  <div class=\"wp-block-button is-style-outline\"><a href=\"https:\/\/unison.marketing\/pt-br\/treinadores-em-todo-o-mundo\/\" class=\"wp-block-button__link has-white-color has-text-color has-background has-link-color has-medium-font-size has-custom-font-size wp-element-button\" style=\"background-color:#d11140\" onclick=\"return redirectToCoach(event);\">contato com coach<\/a><\/div>\n\n<\/div>\n\n\n<br\/>\n\n<figure class=\"wp-block-image size-large\"><img loading=\"lazy\" decoding=\"async\" width=\"1024\" height=\"683\" src=\"https:\/\/unison.marketing\/wp-content\/uploads\/2025\/07\/Paar-mit-Ausmessgeraet--1024x683.jpg\" alt=\"\" class=\"wp-image-791\" srcset=\"https:\/\/unison.marketing\/wp-content\/uploads\/2025\/07\/Paar-mit-Ausmessgeraet--1024x683.jpg 1024w, https:\/\/unison.marketing\/wp-content\/uploads\/2025\/07\/Paar-mit-Ausmessgeraet--scaled-600x400.jpg 600w, https:\/\/unison.marketing\/wp-content\/uploads\/2025\/07\/Paar-mit-Ausmessgeraet--300x200.jpg 300w, https:\/\/unison.marketing\/wp-content\/uploads\/2025\/07\/Paar-mit-Ausmessgeraet--768x512.jpg 768w, https:\/\/unison.marketing\/wp-content\/uploads\/2025\/07\/Paar-mit-Ausmessgeraet--1536x1024.jpg 1536w, https:\/\/unison.marketing\/wp-content\/uploads\/2025\/07\/Paar-mit-Ausmessgeraet--2048x1365.jpg 2048w, https:\/\/unison.marketing\/wp-content\/uploads\/2025\/07\/Paar-mit-Ausmessgeraet--624x416.jpg 624w\" sizes=\"auto, (max-width: 1024px) 100vw, 1024px\" \/><\/figure>\n\n<p>\u00a9 2026 UNISON.health<br\/>O modelo de implanta\u00e7\u00e3o din\u00e2mica mostrado e a l\u00f3gica da fase do corpo do UNISON.health s\u00e3o propriedade intelectual do UNISON.health.<br\/>O uso, a reprodu\u00e7\u00e3o ou a distribui\u00e7\u00e3o &#8211; mesmo que parcial &#8211; somente com autoriza\u00e7\u00e3o por escrito.<\/p>\n\n<p><\/p>\n","protected":false},"excerpt":{"rendered":"<p>A maioria das pessoas sup\u00f5e isso: Mais produtos = melhor efeito Na pr\u00e1tica, por\u00e9m, as coisas s\u00e3o diferentes: O efeito n\u00e3o \u00e9 criado pela quantidade&hellip;<\/p>\n","protected":false},"author":1,"featured_media":0,"parent":0,"menu_order":0,"comment_status":"closed","ping_status":"closed","template":"","meta":{"footnotes":""},"class_list":["post-1799","page","type-page","status-publish","hentry"],"_links":{"self":[{"href":"https:\/\/unison.marketing\/pt-br\/wp-json\/wp\/v2\/pages\/1799","targetHints":{"allow":["GET"]}}],"collection":[{"href":"https:\/\/unison.marketing\/pt-br\/wp-json\/wp\/v2\/pages"}],"about":[{"href":"https:\/\/unison.marketing\/pt-br\/wp-json\/wp\/v2\/types\/page"}],"author":[{"embeddable":true,"href":"https:\/\/unison.marketing\/pt-br\/wp-json\/wp\/v2\/users\/1"}],"replies":[{"embeddable":true,"href":"https:\/\/unison.marketing\/pt-br\/wp-json\/wp\/v2\/comments?post=1799"}],"version-history":[{"count":1,"href":"https:\/\/unison.marketing\/pt-br\/wp-json\/wp\/v2\/pages\/1799\/revisions"}],"predecessor-version":[{"id":1800,"href":"https:\/\/unison.marketing\/pt-br\/wp-json\/wp\/v2\/pages\/1799\/revisions\/1800"}],"wp:attachment":[{"href":"https:\/\/unison.marketing\/pt-br\/wp-json\/wp\/v2\/media?parent=1799"}],"curies":[{"name":"wp","href":"https:\/\/api.w.org\/{rel}","templated":true}]}}