
{"id":1807,"date":"2026-04-05T12:18:55","date_gmt":"2026-04-05T12:18:55","guid":{"rendered":"https:\/\/unison.marketing\/por-que-a-fitline\/"},"modified":"2026-04-05T17:47:24","modified_gmt":"2026-04-05T17:47:24","slug":"por-que-a-fitline","status":"publish","type":"page","link":"https:\/\/unison.marketing\/pt-br\/por-que-a-fitline\/","title":{"rendered":"Por que a FitLine"},"content":{"rendered":"\n<div class=\"wp-block-cover\"><img loading=\"lazy\" decoding=\"async\" width=\"1024\" height=\"525\" class=\"wp-block-cover__image-background wp-image-1691\" alt=\"\" src=\"https:\/\/unison.marketing\/wp-content\/uploads\/2026\/04\/Produktempfehlung-1024x525.jpg\" data-object-fit=\"cover\" srcset=\"https:\/\/unison.marketing\/wp-content\/uploads\/2026\/04\/Produktempfehlung-1024x525.jpg 1024w, https:\/\/unison.marketing\/wp-content\/uploads\/2026\/04\/Produktempfehlung-300x154.jpg 300w, https:\/\/unison.marketing\/wp-content\/uploads\/2026\/04\/Produktempfehlung-768x394.jpg 768w, https:\/\/unison.marketing\/wp-content\/uploads\/2026\/04\/Produktempfehlung-624x320.jpg 624w, https:\/\/unison.marketing\/wp-content\/uploads\/2026\/04\/Produktempfehlung-600x308.jpg 600w, https:\/\/unison.marketing\/wp-content\/uploads\/2026\/04\/Produktempfehlung.jpg 1536w\" sizes=\"auto, (max-width: 1024px) 100vw, 1024px\" \/><span aria-hidden=\"true\" class=\"wp-block-cover__background has-background-dim\"><\/span><div class=\"wp-block-cover__inner-container is-layout-flow wp-block-cover-is-layout-flow\">\n<p class=\"has-text-align-center has-large-font-size\">Por que tomamos uma decis\u00e3o consciente em favor de uma linha de produtos clara<\/p>\n\n\n\n<p class=\"has-text-align-center\">E por que nem todos os produtos se encaixam nesse sistema?<\/p>\n<\/div><\/div>\n\n<br\/>\n\n<p>A quest\u00e3o crucial n\u00e3o \u00e9:<\/p>\n\n<p>\ud83d\udc49 &#8220;Qual produto \u00e9 bom?&#8221;<\/p>\n\n<hr class=\"wp-block-separator has-alpha-channel-opacity\"\/>\n\n<p>Mas:<\/p>\n\n<blockquote class=\"wp-block-quote is-layout-flow wp-block-quote-is-layout-flow\">\n<p>&#8220;Qual produto se adapta ao sistema do corpo &#8211; no momento certo?&#8221;<\/p>\n<\/blockquote>\n\n<hr class=\"wp-block-separator has-alpha-channel-opacity\"\/>\n\n<h2 class=\"wp-block-heading\">Os produtos s\u00e3o t\u00e3o bons quanto a sua aplica\u00e7\u00e3o<\/h2>\n\n<p>Muitos produtos cont\u00eam bons ingredientes.<\/p>\n\n<hr class=\"wp-block-separator has-alpha-channel-opacity\"\/>\n\n<p>No entanto, muitas vezes o efeito n\u00e3o se concretiza.<\/p>\n\n<hr class=\"wp-block-separator has-alpha-channel-opacity\"\/>\n\n<p>Por qu\u00ea?<\/p>\n\n<hr class=\"wp-block-separator has-alpha-channel-opacity\"\/>\n\n<p>Porque faltam fatores decisivos:<\/p>\n\n<ul class=\"wp-block-list\">\n<li>Cronograma<\/li>\n\n\n\n<li>Capacidade de absor\u00e7\u00e3o<\/li>\n\n\n\n<li>Transporte no corpo<\/li>\n\n\n\n<li>Sintoniza\u00e7\u00e3o com o status atual<\/li>\n<\/ul>\n\n<hr class=\"wp-block-separator has-alpha-channel-opacity\"\/>\n\n<h2 class=\"wp-block-heading\">A diferen\u00e7a decisiva est\u00e1 no sistema<\/h2>\n\n<p>Nossa abordagem se baseia em um princ\u00edpio simples:<\/p>\n\n<hr class=\"wp-block-separator has-alpha-channel-opacity\"\/>\n\n<blockquote class=\"wp-block-quote is-layout-flow wp-block-quote-is-layout-flow\">\n<p>O corpo deve ser capaz de utilizar<br\/>as subst\u00e2ncias fornecidas de maneira sensata.<\/p>\n<\/blockquote>\n\n<hr class=\"wp-block-separator has-alpha-channel-opacity\"\/>\n\n<p>\ud83d\udc49 Isso significa que voc\u00ea est\u00e1 fazendo isso:<\/p>\n\n<ul class=\"wp-block-list\">\n<li>A grava\u00e7\u00e3o por si s\u00f3 n\u00e3o \u00e9 suficiente<\/li>\n\n\n\n<li>A disponibilidade por si s\u00f3 n\u00e3o \u00e9 suficiente<\/li>\n\n\n\n<li>O fator decisivo \u00e9 a utiliza\u00e7\u00e3o no sistema<\/li>\n<\/ul>\n\n<hr class=\"wp-block-separator has-alpha-channel-opacity\"\/>\n\n<figure class=\"wp-block-video\"><video height=\"1080\" style=\"aspect-ratio: 1920 \/ 1080;\" width=\"1920\" controls=\"\" poster=\"https:\/\/unison.marketing\/wp-content\/uploads\/2026\/04\/NTC-frame-at-0m4s.jpg\" src=\"https:\/\/unison.marketing\/wp-content\/uploads\/2026\/04\/NTC.mp4\" playsinline=\"\"><\/video><\/figure>\n\n<h2 class=\"wp-block-heading\">Por que trabalhamos com produtos FitLine<\/h2>\n\n<p>Optamos deliberadamente pelos produtos FitLine,<br\/>porque eles atendem a determinadas propriedades,<br\/>que s\u00e3o cruciais em nossa abordagem.<\/p>\n\n<hr class=\"wp-block-separator has-alpha-channel-opacity\"\/>\n\n<h2 class=\"wp-block-heading\">\ud83d\udd11 1. transporte no corpo<\/h2>\n\n<hr class=\"wp-block-separator has-alpha-channel-opacity\"\/>\n\n<p>Os produtos s\u00e3o projetados para disponibilizar os nutrientes do<br\/>no corpo.<\/p>\n\n<hr class=\"wp-block-separator has-alpha-channel-opacity\"\/>\n\n<p>Isso oferece suporte:<\/p>\n\n<ul class=\"wp-block-list\">\n<li>Registro<\/li>\n\n\n\n<li>Distribui\u00e7\u00e3o<\/li>\n\n\n\n<li>Utiliza\u00e7\u00e3o<\/li>\n<\/ul>\n\n<hr class=\"wp-block-separator has-alpha-channel-opacity\"\/>\n\n<h2 class=\"wp-block-heading\">\ud83d\udd11 2. combina\u00e7\u00e3o em vez de subst\u00e2ncias individuais<\/h2>\n\n<hr class=\"wp-block-separator has-alpha-channel-opacity\"\/>\n\n<p>Muitos produtos funcionam de forma isolada.<\/p>\n\n<hr class=\"wp-block-separator has-alpha-channel-opacity\"\/>\n\n<p>As subst\u00e2ncias s\u00e3o combinadas aqui,<br\/>que podem trabalhar juntas.<\/p>\n\n<hr class=\"wp-block-separator has-alpha-channel-opacity\"\/>\n\n<p>Isso \u00e9 mais adequado para um sistema,<br\/>que tamb\u00e9m funciona em uma rede.<\/p>\n\n<hr class=\"wp-block-separator has-alpha-channel-opacity\"\/>\n\n<h2 class=\"wp-block-heading\">\ud83d\udd11 3. harmoniza\u00e7\u00e3o com os processos<\/h2>\n\n<hr class=\"wp-block-separator has-alpha-channel-opacity\"\/>\n\n<p>Os produtos podem ser usados de forma flex\u00edvel.<\/p>\n\n<hr class=\"wp-block-separator has-alpha-channel-opacity\"\/>\n\n<p>Isso permite que eles sejam adaptados ao status atual.<\/p>\n\n<hr class=\"wp-block-separator has-alpha-channel-opacity\"\/>\n\n<p>Isso \u00e9 exatamente o que \u00e9 crucial:<\/p>\n\n<blockquote class=\"wp-block-quote is-layout-flow wp-block-quote-is-layout-flow\">\n<p>Mesmos produtos &#8211; efeitos diferentes dependendo da fase<\/p>\n<\/blockquote>\n\n<hr class=\"wp-block-separator has-alpha-channel-opacity\"\/>\n\n<h2 class=\"wp-block-heading\">Por que nos comprometemos conscientemente<\/h2>\n\n<p>H\u00e1 muitos produtos no mercado.<\/p>\n\n<hr class=\"wp-block-separator has-alpha-channel-opacity\"\/>\n\n<p>Nosso objetivo n\u00e3o era:<\/p>\n\n<ul class=\"wp-block-list\">\n<li>O maior n\u00famero poss\u00edvel de op\u00e7\u00f5es<\/li>\n\n\n\n<li>A mais ampla sele\u00e7\u00e3o poss\u00edvel<\/li>\n<\/ul>\n\n<hr class=\"wp-block-separator has-alpha-channel-opacity\"\/>\n\n<p>Mas:<\/p>\n\n<blockquote class=\"wp-block-quote is-layout-flow wp-block-quote-is-layout-flow\">\n<p>\ud83d\udca5 Uma solu\u00e7\u00e3o que funcione sistematicamente<\/p>\n<\/blockquote>\n\n<hr class=\"wp-block-separator has-alpha-channel-opacity\"\/>\n\n<p>Foi por isso que tomamos a decis\u00e3o:<\/p>\n\n<ul class=\"wp-block-list\">\n<li>trabalhar com um sistema claramente definido<\/li>\n\n\n\n<li>em vez de mudar constantemente os produtos<\/li>\n<\/ul>\n\n<hr class=\"wp-block-separator has-alpha-channel-opacity\"\/>\n\n<h2 class=\"wp-block-heading\">A conex\u00e3o decisiva<\/h2>\n\n<p>O efeito n\u00e3o \u00e9 criado apenas pelo produto.<\/p>\n\n<hr class=\"wp-block-separator has-alpha-channel-opacity\"\/>\n\n<p>Mas por meio da intera\u00e7\u00e3o de:<\/p>\n\n<ul class=\"wp-block-list\">\n<li>Produto<\/li>\n\n\n\n<li>Cronograma<\/li>\n\n\n\n<li>Condi\u00e7\u00e3o do corpo<\/li>\n<\/ul>\n\n<hr class=\"wp-block-separator has-alpha-channel-opacity\"\/>\n\n<blockquote class=\"wp-block-quote is-layout-flow wp-block-quote-is-layout-flow\">\n<p>Somente essa intera\u00e7\u00e3o cria o efeito.<\/p>\n<\/blockquote>\n\n<hr class=\"wp-block-separator has-alpha-channel-opacity\"\/>\n\n<h2 class=\"wp-block-heading\">O que isso significa para voc\u00ea<\/h2>\n\n<p>Voc\u00ea precisa:<\/p>\n\n<ul class=\"wp-block-list\">\n<li>N\u00e3o h\u00e1 um grande n\u00famero de produtos<\/li>\n\n\n\n<li>Sem estrat\u00e9gias complicadas<\/li>\n<\/ul>\n\n<hr class=\"wp-block-separator has-alpha-channel-opacity\"\/>\n\n<p>Mas:<\/p>\n\n<blockquote class=\"wp-block-quote is-layout-flow wp-block-quote-is-layout-flow\">\n<p>O aplicativo certo no momento certo<\/p>\n<\/blockquote>\n\n<hr class=\"wp-block-separator has-alpha-channel-opacity\"\/>\n\n<h2 class=\"wp-block-heading\">A diferen\u00e7a na pr\u00e1tica<\/h2>\n\n<p>Muitas pessoas j\u00e1 tiveram experi\u00eancia com suplementos alimentares.<\/p>\n\n<hr class=\"wp-block-separator has-alpha-channel-opacity\"\/>\n\n<p>Muitas vezes, sem sucesso duradouro.<\/p>\n\n<hr class=\"wp-block-separator has-alpha-channel-opacity\"\/>\n\n<p>A diferen\u00e7a n\u00e3o est\u00e1 apenas no produto &#8211;<br\/>mas na compreens\u00e3o do sistema.<\/p>\n\n<hr class=\"wp-block-separator has-alpha-channel-opacity\"\/>\n\n<p>\u00c9 exatamente por isso que combinamos:<\/p>\n\n<ul class=\"wp-block-list\">\n<li>An\u00e1lise do status atual<\/li>\n\n\n\n<li>Compreens\u00e3o dos processos<\/li>\n\n\n\n<li>Recomenda\u00e7\u00e3o de produtos direcionados<\/li>\n<\/ul>\n\n<hr class=\"wp-block-separator has-alpha-channel-opacity\"\/>\n\n<h2 class=\"wp-block-heading\">Gostaria de saber como \u00e9 isso para voc\u00ea?<\/h2>\n\n<p>N\u00f3s mostraremos a voc\u00ea:<\/p>\n\n<ul class=\"wp-block-list\">\n<li>Em que fase seu corpo est\u00e1<\/li>\n\n\n\n<li>quais processos dominam atualmente<\/li>\n\n\n\n<li>e como voc\u00ea pode oferecer suporte direcionado<\/li>\n<\/ul>\n\n<hr class=\"wp-block-separator has-alpha-channel-opacity\"\/>\n\n\n<div class=\"wp-block-buttons is-content-justification-left is-layout-flex wp-container-core-buttons-is-layout-fdcfc74e wp-block-buttons-is-layout-flex\">\n  <div class=\"wp-block-button is-style-outline\"><a href=\"https:\/\/unison.marketing\/pt-br\/treinadores-em-todo-o-mundo\/\" class=\"wp-block-button__link has-white-color has-text-color has-background has-link-color has-medium-font-size has-custom-font-size wp-element-button\" style=\"background-color:#d11140\" onclick=\"return redirectToCoach(event);\">contato com coach<\/a><\/div>\n\n<\/div>\n\n\n<br\/>\n\n<figure class=\"wp-block-image size-large\"><img loading=\"lazy\" decoding=\"async\" width=\"1024\" height=\"683\" src=\"https:\/\/unison.marketing\/wp-content\/uploads\/2025\/07\/Paar-mit-Ausmessgeraet--1024x683.jpg\" alt=\"\" class=\"wp-image-791\" srcset=\"https:\/\/unison.marketing\/wp-content\/uploads\/2025\/07\/Paar-mit-Ausmessgeraet--1024x683.jpg 1024w, https:\/\/unison.marketing\/wp-content\/uploads\/2025\/07\/Paar-mit-Ausmessgeraet--scaled-600x400.jpg 600w, https:\/\/unison.marketing\/wp-content\/uploads\/2025\/07\/Paar-mit-Ausmessgeraet--300x200.jpg 300w, https:\/\/unison.marketing\/wp-content\/uploads\/2025\/07\/Paar-mit-Ausmessgeraet--768x512.jpg 768w, https:\/\/unison.marketing\/wp-content\/uploads\/2025\/07\/Paar-mit-Ausmessgeraet--1536x1024.jpg 1536w, https:\/\/unison.marketing\/wp-content\/uploads\/2025\/07\/Paar-mit-Ausmessgeraet--2048x1365.jpg 2048w, https:\/\/unison.marketing\/wp-content\/uploads\/2025\/07\/Paar-mit-Ausmessgeraet--624x416.jpg 624w\" sizes=\"auto, (max-width: 1024px) 100vw, 1024px\" \/><\/figure>\n\n<p>\u00a9 2026 UNISON.health<br\/>O modelo de implanta\u00e7\u00e3o din\u00e2mica mostrado e a l\u00f3gica da fase do corpo do UNISON.health s\u00e3o propriedade intelectual do UNISON.health.<br\/>O uso, a reprodu\u00e7\u00e3o ou a distribui\u00e7\u00e3o &#8211; mesmo que parcial &#8211; somente com autoriza\u00e7\u00e3o por escrito.<\/p>\n","protected":false},"excerpt":{"rendered":"<p>A quest\u00e3o crucial n\u00e3o \u00e9: \ud83d\udc49 &#8220;Qual produto \u00e9 bom?&#8221; Mas: &#8220;Qual produto se adapta ao sistema do corpo &#8211; no momento certo?&#8221; Os produtos&hellip;<\/p>\n","protected":false},"author":1,"featured_media":0,"parent":0,"menu_order":0,"comment_status":"closed","ping_status":"closed","template":"","meta":{"footnotes":""},"class_list":["post-1807","page","type-page","status-publish","hentry"],"_links":{"self":[{"href":"https:\/\/unison.marketing\/pt-br\/wp-json\/wp\/v2\/pages\/1807","targetHints":{"allow":["GET"]}}],"collection":[{"href":"https:\/\/unison.marketing\/pt-br\/wp-json\/wp\/v2\/pages"}],"about":[{"href":"https:\/\/unison.marketing\/pt-br\/wp-json\/wp\/v2\/types\/page"}],"author":[{"embeddable":true,"href":"https:\/\/unison.marketing\/pt-br\/wp-json\/wp\/v2\/users\/1"}],"replies":[{"embeddable":true,"href":"https:\/\/unison.marketing\/pt-br\/wp-json\/wp\/v2\/comments?post=1807"}],"version-history":[{"count":1,"href":"https:\/\/unison.marketing\/pt-br\/wp-json\/wp\/v2\/pages\/1807\/revisions"}],"predecessor-version":[{"id":1808,"href":"https:\/\/unison.marketing\/pt-br\/wp-json\/wp\/v2\/pages\/1807\/revisions\/1808"}],"wp:attachment":[{"href":"https:\/\/unison.marketing\/pt-br\/wp-json\/wp\/v2\/media?parent=1807"}],"curies":[{"name":"wp","href":"https:\/\/api.w.org\/{rel}","templated":true}]}}