
{"id":1815,"date":"2026-03-28T15:43:38","date_gmt":"2026-03-28T15:43:38","guid":{"rendered":"https:\/\/unison.marketing\/por-que-os-valores-mudam\/"},"modified":"2026-04-05T17:49:09","modified_gmt":"2026-04-05T17:49:09","slug":"por-que-os-valores-mudam","status":"publish","type":"page","link":"https:\/\/unison.marketing\/pt-br\/por-que-os-valores-mudam\/","title":{"rendered":"Por que os valores mudam"},"content":{"rendered":"\n<div class=\"wp-block-cover\"><img loading=\"lazy\" decoding=\"async\" width=\"1024\" height=\"416\" class=\"wp-block-cover__image-background wp-image-1628\" alt=\"\" src=\"https:\/\/unison.marketing\/wp-content\/uploads\/2026\/03\/Phasenaenderungen.png\" data-object-fit=\"cover\" srcset=\"https:\/\/unison.marketing\/wp-content\/uploads\/2026\/03\/Phasenaenderungen.png 1024w, https:\/\/unison.marketing\/wp-content\/uploads\/2026\/03\/Phasenaenderungen-300x122.png 300w, https:\/\/unison.marketing\/wp-content\/uploads\/2026\/03\/Phasenaenderungen-768x312.png 768w, https:\/\/unison.marketing\/wp-content\/uploads\/2026\/03\/Phasenaenderungen-624x254.png 624w, https:\/\/unison.marketing\/wp-content\/uploads\/2026\/03\/Phasenaenderungen-600x244.png 600w\" sizes=\"auto, (max-width: 1024px) 100vw, 1024px\" \/><span aria-hidden=\"true\" class=\"wp-block-cover__background has-background-dim\"><\/span><div class=\"wp-block-cover__inner-container is-layout-flow wp-block-cover-is-layout-flow\">\n<p class=\"has-text-align-center has-large-font-size\">Por que os valores no corpo mudam<\/p>\n<\/div><\/div>\n\n<br\/>\n\n<p><strong>E por que isso muitas vezes \u00e9 completamente incompreendido<\/strong><\/p>\n\n<hr class=\"wp-block-separator has-alpha-channel-opacity\"\/>\n\n<h2 class=\"wp-block-heading\">Um fen\u00f4meno conhecido por muitos<\/h2>\n\n<p>Muitas pessoas apresentam os seguintes sintomas:<\/p>\n\n<ul class=\"wp-block-list\">\n<li>Duas medi\u00e7\u00f5es feitas com alguns dias de intervalo mostram resultados diferentes<\/li>\n\n\n\n<li>Os valores sangu\u00edneos parecem mudar sem um motivo claro<\/li>\n\n\n\n<li>Os resultados n\u00e3o correspondem \u00e0 imagem corporal que voc\u00ea tem de si mesmo<\/li>\n<\/ul>\n\n<hr class=\"wp-block-separator has-alpha-channel-opacity\"\/>\n\n<p>E muitas vezes surge a mesma pergunta:<\/p>\n\n<blockquote class=\"wp-block-quote is-layout-flow wp-block-quote-is-layout-flow\">\n<p>Como isso \u00e9 poss\u00edvel?<\/p>\n<\/blockquote>\n\n<hr class=\"wp-block-separator has-alpha-channel-opacity\"\/>\n\n<h2 class=\"wp-block-heading\">O cl\u00e1ssico mal-entendido<\/h2>\n\n<p>Isso geralmente \u00e9 presumido:<\/p>\n\n<p>Um valor mostra a quantidade presente no corpo.<\/p>\n\n<hr class=\"wp-block-separator has-alpha-channel-opacity\"\/>\n\n<p>Isso leva automaticamente a essa conclus\u00e3o:<\/p>\n\n<ul class=\"wp-block-list\">\n<li>alto valor = bom<\/li>\n\n\n\n<li>valor baixo = defici\u00eancia<\/li>\n<\/ul>\n\n<hr class=\"wp-block-separator has-alpha-channel-opacity\"\/>\n\n<p>Mas essa vis\u00e3o muitas vezes \u00e9 insuficiente.<\/p>\n\n<hr class=\"wp-block-separator has-alpha-channel-opacity\"\/>\n\n<h2 class=\"wp-block-heading\">O que realmente acontece<\/h2>\n\n<p>O corpo n\u00e3o funciona de forma est\u00e1tica &#8211;<br\/>mas como um sistema din\u00e2mico.<\/p>\n\n<hr class=\"wp-block-separator has-alpha-channel-opacity\"\/>\n\n<p>Os nutrientes n\u00e3o s\u00e3o apenas armazenados,<br\/>mas tamb\u00e9m utilizados de diferentes maneiras, dependendo das necessidades.<\/p>\n\n<hr class=\"wp-block-separator has-alpha-channel-opacity\"\/>\n\n<p>\ud83d\udc49 Isso significa que voc\u00ea est\u00e1 fazendo isso:<\/p>\n\n<ul class=\"wp-block-list\">\n<li>a demanda aumenta \u2192 a utiliza\u00e7\u00e3o aumenta \u2192 os valores podem cair<\/li>\n\n\n\n<li>A demanda diminui \u2192 A utiliza\u00e7\u00e3o diminui \u2192 Os valores podem aumentar<\/li>\n<\/ul>\n\n<hr class=\"wp-block-separator has-alpha-channel-opacity\"\/>\n\n<h2 class=\"wp-block-heading\">Utiliza\u00e7\u00e3o em vez de estoque<\/h2>\n\n<p>Um valor medido n\u00e3o apenas mostra o que est\u00e1 presente &#8211;<br\/>&#8211; mas tamb\u00e9m a intensidade com que o corpo est\u00e1 utilizando essa subst\u00e2ncia no momento.<\/p>\n\n<hr class=\"wp-block-separator has-alpha-channel-opacity\"\/>\n\n<p>Portanto, um valor baixo pode significar duas coisas:<\/p>\n\n<ul class=\"wp-block-list\">\n<li>Defeito real<\/li>\n\n\n\n<li>ou aumento da atividade no sistema<\/li>\n<\/ul>\n\n<hr class=\"wp-block-separator has-alpha-channel-opacity\"\/>\n\n<p>Sem contexto, essas duas situa\u00e7\u00f5es s\u00e3o quase indistingu\u00edveis.<\/p>\n\n<hr class=\"wp-block-separator has-alpha-channel-opacity\"\/>\n\n<h2 class=\"wp-block-heading\">Por que as mudan\u00e7as geralmente ocorrem muito rapidamente<\/h2>\n\n<p>Nossas observa\u00e7\u00f5es pr\u00e1ticas mostram que<\/p>\n\n<p>\u00c0s vezes, os valores podem mudar muito rapidamente &#8211;<br\/>at\u00e9 mesmo em 24 horas.<\/p>\n\n<hr class=\"wp-block-separator has-alpha-channel-opacity\"\/>\n\n<p>Isso ocorre principalmente quando o corpo:<\/p>\n\n<ul class=\"wp-block-list\">\n<li>Processos metab\u00f3licos ativados<\/li>\n\n\n\n<li>Reorganiza\u00e7\u00e3o dos processos<\/li>\n\n\n\n<li>Mudan\u00e7a de prioridades no sistema<\/li>\n<\/ul>\n\n<hr class=\"wp-block-separator has-alpha-channel-opacity\"\/>\n\n<p>O corpo n\u00e3o reage linearmente,<br\/>mas dinamicamente e dependendo da situa\u00e7\u00e3o.<\/p>\n\n<figure class=\"wp-block-image size-full\"><img loading=\"lazy\" decoding=\"async\" width=\"1024\" height=\"416\" src=\"https:\/\/unison.marketing\/wp-content\/uploads\/2026\/03\/Phasenaenderungen.png\" alt=\"\" class=\"wp-image-1628\" srcset=\"https:\/\/unison.marketing\/wp-content\/uploads\/2026\/03\/Phasenaenderungen.png 1024w, https:\/\/unison.marketing\/wp-content\/uploads\/2026\/03\/Phasenaenderungen-300x122.png 300w, https:\/\/unison.marketing\/wp-content\/uploads\/2026\/03\/Phasenaenderungen-768x312.png 768w, https:\/\/unison.marketing\/wp-content\/uploads\/2026\/03\/Phasenaenderungen-624x254.png 624w, https:\/\/unison.marketing\/wp-content\/uploads\/2026\/03\/Phasenaenderungen-600x244.png 600w\" sizes=\"auto, (max-width: 1024px) 100vw, 1024px\" \/><\/figure>\n\n<h2 class=\"wp-block-heading\">O corpo n\u00e3o funciona em uma linha reta,<br\/>mas em processos sobrepostos.<\/h2>\n\n<p>Enquanto um processo principal estiver ativo,<br\/>outros processos podem ser interpostos ao mesmo tempo.<\/p>\n\n<p>Essa din\u00e2mica significa que os valores podem flutuar no curto prazo &#8211;<br\/>embora o sistema seja est\u00e1vel em geral.<\/p>\n\n<h2 class=\"wp-block-heading\">Valores de exemplo de nossa s\u00e9rie de medi\u00e7\u00f5es internas<\/h2>\n\n<p>Os exemplos a seguir mostram dados hist\u00f3ricos reais e an\u00f4nimos de uma pessoa para blocos de constru\u00e7\u00e3o b\u00e1sicos essenciais com medi\u00e7\u00e3o di\u00e1ria.<\/p>\n\n<figure class=\"wp-block-image size-large\"><img loading=\"lazy\" decoding=\"async\" width=\"1024\" height=\"261\" src=\"https:\/\/unison.marketing\/wp-content\/uploads\/2026\/03\/Beispielmessdaten-1024x261.png\" alt=\"\" class=\"wp-image-1646\" srcset=\"https:\/\/unison.marketing\/wp-content\/uploads\/2026\/03\/Beispielmessdaten-1024x261.png 1024w, https:\/\/unison.marketing\/wp-content\/uploads\/2026\/03\/Beispielmessdaten-300x76.png 300w, https:\/\/unison.marketing\/wp-content\/uploads\/2026\/03\/Beispielmessdaten-768x196.png 768w, https:\/\/unison.marketing\/wp-content\/uploads\/2026\/03\/Beispielmessdaten-1536x391.png 1536w, https:\/\/unison.marketing\/wp-content\/uploads\/2026\/03\/Beispielmessdaten-2048x522.png 2048w, https:\/\/unison.marketing\/wp-content\/uploads\/2026\/03\/Beispielmessdaten-624x159.png 624w, https:\/\/unison.marketing\/wp-content\/uploads\/2026\/03\/Beispielmessdaten-600x153.png 600w\" sizes=\"auto, (max-width: 1024px) 100vw, 1024px\" \/><\/figure>\n\n<p>\u00c0 primeira vista, essa apresenta\u00e7\u00e3o parece complexa.<\/p>\n\n<p>O fator decisivo, no entanto, \u00e9 o padr\u00e3o subjacente:<\/p>\n\n<p>Os valores n\u00e3o mudam aleatoriamente,<br\/>mas seguem processos din\u00e2micos no corpo.<\/p>\n\n<hr class=\"wp-block-separator has-alpha-channel-opacity\"\/>\n\n<p>Importante:<\/p>\n\n<p>Apesar das flutua\u00e7\u00f5es, \u00e9 poss\u00edvel reconhecer<br\/>que essas mudan\u00e7as fazem parte de processos principais abrangentes,<br\/>que se alternam e se influenciam mutuamente.<\/p>\n\n<hr class=\"wp-block-separator has-alpha-channel-opacity\"\/>\n\n<p>\u00c9 exatamente essa intera\u00e7\u00e3o que explicaremos passo a passo nas p\u00e1ginas a seguir<br\/>usando exemplos espec\u00edficos.<\/p>\n\n<hr class=\"wp-block-separator has-alpha-channel-opacity\"\/>\n\n<h2 class=\"wp-block-heading\">O que isso significa para a avalia\u00e7\u00e3o?<\/h2>\n\n<p>Um \u00fanico valor pode ser facilmente mal interpretado.<\/p>\n\n<hr class=\"wp-block-separator has-alpha-channel-opacity\"\/>\n\n<p>Isso s\u00f3 se torna compreens\u00edvel no contexto:<\/p>\n\n<ul class=\"wp-block-list\">\n<li>Curso de tempo<\/li>\n\n\n\n<li>Status atual<\/li>\n\n\n\n<li>Contexto geral<\/li>\n<\/ul>\n\n<hr class=\"wp-block-separator has-alpha-channel-opacity\"\/>\n\n<h2 class=\"wp-block-heading\">\u00c9 exatamente a\u00ed que entra o pr\u00f3ximo n\u00edvel<\/h2>\n\n<p>Se o corpo funciona de forma din\u00e2mica,<br\/>a an\u00e1lise tamb\u00e9m deve tornar essa din\u00e2mica vis\u00edvel.<\/p>\n\n<hr class=\"wp-block-separator has-alpha-channel-opacity\"\/>\n\n<p>Portanto, a quest\u00e3o crucial \u00e9:<\/p>\n\n<blockquote class=\"wp-block-quote is-layout-flow wp-block-quote-is-layout-flow\">\n<p>Em que fase o corpo est\u00e1 atualmente?<\/p>\n<\/blockquote>\n\n<hr class=\"wp-block-separator has-alpha-channel-opacity\"\/>\n\n<p>Continuando:<\/p>\n<div class=\"wp-block-buttons\"><div class=\"wp-block-button\"><a href=\"https:\/\/unison.marketing\/pt-br\/logica-da-fase-corporal\/\" class=\"wp-block-button__link wp-element-button\">K\u00f6rperphasenlogik<\/a><\/div><\/div>\n\n<hr class=\"wp-block-separator has-alpha-channel-opacity\"\/>\n\n<p>Voc\u00ea gostaria de entender como seu corpo est\u00e1 funcionando atualmente?<\/p>\n\n<p>Nossa an\u00e1lise n\u00e3o mostra apenas valores individuais &#8211;<br\/>&#8211; mas tamb\u00e9m o estado atual do seu corpo.<\/p>\n\n\n<div class=\"wp-block-buttons is-content-justification-left is-layout-flex wp-container-core-buttons-is-layout-fdcfc74e wp-block-buttons-is-layout-flex\">\n  <div class=\"wp-block-button is-style-outline\"><a href=\"https:\/\/unison.marketing\/pt-br\/treinadores-em-todo-o-mundo\/\" class=\"wp-block-button__link has-white-color has-text-color has-background has-link-color has-medium-font-size has-custom-font-size wp-element-button\" style=\"background-color:#d11140\" onclick=\"return redirectToCoach(event);\">contato com coach<\/a><\/div>\n\n<\/div>\n\n\n<br\/>\n\n<figure class=\"wp-block-image size-large\"><img loading=\"lazy\" decoding=\"async\" width=\"1024\" height=\"683\" src=\"https:\/\/unison.marketing\/wp-content\/uploads\/2025\/07\/Paar-mit-Ausmessgeraet--1024x683.jpg\" alt=\"\" class=\"wp-image-791\" srcset=\"https:\/\/unison.marketing\/wp-content\/uploads\/2025\/07\/Paar-mit-Ausmessgeraet--1024x683.jpg 1024w, https:\/\/unison.marketing\/wp-content\/uploads\/2025\/07\/Paar-mit-Ausmessgeraet--scaled-600x400.jpg 600w, https:\/\/unison.marketing\/wp-content\/uploads\/2025\/07\/Paar-mit-Ausmessgeraet--300x200.jpg 300w, https:\/\/unison.marketing\/wp-content\/uploads\/2025\/07\/Paar-mit-Ausmessgeraet--768x512.jpg 768w, https:\/\/unison.marketing\/wp-content\/uploads\/2025\/07\/Paar-mit-Ausmessgeraet--1536x1024.jpg 1536w, https:\/\/unison.marketing\/wp-content\/uploads\/2025\/07\/Paar-mit-Ausmessgeraet--2048x1365.jpg 2048w, https:\/\/unison.marketing\/wp-content\/uploads\/2025\/07\/Paar-mit-Ausmessgeraet--624x416.jpg 624w\" sizes=\"auto, (max-width: 1024px) 100vw, 1024px\" \/><\/figure>\n\n<p>\u00a9 2026 UNISON.health<br\/>O modelo de implanta\u00e7\u00e3o din\u00e2mica mostrado e a l\u00f3gica da fase do corpo do UNISON.health s\u00e3o propriedade intelectual do UNISON.health.<br\/>O uso, a reprodu\u00e7\u00e3o ou a distribui\u00e7\u00e3o &#8211; mesmo que parcial &#8211; somente com autoriza\u00e7\u00e3o por escrito.<\/p>\n","protected":false},"excerpt":{"rendered":"<p>E por que isso muitas vezes \u00e9 completamente incompreendido Um fen\u00f4meno conhecido por muitos Muitas pessoas apresentam os seguintes sintomas: E muitas vezes surge a&hellip;<\/p>\n","protected":false},"author":1,"featured_media":0,"parent":0,"menu_order":0,"comment_status":"closed","ping_status":"closed","template":"","meta":{"footnotes":""},"class_list":["post-1815","page","type-page","status-publish","hentry"],"_links":{"self":[{"href":"https:\/\/unison.marketing\/pt-br\/wp-json\/wp\/v2\/pages\/1815","targetHints":{"allow":["GET"]}}],"collection":[{"href":"https:\/\/unison.marketing\/pt-br\/wp-json\/wp\/v2\/pages"}],"about":[{"href":"https:\/\/unison.marketing\/pt-br\/wp-json\/wp\/v2\/types\/page"}],"author":[{"embeddable":true,"href":"https:\/\/unison.marketing\/pt-br\/wp-json\/wp\/v2\/users\/1"}],"replies":[{"embeddable":true,"href":"https:\/\/unison.marketing\/pt-br\/wp-json\/wp\/v2\/comments?post=1815"}],"version-history":[{"count":3,"href":"https:\/\/unison.marketing\/pt-br\/wp-json\/wp\/v2\/pages\/1815\/revisions"}],"predecessor-version":[{"id":1818,"href":"https:\/\/unison.marketing\/pt-br\/wp-json\/wp\/v2\/pages\/1815\/revisions\/1818"}],"wp:attachment":[{"href":"https:\/\/unison.marketing\/pt-br\/wp-json\/wp\/v2\/media?parent=1815"}],"curies":[{"name":"wp","href":"https:\/\/api.w.org\/{rel}","templated":true}]}}